{"id":745567,"date":"2025-03-03T20:23:38","date_gmt":"2025-03-03T19:23:38","guid":{"rendered":"https:\/\/stoic-curie.212-227-153-4.plesk.page\/producto\/indukcijski-stednjak-dometic-1-plamenik\/"},"modified":"2026-02-25T00:01:25","modified_gmt":"2026-02-25T00:01:25","slug":"indukcijski-stednjak-dometic-1-plamenik","status":"publish","type":"product","link":"https:\/\/stoic-curie.212-227-153-4.plesk.page\/hr\/product\/indukcijski-stednjak-dometic-1-plamenik\/","title":{"rendered":"Indukcijski \u0161tednjak Dometic CVI 1350"},"content":{"rendered":"<p>Indukcijski \u0161tednjak Dometic CVI 1350 &#8211; <\/p>\n<p style=\"color: rgb(34, 34, 34); font-family: Arial, Helvetica, sans-serif; font-size: small;\">DOMETIC CVI 1350 Jedna Indukcijska Plo\u010da je elegantna indukcijska kuhala s jednom zonom, savr\u0161ena za brzu i jednostavnu pripremu obroka, bilo da ste na kampovanju ili na brodu. Plo\u010da se ponosi modernom staklenom povr\u0161inom koja se lako \u010disti i senzorom na dodir za precizno pode\u0161avanje topline. U skladu s konceptom Dometic Cooking Vision, ova plo\u010da mo\u017ee se spojiti s odgovaraju\u0107im sudoperom ili zamijeniti plinocu s jednim plamenikom istih dimenzija, 350 x 350 mm.<\/p>\n<p style=\"color: rgb(34, 34, 34); font-family: Arial, Helvetica, sans-serif; font-size: small;\">Ova napredna Dometic 220V ugradna kerami\u010dka indukcijska plo\u010da omogu\u0107uje dodirno upravljanje i nudi 9 razli\u010ditih razina pode\u0161avanja topline. Dolazi s kaljenim staklenim poklopcem koji mo\u017ee poslu\u017eiti i kao dodatna radna povr\u0161ina kada je zatvoren. Dizajn je osmi\u0161ljen kako bi se sprije\u010dilo preoptere\u0107enje napajanja ili elektri\u010dnog sustava. Specifikacije snage su sljede\u0107e:<\/p>\n<ul style=\"color: rgb(34, 34, 34); font-family: Arial, Helvetica, sans-serif; font-size: small;\">\n<li>1-Pla\u010da: 2300W, 10A<\/li>\n<\/ul>\n<p style=\"color: rgb(34, 34, 34); font-family: Arial, Helvetica, sans-serif; font-size: small;\">U skladu s odr\u017eivim ciljevima Dometic, ove indukcijske plo\u010de dizajnirane su da udovoljavaju granicama snage od 10 A \/ 2300 W koje se obi\u010dno nalaze na kampovima i u rekreacijskim vozilima. To osigurava sigurnu upotrebu bez optere\u0107enja elektri\u010dnog sustava. Za ve\u0107u neovisnost, tako\u0111er se mogu napajati solarnih panela u kombinaciji s litijskim baterijama.<\/p>\n<p style=\"color: rgb(34, 34, 34); font-family: Arial, Helvetica, sans-serif; font-size: small;\">Zna\u010dajke sigurnosti uklju\u010duju zaklju\u010davanje za djecu kako bi se sprije\u010dile nesre\u0107e, timer, za\u0161titu od prekomjerne temperature, detekciju neprikladnih predmeta i automatski mjera\u010d vremena za isklju\u010divanje.<\/p>\n<p style=\"color: rgb(34, 34, 34); font-family: Arial, Helvetica, sans-serif; font-size: small;\"><strong>Klju\u010dne Zna\u010dajke DOMETIC CVI 1350 Jedne Indukcijske Plo\u010de:<\/strong><\/p>\n<ul style=\"color: rgb(34, 34, 34); font-family: Arial, Helvetica, sans-serif; font-size: small;\">\n<li>Plo\u010da s jednom zonom koja koristi naprednu indukcijsku tehnologiju<\/li>\n<li>Besprijekorno se uklapa s ostalim Dometic Cooking Vision proizvodima<\/li>\n<li>Napon\/Frekvencija: 220 &#8211; 240V\/50Hz<\/li>\n<li>Ukupna snaga: 2300W<\/li>\n<li>Jednostavno reguliranje topline s 9 razli\u010ditih postavki temperature<\/li>\n<li>Promjer kuhanja: 180 mm<\/li>\n<li>Boja: Nehr\u0111aju\u0107i \u010delik i crna<\/li>\n<li>Otpornost na vibracije testirana u skladu s normama za kamp-prikolice<\/li>\n<li>Dizajnirana za zadovoljenje ograni\u010denja 10A \/ 2300 W u kampovima i rekreacijskim vozilima<\/li>\n<li>Uklju\u010duje automatsko isklju\u010divanje vi\u0161ak snage za brzo zagrijavanje<\/li>\n<li>Prikladna za ugradnju u unutarnjim dnevnim prostorima na brodovima, nije namijenjena za upotrebu na otvorenim palubama<\/li>\n<\/ul>\n<p style=\"color: rgb(34, 34, 34); font-family: Arial, Helvetica, sans-serif; font-size: small;\"><strong>Brend:<\/strong> Dometic<\/p>\n<p style=\"color: rgb(34, 34, 34); font-family: Arial, Helvetica, sans-serif; font-size: small;\"><strong>Te\u017eina:<\/strong><\/p>\n<ul style=\"color: rgb(34, 34, 34); font-family: Arial, Helvetica, sans-serif; font-size: small;\">\n<li>Neto: 5 kg<\/li>\n<li>Bruto: 5.8 kg<\/li>\n<\/ul>\n<p style=\"color: rgb(34, 34, 34); font-family: Arial, Helvetica, sans-serif; font-size: small;\"><strong>Test Mark:<\/strong> CE UK CA<\/p>\n<p style=\"color: rgb(34, 34, 34); font-family: Arial, Helvetica, sans-serif; font-size: small;\"><strong>\u0160ifra proizvoda:<\/strong> 9600050570<\/p>\n<p style=\"color: rgb(34, 34, 34); font-family: Arial, Helvetica, sans-serif; font-size: small;\"><strong>Dimenzije:<\/strong><\/p>\n<ul style=\"color: rgb(34, 34, 34); font-family: Arial, Helvetica, sans-serif; font-size: small;\">\n<li>(\u0160 x V x D) 350 x 55 x 350 mm<\/li>\n<\/ul>\n<p style=\"color: rgb(34, 34, 34); font-family: Arial, Helvetica, sans-serif; font-size: small;\"><strong>Boja:<\/strong> Nehr\u0111aju\u0107i \u010delik i crna<\/p>\n<p style=\"color: rgb(34, 34, 34); font-family: Arial, Helvetica, sans-serif; font-size: small;\"><strong>Zona kuhanja:<\/strong> Jedna<\/p>\n<p style=\"color: rgb(34, 34, 34); font-family: Arial, Helvetica, sans-serif; font-size: small;\"><strong>Snaga kuhne plo\u010de:<\/strong> 2.3 kW<\/p>\n<p style=\"color: rgb(34, 34, 34); font-family: Arial, Helvetica, sans-serif; font-size: small;\"><strong>Ugradnja:<\/strong><\/p>\n<ul style=\"color: rgb(34, 34, 34); font-family: Arial, Helvetica, sans-serif; font-size: small;\">\n<li>Dubina rezanja: 330 mm<\/li>\n<li>Visina rezanja: 100 mm<\/li>\n<li>\u0160irina rezanja: 330 mm<\/li>\n<\/ul>\n<p style=\"color: rgb(34, 34, 34); font-family: Arial, Helvetica, sans-serif; font-size: small;\"><strong>Promjer zone kuhanja:<\/strong> 180 mm<\/p>\n","protected":false},"excerpt":{"rendered":"<p>Indukcijski \u0161tednjak Dometic CVI 1350 &#8211; DOMETIC CVI 1350 Jedna Indukcijska Plo\u010da je elegantna indukcijska kuhala s jednom zonom, savr\u0161ena<\/p>\n","protected":false},"featured_media":5948945,"comment_status":"open","ping_status":"closed","template":"","meta":[],"product_brand":[2896],"product_cat":[1641],"product_tag":[],"class_list":{"0":"post-745567","1":"product","2":"type-product","3":"status-publish","4":"has-post-thumbnail","6":"product_brand-dometic-hr","7":"product_cat-brodski-stednjaci","9":"first","10":"instock","11":"shipping-taxable","12":"purchasable","13":"product-type-simple"},"_links":{"self":[{"href":"https:\/\/stoic-curie.212-227-153-4.plesk.page\/hr\/wp-json\/wp\/v2\/product\/745567","targetHints":{"allow":["GET"]}}],"collection":[{"href":"https:\/\/stoic-curie.212-227-153-4.plesk.page\/hr\/wp-json\/wp\/v2\/product"}],"about":[{"href":"https:\/\/stoic-curie.212-227-153-4.plesk.page\/hr\/wp-json\/wp\/v2\/types\/product"}],"replies":[{"embeddable":true,"href":"https:\/\/stoic-curie.212-227-153-4.plesk.page\/hr\/wp-json\/wp\/v2\/comments?post=745567"}],"version-history":[{"count":0,"href":"https:\/\/stoic-curie.212-227-153-4.plesk.page\/hr\/wp-json\/wp\/v2\/product\/745567\/revisions"}],"wp:featuredmedia":[{"embeddable":true,"href":"https:\/\/stoic-curie.212-227-153-4.plesk.page\/hr\/wp-json\/wp\/v2\/media\/5948945"}],"wp:attachment":[{"href":"https:\/\/stoic-curie.212-227-153-4.plesk.page\/hr\/wp-json\/wp\/v2\/media?parent=745567"}],"wp:term":[{"taxonomy":"product_brand","embeddable":true,"href":"https:\/\/stoic-curie.212-227-153-4.plesk.page\/hr\/wp-json\/wp\/v2\/product_brand?post=745567"},{"taxonomy":"product_cat","embeddable":true,"href":"https:\/\/stoic-curie.212-227-153-4.plesk.page\/hr\/wp-json\/wp\/v2\/product_cat?post=745567"},{"taxonomy":"product_tag","embeddable":true,"href":"https:\/\/stoic-curie.212-227-153-4.plesk.page\/hr\/wp-json\/wp\/v2\/product_tag?post=745567"}],"curies":[{"name":"wp","href":"https:\/\/api.w.org\/{rel}","templated":true}]}}