{"id":745571,"date":"2025-03-03T20:23:40","date_gmt":"2025-03-03T19:23:40","guid":{"rendered":"https:\/\/stoic-curie.212-227-153-4.plesk.page\/producto\/vrtuljak-olympic-od-nehrdajuceg-celika-za-lanac-od-6-8-mm\/"},"modified":"2026-02-25T00:01:25","modified_gmt":"2026-02-25T00:01:25","slug":"vrtuljak-olympic-od-nehrdajuceg-celika-za-lanac-od-6-8-mm","status":"publish","type":"product","link":"https:\/\/stoic-curie.212-227-153-4.plesk.page\/hr\/product\/vrtuljak-olympic-od-nehrdajuceg-celika-za-lanac-od-6-8-mm\/","title":{"rendered":"Vrtuljak Olympic od nehr\u0111aju\u0107eg \u010delika za lanac od 6-8 mm"},"content":{"rendered":"<p>Vrtuljak Olympic od nehr\u0111aju\u0107eg \u010delika za lanac od 6-8 mm &#8211; <\/p>\n<p>Brzina Olimpijski sidreni okretni zglob je izuzetno va\u017ean komad koji povezuje va\u0161e olimpijsko sidro s lanacem. Osmi\u0161ljen je kako bi sprije\u010dio uvijanje lanca i olak\u0161ao podizanje sidra jer ostaje poravnat dok ga vra\u0107ate natrag. Izra\u0111en od AISI 630 nehr\u0111aju\u0107eg \u010delika, ovaj okretni zglob je otporan na maritime koroziju i iznimno jak.<\/p>\n<p>Evo nekih zanimljivih zna\u010dajki Brzina Olimpijskog sidrenog okretnog zgloba:<\/p>\n<p>Bez vi\u0161e uvijanja lanca:<br \/>Ovaj okretni zglob omogu\u0107ava sidru da se slobodno okre\u0107e, \u0161to zna\u010dajno smanjuje \u0161anse da se lanac zaglavi i uzrokuje o\u0161te\u0107enje.<\/p>\n<p>Jednostavno izvla\u010denje:<br \/>Kada ga koristite s okomicom olimpijskog sidra, okretni zglob osigurava da sidro bude na pravom mjestu za podizanje, posebno ako koristite prednju valjak.<\/p>\n<p>Automatska preokretnost:<br \/>Dizajn olimpijskog okretnog zgloba i sidrenog sustava ima ovu prakti\u010dnu automatsku preokretnu funkciju koja poma\u017ee sidru da zauzme pravi polo\u017eaj za jednostavno preuzimanje.<\/p>\n<p>Vrhunski materijali:<br \/>Izra\u0111en od AISI 630 nehr\u0111aju\u0107eg \u010delika, ovaj okretni zglob je poznat po otpornosti na maritime koroziju i iznimnoj trajnosti, \u010dine\u0107i ga savr\u0161enim za vodu.<\/p>\n<p>Jednostavna instalacija:<br \/>Osmi\u0161ljen je za jednostavno postavljanje i mo\u017ee se zamjeniti s razli\u010ditim vrstama sidara bez pote\u0161ko\u0107a.<\/p>\n<p>Lijep izgled:<br \/>Okretni zglob ima polirani zavr\u0161etak koji ne samo da smanjuje trenje, ve\u0107 i izgleda sjajno!<\/p>\n","protected":false},"excerpt":{"rendered":"<p>Vrtuljak Olympic od nehr\u0111aju\u0107eg \u010delika za lanac od 6-8 mm &#8211; Brzina Olimpijski sidreni okretni zglob je izuzetno va\u017ean komad<\/p>\n","protected":false},"featured_media":5948958,"comment_status":"open","ping_status":"closed","template":"","meta":[],"product_brand":[3281],"product_cat":[1865],"product_tag":[],"class_list":{"0":"post-745571","1":"product","2":"type-product","3":"status-publish","4":"has-post-thumbnail","6":"product_brand-quick-hr","7":"product_cat-vrtuljci-za-sidra","9":"first","10":"instock","11":"shipping-taxable","12":"purchasable","13":"product-type-simple"},"_links":{"self":[{"href":"https:\/\/stoic-curie.212-227-153-4.plesk.page\/hr\/wp-json\/wp\/v2\/product\/745571","targetHints":{"allow":["GET"]}}],"collection":[{"href":"https:\/\/stoic-curie.212-227-153-4.plesk.page\/hr\/wp-json\/wp\/v2\/product"}],"about":[{"href":"https:\/\/stoic-curie.212-227-153-4.plesk.page\/hr\/wp-json\/wp\/v2\/types\/product"}],"replies":[{"embeddable":true,"href":"https:\/\/stoic-curie.212-227-153-4.plesk.page\/hr\/wp-json\/wp\/v2\/comments?post=745571"}],"version-history":[{"count":0,"href":"https:\/\/stoic-curie.212-227-153-4.plesk.page\/hr\/wp-json\/wp\/v2\/product\/745571\/revisions"}],"wp:featuredmedia":[{"embeddable":true,"href":"https:\/\/stoic-curie.212-227-153-4.plesk.page\/hr\/wp-json\/wp\/v2\/media\/5948958"}],"wp:attachment":[{"href":"https:\/\/stoic-curie.212-227-153-4.plesk.page\/hr\/wp-json\/wp\/v2\/media?parent=745571"}],"wp:term":[{"taxonomy":"product_brand","embeddable":true,"href":"https:\/\/stoic-curie.212-227-153-4.plesk.page\/hr\/wp-json\/wp\/v2\/product_brand?post=745571"},{"taxonomy":"product_cat","embeddable":true,"href":"https:\/\/stoic-curie.212-227-153-4.plesk.page\/hr\/wp-json\/wp\/v2\/product_cat?post=745571"},{"taxonomy":"product_tag","embeddable":true,"href":"https:\/\/stoic-curie.212-227-153-4.plesk.page\/hr\/wp-json\/wp\/v2\/product_tag?post=745571"}],"curies":[{"name":"wp","href":"https:\/\/api.w.org\/{rel}","templated":true}]}}