{"id":745572,"date":"2025-03-03T20:23:40","date_gmt":"2025-03-03T19:23:40","guid":{"rendered":"https:\/\/stoic-curie.212-227-153-4.plesk.page\/producto\/vrtuljak-olympic-od-nehrdajuceg-celika-za-lanac-od-8-10-mm\/"},"modified":"2026-02-25T00:01:25","modified_gmt":"2026-02-25T00:01:25","slug":"vrtuljak-olympic-od-nehrdajuceg-celika-za-lanac-od-8-10-mm","status":"publish","type":"product","link":"https:\/\/stoic-curie.212-227-153-4.plesk.page\/hr\/product\/vrtuljak-olympic-od-nehrdajuceg-celika-za-lanac-od-8-10-mm\/","title":{"rendered":"Vrtuljak Olympic od nehr\u0111aju\u0107eg \u010delika za lanac od 8-10 mm"},"content":{"rendered":"<p>Vrtuljak Olympic od nehr\u0111aju\u0107eg \u010delika za lanac od 8-10 mm &#8211; <\/p>\n<p>Quick Olympic rotiraju\u0107i spojnik je bitna veza koja povezuje olimpijsku sidru s lancem. Njegov dizajn je pa\u017eljivo osmi\u0161ljen kako bi se sprije\u010dilo uvijanje lanca i olak\u0161ala povratak sidra osiguravaju\u0107i da ostane pravilno poravnato tijekom povla\u010denja. Izra\u0111en od AISI 630 nehr\u0111aju\u0107eg \u010delika, ovaj spojnik se visoko cijeni zbog svoje izvanredne otpornosti na morsku koroziju i izvanredne snage.<\/p>\n<p>Klju\u010dne zna\u010dajke Quick Olympic rotiraju\u0107eg spojnika uklju\u010duju:<\/p>\n<p>Spre\u010davanje uvijanja lanca:<br \/>Rotiraju\u0107i spojnik omogu\u0107uje sidru da slobodno rotira, zna\u010dajno smanjuju\u0107i rizik od uvijanja lanca koje bi mogli prouzro\u010diti o\u0161te\u0107enje.<\/p>\n<p>Jednostavnost povratka:<br \/>Kada se koristi s okomicom olimpijske sidre, spojnik osigurava da sidro bude optimalno postavljeno za povratak, posebno kada se koristi roler na pramcu.<\/p>\n<p>Automatska prevrtnost:<br \/>Dizajn olimpijskog spojnika i sustava sidre uklju\u010duje automatsku prevrtnu funkciju, koja poma\u017ee sidri da se pravilno pozicionira za jednostavno povla\u010denje.<\/p>\n<p>Kvalitetni materijali:<br \/>Izra\u0111en od AISI 630 nehr\u0111aju\u0107eg \u010delika, spojnik je prepoznat po svojoj otpornosti na morsku koroziju i trajnosti, \u0161to ga \u010dini idealnim za morsku primjenu.<\/p>\n<p>Jednostavna instalacija:<br \/>Rotiraju\u0107i spojnik je dizajniran za jednostavnu instalaciju i mo\u017ee se lako zamijeniti s raznim postoje\u0107im vrstama sidara.<\/p>\n<p>Privla\u010dan zavr\u0161etak:<br \/>Rotiraju\u0107i spojnik ima polirani zavr\u0161etak, koji ne samo da smanjuje trenje nego i pobolj\u0161ava njegov estetski dojam.<\/p>\n","protected":false},"excerpt":{"rendered":"<p>Vrtuljak Olympic od nehr\u0111aju\u0107eg \u010delika za lanac od 8-10 mm &#8211; Quick Olympic rotiraju\u0107i spojnik je bitna veza koja povezuje<\/p>\n","protected":false},"featured_media":5948958,"comment_status":"open","ping_status":"closed","template":"","meta":[],"product_brand":[3281],"product_cat":[1865],"product_tag":[],"class_list":{"0":"post-745572","1":"product","2":"type-product","3":"status-publish","4":"has-post-thumbnail","6":"product_brand-quick-hr","7":"product_cat-vrtuljci-za-sidra","9":"first","10":"instock","11":"shipping-taxable","12":"purchasable","13":"product-type-simple"},"_links":{"self":[{"href":"https:\/\/stoic-curie.212-227-153-4.plesk.page\/hr\/wp-json\/wp\/v2\/product\/745572","targetHints":{"allow":["GET"]}}],"collection":[{"href":"https:\/\/stoic-curie.212-227-153-4.plesk.page\/hr\/wp-json\/wp\/v2\/product"}],"about":[{"href":"https:\/\/stoic-curie.212-227-153-4.plesk.page\/hr\/wp-json\/wp\/v2\/types\/product"}],"replies":[{"embeddable":true,"href":"https:\/\/stoic-curie.212-227-153-4.plesk.page\/hr\/wp-json\/wp\/v2\/comments?post=745572"}],"version-history":[{"count":0,"href":"https:\/\/stoic-curie.212-227-153-4.plesk.page\/hr\/wp-json\/wp\/v2\/product\/745572\/revisions"}],"wp:featuredmedia":[{"embeddable":true,"href":"https:\/\/stoic-curie.212-227-153-4.plesk.page\/hr\/wp-json\/wp\/v2\/media\/5948958"}],"wp:attachment":[{"href":"https:\/\/stoic-curie.212-227-153-4.plesk.page\/hr\/wp-json\/wp\/v2\/media?parent=745572"}],"wp:term":[{"taxonomy":"product_brand","embeddable":true,"href":"https:\/\/stoic-curie.212-227-153-4.plesk.page\/hr\/wp-json\/wp\/v2\/product_brand?post=745572"},{"taxonomy":"product_cat","embeddable":true,"href":"https:\/\/stoic-curie.212-227-153-4.plesk.page\/hr\/wp-json\/wp\/v2\/product_cat?post=745572"},{"taxonomy":"product_tag","embeddable":true,"href":"https:\/\/stoic-curie.212-227-153-4.plesk.page\/hr\/wp-json\/wp\/v2\/product_tag?post=745572"}],"curies":[{"name":"wp","href":"https:\/\/api.w.org\/{rel}","templated":true}]}}