{"id":745573,"date":"2025-03-03T20:23:40","date_gmt":"2025-03-03T19:23:40","guid":{"rendered":"https:\/\/stoic-curie.212-227-153-4.plesk.page\/producto\/vrtuljak-olympic-od-nehrdajuceg-celika-za-lanac-od-10-13-mm\/"},"modified":"2026-02-25T00:01:25","modified_gmt":"2026-02-25T00:01:25","slug":"vrtuljak-olympic-od-nehrdajuceg-celika-za-lanac-od-10-13-mm","status":"publish","type":"product","link":"https:\/\/stoic-curie.212-227-153-4.plesk.page\/hr\/product\/vrtuljak-olympic-od-nehrdajuceg-celika-za-lanac-od-10-13-mm\/","title":{"rendered":"Vrtuljak Olympic od nehr\u0111aju\u0107eg \u010delika za lanac od 10-13 mm"},"content":{"rendered":"<p>Vrtuljak Olympic od nehr\u0111aju\u0107eg \u010delika za lanac od 10-13 mm &#8211; <\/p>\n<p>Quick Olympic sidro s okrenutom spojem slu\u017ei kao bitna veza koja povezuje olimpijsko sidro s lancem. Njegov dizajn pa\u017eljivo je izra\u0111en kako bi se sprije\u010dilo uvijanje lanca i olak\u0161alo va\u0111enje sidra osiguravaju\u0107i pravilno poravnavanje tijekom povla\u010denja. Izra\u0111en od AISI 630 nehr\u0111aju\u0107eg \u010delika, ovaj spojnik cijenjen je zbog svoje izvanredne otpornosti na morsku koroziju i impresivne \u010dvrsto\u0107e.<\/p>\n<p>Glavne zna\u010dajke Quick Olympic sidra s okrenutim spojem uklju\u010duju:<\/p>\n<p>Spre\u010davanje uvijanja lanca:<br \/>Ovaj spojnik omogu\u0107ava slobodno okretanje sidra, zna\u010dajno smanjuju\u0107i mogu\u0107nost uvijanja lanca koje bi moglo dovesti do o\u0161te\u0107enja.<\/p>\n<p>Lako\u0107a va\u0111enja:<br \/>Kada se koristi s okomitim dijelom olimpijskog sidra, spojnik osigurava idealnu poziciju sidra za va\u0111enje, posebno prilikom kori\u0161tenja rolne na pramcu.<\/p>\n<p>Automatsko preokretanje:<br \/>Dizajn olimpijskog spojnika i sidrenog sustava uklju\u010duje automatsku funkciju preokretanja, koja poma\u017ee da sidro zauzme pravilnu poziciju za lako va\u0111enje.<\/p>\n<p>Visokokvalitetni materijali:<br \/>Izra\u0111en od AISI 630 nehr\u0111aju\u0107eg \u010delika, spojnik je poznat po svojoj otpornosti na morsku koroziju i trajnosti, \u0161to ga \u010dini savr\u0161enim za pomorsku upotrebu.<\/p>\n<p>Jednostavna instalacija:<br \/>Ovaj spojnik dizajniran je za jednostavnu instalaciju i mo\u017ee se lako zamijeniti s raznim postoje\u0107im vrstama sidara.<\/p>\n<p>Privla\u010dan zavr\u0161ni premaz:<br \/>Spojnik ima polirani zavr\u0161etak, koji ne samo da smanjuje trenje nego i pobolj\u0161ava njegov vizualni dojam.<\/p>\n","protected":false},"excerpt":{"rendered":"<p>Vrtuljak Olympic od nehr\u0111aju\u0107eg \u010delika za lanac od 10-13 mm &#8211; Quick Olympic sidro s okrenutom spojem slu\u017ei kao bitna<\/p>\n","protected":false},"featured_media":5948958,"comment_status":"open","ping_status":"closed","template":"","meta":[],"product_brand":[3281],"product_cat":[1865],"product_tag":[],"class_list":{"0":"post-745573","1":"product","2":"type-product","3":"status-publish","4":"has-post-thumbnail","6":"product_brand-quick-hr","7":"product_cat-vrtuljci-za-sidra","9":"first","10":"instock","11":"shipping-taxable","12":"purchasable","13":"product-type-simple"},"_links":{"self":[{"href":"https:\/\/stoic-curie.212-227-153-4.plesk.page\/hr\/wp-json\/wp\/v2\/product\/745573","targetHints":{"allow":["GET"]}}],"collection":[{"href":"https:\/\/stoic-curie.212-227-153-4.plesk.page\/hr\/wp-json\/wp\/v2\/product"}],"about":[{"href":"https:\/\/stoic-curie.212-227-153-4.plesk.page\/hr\/wp-json\/wp\/v2\/types\/product"}],"replies":[{"embeddable":true,"href":"https:\/\/stoic-curie.212-227-153-4.plesk.page\/hr\/wp-json\/wp\/v2\/comments?post=745573"}],"version-history":[{"count":0,"href":"https:\/\/stoic-curie.212-227-153-4.plesk.page\/hr\/wp-json\/wp\/v2\/product\/745573\/revisions"}],"wp:featuredmedia":[{"embeddable":true,"href":"https:\/\/stoic-curie.212-227-153-4.plesk.page\/hr\/wp-json\/wp\/v2\/media\/5948958"}],"wp:attachment":[{"href":"https:\/\/stoic-curie.212-227-153-4.plesk.page\/hr\/wp-json\/wp\/v2\/media?parent=745573"}],"wp:term":[{"taxonomy":"product_brand","embeddable":true,"href":"https:\/\/stoic-curie.212-227-153-4.plesk.page\/hr\/wp-json\/wp\/v2\/product_brand?post=745573"},{"taxonomy":"product_cat","embeddable":true,"href":"https:\/\/stoic-curie.212-227-153-4.plesk.page\/hr\/wp-json\/wp\/v2\/product_cat?post=745573"},{"taxonomy":"product_tag","embeddable":true,"href":"https:\/\/stoic-curie.212-227-153-4.plesk.page\/hr\/wp-json\/wp\/v2\/product_tag?post=745573"}],"curies":[{"name":"wp","href":"https:\/\/api.w.org\/{rel}","templated":true}]}}