{"id":745575,"date":"2025-03-03T20:23:41","date_gmt":"2025-03-03T19:23:41","guid":{"rendered":"https:\/\/stoic-curie.212-227-153-4.plesk.page\/producto\/plutajuce-uze-20mm-x-150mt-fluo\/"},"modified":"2026-02-25T00:01:25","modified_gmt":"2026-02-25T00:01:25","slug":"plutajuce-uze-20mm-x-150mt-fluo","status":"publish","type":"product","link":"https:\/\/stoic-curie.212-227-153-4.plesk.page\/hr\/product\/plutajuce-uze-20mm-x-150mt-fluo\/","title":{"rendered":"Plutaju\u0107e u\u017ee 20mm x 150mt Fluo"},"content":{"rendered":"<p>Plutaju\u0107e u\u017ee 20mm x 150mt Fluo &#8211; <\/p>\n<p><span style=\"color: rgb(34, 34, 34); font-family: Arial, Helvetica, sans-serif; font-size: small;\">Ova izuzetno vidljiva fluorescentno \u017euta floating u\u017ee odli\u010dna je opcija za ozna\u010davanje vezova u razli\u010ditim podru\u010djima, uklju\u010duju\u0107i uvale i pristani\u0161ta. Njegova \u017eivopisna boja osigurava jednostavnu vidljivost, \u010dime se pove\u0107ava sigurnost i brodica i ljudi na kopnu. U\u017ee je lagano, ali izuzetno sna\u017eno, \u0161to olak\u0161ava no\u0161enje na obalu kada je to potrebno. Izra\u0111eno od \u010dvrste 16-plo\u010dne pletenice visoko-otpornog polipropilena, ovo u\u017ee je konstruirano da izdr\u017ei izazove pomorskog okru\u017eenja, pru\u017eaju\u0107i pouzdanost i trajnost za sve va\u0161e brodske potrebe.<\/span><\/p>\n","protected":false},"excerpt":{"rendered":"<p>Plutaju\u0107e u\u017ee 20mm x 150mt Fluo &#8211; Ova izuzetno vidljiva fluorescentno \u017euta floating u\u017ee odli\u010dna je opcija za ozna\u010davanje vezova<\/p>\n","protected":false},"featured_media":5948963,"comment_status":"open","ping_status":"closed","template":"","meta":[],"product_brand":[3101],"product_cat":[1621],"product_tag":[],"class_list":{"0":"post-745575","1":"product","2":"type-product","3":"status-publish","4":"has-post-thumbnail","6":"product_brand-marco-benvenuti-hr","7":"product_cat-plutajuci-konop","9":"first","10":"instock","11":"shipping-taxable","12":"purchasable","13":"product-type-simple"},"_links":{"self":[{"href":"https:\/\/stoic-curie.212-227-153-4.plesk.page\/hr\/wp-json\/wp\/v2\/product\/745575","targetHints":{"allow":["GET"]}}],"collection":[{"href":"https:\/\/stoic-curie.212-227-153-4.plesk.page\/hr\/wp-json\/wp\/v2\/product"}],"about":[{"href":"https:\/\/stoic-curie.212-227-153-4.plesk.page\/hr\/wp-json\/wp\/v2\/types\/product"}],"replies":[{"embeddable":true,"href":"https:\/\/stoic-curie.212-227-153-4.plesk.page\/hr\/wp-json\/wp\/v2\/comments?post=745575"}],"version-history":[{"count":0,"href":"https:\/\/stoic-curie.212-227-153-4.plesk.page\/hr\/wp-json\/wp\/v2\/product\/745575\/revisions"}],"wp:featuredmedia":[{"embeddable":true,"href":"https:\/\/stoic-curie.212-227-153-4.plesk.page\/hr\/wp-json\/wp\/v2\/media\/5948963"}],"wp:attachment":[{"href":"https:\/\/stoic-curie.212-227-153-4.plesk.page\/hr\/wp-json\/wp\/v2\/media?parent=745575"}],"wp:term":[{"taxonomy":"product_brand","embeddable":true,"href":"https:\/\/stoic-curie.212-227-153-4.plesk.page\/hr\/wp-json\/wp\/v2\/product_brand?post=745575"},{"taxonomy":"product_cat","embeddable":true,"href":"https:\/\/stoic-curie.212-227-153-4.plesk.page\/hr\/wp-json\/wp\/v2\/product_cat?post=745575"},{"taxonomy":"product_tag","embeddable":true,"href":"https:\/\/stoic-curie.212-227-153-4.plesk.page\/hr\/wp-json\/wp\/v2\/product_tag?post=745575"}],"curies":[{"name":"wp","href":"https:\/\/api.w.org\/{rel}","templated":true}]}}