{"id":745576,"date":"2025-03-03T20:23:41","date_gmt":"2025-03-03T19:23:41","guid":{"rendered":"https:\/\/stoic-curie.212-227-153-4.plesk.page\/producto\/plutajuce-uze-24mm-x-150mt-fluo\/"},"modified":"2026-02-25T00:01:25","modified_gmt":"2026-02-25T00:01:25","slug":"plutajuce-uze-24mm-x-150mt-fluo","status":"publish","type":"product","link":"https:\/\/stoic-curie.212-227-153-4.plesk.page\/hr\/product\/plutajuce-uze-24mm-x-150mt-fluo\/","title":{"rendered":"Plutaju\u0107e u\u017ee 24mm x 150mt Fluo"},"content":{"rendered":"<p>Plutaju\u0107e u\u017ee 24mm x 150mt Fluo &#8211; <\/p>\n<p><span style=\"color: rgb(34, 34, 34); font-family: Arial, Helvetica, sans-serif; font-size: small;\">Ova visokovizibilna fluorescentno \u017euta pluta\u010da je odli\u010dan izbor za signalizaciju vezova na raznim lokacijama, kao \u0161to su uvale i pristani\u0161ta. Njena svijetla boja osigurava da je lako uo\u010diti, \u010dime se pobolj\u0161ava sigurnost i za nauti\u010dare i za one na obali. U\u017ee nije samo lagano, ve\u0107 izuzetno izdr\u017eljivo, \u0161to ga \u010dini prakti\u010dnim za transport do obale kada je potrebno. Izra\u0111eno od \u010dvrste 16-pletene pletenice visoko-izdr\u017eljivog polipropilena, ovo u\u017ee je dizajnirano da izdr\u017ei izazove morskog okru\u017eenja, osiguravaju\u0107i pouzdanost i dugovje\u010dnost za sve va\u0161e nauti\u010dke potrebe.<\/span><\/p>\n","protected":false},"excerpt":{"rendered":"<p>Plutaju\u0107e u\u017ee 24mm x 150mt Fluo &#8211; Ova visokovizibilna fluorescentno \u017euta pluta\u010da je odli\u010dan izbor za signalizaciju vezova na raznim<\/p>\n","protected":false},"featured_media":5948963,"comment_status":"open","ping_status":"closed","template":"","meta":[],"product_brand":[3101],"product_cat":[1621],"product_tag":[],"class_list":{"0":"post-745576","1":"product","2":"type-product","3":"status-publish","4":"has-post-thumbnail","6":"product_brand-marco-benvenuti-hr","7":"product_cat-plutajuci-konop","9":"first","10":"instock","11":"shipping-taxable","12":"purchasable","13":"product-type-simple"},"_links":{"self":[{"href":"https:\/\/stoic-curie.212-227-153-4.plesk.page\/hr\/wp-json\/wp\/v2\/product\/745576","targetHints":{"allow":["GET"]}}],"collection":[{"href":"https:\/\/stoic-curie.212-227-153-4.plesk.page\/hr\/wp-json\/wp\/v2\/product"}],"about":[{"href":"https:\/\/stoic-curie.212-227-153-4.plesk.page\/hr\/wp-json\/wp\/v2\/types\/product"}],"replies":[{"embeddable":true,"href":"https:\/\/stoic-curie.212-227-153-4.plesk.page\/hr\/wp-json\/wp\/v2\/comments?post=745576"}],"version-history":[{"count":0,"href":"https:\/\/stoic-curie.212-227-153-4.plesk.page\/hr\/wp-json\/wp\/v2\/product\/745576\/revisions"}],"wp:featuredmedia":[{"embeddable":true,"href":"https:\/\/stoic-curie.212-227-153-4.plesk.page\/hr\/wp-json\/wp\/v2\/media\/5948963"}],"wp:attachment":[{"href":"https:\/\/stoic-curie.212-227-153-4.plesk.page\/hr\/wp-json\/wp\/v2\/media?parent=745576"}],"wp:term":[{"taxonomy":"product_brand","embeddable":true,"href":"https:\/\/stoic-curie.212-227-153-4.plesk.page\/hr\/wp-json\/wp\/v2\/product_brand?post=745576"},{"taxonomy":"product_cat","embeddable":true,"href":"https:\/\/stoic-curie.212-227-153-4.plesk.page\/hr\/wp-json\/wp\/v2\/product_cat?post=745576"},{"taxonomy":"product_tag","embeddable":true,"href":"https:\/\/stoic-curie.212-227-153-4.plesk.page\/hr\/wp-json\/wp\/v2\/product_tag?post=745576"}],"curies":[{"name":"wp","href":"https:\/\/api.w.org\/{rel}","templated":true}]}}