{"id":745577,"date":"2025-03-03T20:23:41","date_gmt":"2025-03-03T19:23:41","guid":{"rendered":"https:\/\/stoic-curie.212-227-153-4.plesk.page\/producto\/hidraulicni-mostic-smeraldo-200-x-43cm-12v\/"},"modified":"2026-02-25T00:01:25","modified_gmt":"2026-02-25T00:01:25","slug":"hidraulicni-mostic-smeraldo-200-x-43cm-12v","status":"publish","type":"product","link":"https:\/\/stoic-curie.212-227-153-4.plesk.page\/hr\/product\/hidraulicni-mostic-smeraldo-200-x-43cm-12v\/","title":{"rendered":"Hidraulicni mosti\u0107 Smeraldo 200 x 43cm 12v"},"content":{"rendered":"<p>Hidraulicni mosti\u0107 Smeraldo 200 x 43cm 12v &#8211; <\/p>\n<p>Hidrauli\u010dna teleskopska staza s kru\u017enom cijevnom strukturom od poliranog 316L nehr\u0111aju\u0107eg \u010delika. Protuklizna teak povr\u0161ina s LED svjetlima. Kompletan s 800W hidrauli\u010dnom kontrolnom jedinicom i 3\/8 crijevima za sustav od 3,5 metara. Mo\u017ee se upravljati daljinskim upravlja\u010dem i 10-kanalnom \u017ei\u010danom elektroni\u010dkom kontrolnom jedinicom ili s kontrolnim panelom montiranim na zid (127 x 87 mm). Tako\u0111er pogodna za podizanje tendera do 120 kg.<\/p>\n<p style=\"color: rgb(34, 34, 34); font-family: Arial, Helvetica, sans-serif; font-size: small;\"><strong>Hidrauli\u010dna staza Smeraldo 200 x 43cm 12V<\/strong><\/p>\n<p style=\"color: rgb(34, 34, 34); font-family: Arial, Helvetica, sans-serif; font-size: small;\">Sa zadovoljstvom vam predstavljamo na\u0161u teleskopsku hidrauli\u010dnu stazu, pa\u017eljivo dizajniranu s kru\u017enom strukturom od AISI 316 nehr\u0111aju\u0107eg \u010delika s poliranim fini\u0161om. Ova staza uklju\u010duje ograde opremljene automatskim mehanizmom spu\u0161tanja, \u0161to omogu\u0107ava nesmetane prijelaze izme\u0111u lijevih i desnih konfiguracija, a pra\u0107ena je \u010dvrstim teak podom.<\/p>\n<p style=\"color: rgb(34, 34, 34); font-family: Arial, Helvetica, sans-serif; font-size: small;\">Hidrauli\u010dki sustav radi s elektri\u010dnim ventilima i kompatibilan je s napajanjem od 12\/24V, kako je navedeno tijekom procesa naru\u010divanja. Za va\u0161u udobnost dolazi s kontrolnim panelom montiranim na zid i kompaktnim daljinskim upravlja\u010dem. Tako\u0111er imate mogu\u0107nost odabrati standardnu ili prilago\u0111enu prednju plo\u010du u skladu s va\u0161im \u017eeljama.<\/p>\n<p style=\"color: rgb(34, 34, 34); font-family: Arial, Helvetica, sans-serif; font-size: small;\"><strong>Opcionalne zna\u010dajke:<\/strong><\/p>\n<ul style=\"color: rgb(34, 34, 34); font-family: Arial, Helvetica, sans-serif; font-size: small;\">\n<li>Ru\u010dna pumpa<\/li>\n<li>Dodatni prijenosni daljinski upravlja\u010d<\/li>\n<li>Metalna konstrukcija obojana u bijelu RAL 9010<\/li>\n<li>Drveni pod obojen<\/li>\n<li>Svjetla za vo\u0111enje uzdu\u017e<\/li>\n<li>Morski u\u017ead<\/li>\n<li>Metalna pri\u010dvr\u0161\u0107iva\u010da<\/li>\n<\/ul>\n<p style=\"color: rgb(34, 34, 34); font-family: Arial, Helvetica, sans-serif; font-size: small;\"><strong>Specifikacije:<\/strong><\/p>\n<ul style=\"color: rgb(34, 34, 34); font-family: Arial, Helvetica, sans-serif; font-size: small;\">\n<li><strong>Primjena:<\/strong> Dizajniran za jahte<\/li>\n<li><strong>Tip:<\/strong> Teleskopski<\/li>\n<li><strong>Rad:<\/strong> Hidrauli\u010dki<\/li>\n<li><strong>Strukturni materijali:<\/strong> Nehr\u0111aju\u0107i \u010delik<\/li>\n<li><strong>Materijal povr\u0161ine:<\/strong> Teak<\/li>\n<li><strong>Dodatne zna\u010dajke:<\/strong> Uklju\u010duje rukohvate<\/li>\n<\/ul>\n<p style=\"color: rgb(34, 34, 34); font-family: Arial, Helvetica, sans-serif; font-size: small;\"><strong>Maksimalne duljine:<\/strong><\/p>\n<ul style=\"color: rgb(34, 34, 34); font-family: Arial, Helvetica, sans-serif; font-size: small;\">\n<li>2 m (6&#8217;06&#8221;)<\/li>\n<li>2.3 m (7&#8217;06&#8221;)<\/li>\n<li>2.7 m (8&#8217;10&#8221;)<\/li>\n<li>3 m (9&#8217;10&#8221;)<\/li>\n<\/ul>\n<p style=\"color: rgb(34, 34, 34); font-family: Arial, Helvetica, sans-serif; font-size: small;\"><strong>Maksimalna nosivost:<\/strong><\/p>\n<ul style=\"color: rgb(34, 34, 34); font-family: Arial, Helvetica, sans-serif; font-size: small;\">\n<li>150 kg (331 lb)<\/li>\n<li>200 kg (441 lb)<\/li>\n<\/ul>\n<p style=\"color: rgb(34, 34, 34); font-family: Arial, Helvetica, sans-serif; font-size: small;\">Ova teleskopska hidrauli\u010dna staza besprijekorno spaja funkcionalnost i eleganciju, \u010dine\u0107i je neizostavnim dodatkom va\u0161em iskustvu plovidbe.<\/p>\n","protected":false},"excerpt":{"rendered":"<p>Hidraulicni mosti\u0107 Smeraldo 200 x 43cm 12v &#8211; Hidrauli\u010dna teleskopska staza s kru\u017enom cijevnom strukturom od poliranog 316L nehr\u0111aju\u0107eg \u010delika.<\/p>\n","protected":false},"featured_media":5948965,"comment_status":"open","ping_status":"closed","template":"","meta":[],"product_brand":[3491],"product_cat":[1612],"product_tag":[],"class_list":{"0":"post-745577","1":"product","2":"type-product","3":"status-publish","4":"has-post-thumbnail","6":"product_brand-trem-hr","7":"product_cat-gangways-za-brodove","9":"first","10":"instock","11":"shipping-taxable","12":"purchasable","13":"product-type-simple"},"_links":{"self":[{"href":"https:\/\/stoic-curie.212-227-153-4.plesk.page\/hr\/wp-json\/wp\/v2\/product\/745577","targetHints":{"allow":["GET"]}}],"collection":[{"href":"https:\/\/stoic-curie.212-227-153-4.plesk.page\/hr\/wp-json\/wp\/v2\/product"}],"about":[{"href":"https:\/\/stoic-curie.212-227-153-4.plesk.page\/hr\/wp-json\/wp\/v2\/types\/product"}],"replies":[{"embeddable":true,"href":"https:\/\/stoic-curie.212-227-153-4.plesk.page\/hr\/wp-json\/wp\/v2\/comments?post=745577"}],"version-history":[{"count":0,"href":"https:\/\/stoic-curie.212-227-153-4.plesk.page\/hr\/wp-json\/wp\/v2\/product\/745577\/revisions"}],"wp:featuredmedia":[{"embeddable":true,"href":"https:\/\/stoic-curie.212-227-153-4.plesk.page\/hr\/wp-json\/wp\/v2\/media\/5948965"}],"wp:attachment":[{"href":"https:\/\/stoic-curie.212-227-153-4.plesk.page\/hr\/wp-json\/wp\/v2\/media?parent=745577"}],"wp:term":[{"taxonomy":"product_brand","embeddable":true,"href":"https:\/\/stoic-curie.212-227-153-4.plesk.page\/hr\/wp-json\/wp\/v2\/product_brand?post=745577"},{"taxonomy":"product_cat","embeddable":true,"href":"https:\/\/stoic-curie.212-227-153-4.plesk.page\/hr\/wp-json\/wp\/v2\/product_cat?post=745577"},{"taxonomy":"product_tag","embeddable":true,"href":"https:\/\/stoic-curie.212-227-153-4.plesk.page\/hr\/wp-json\/wp\/v2\/product_tag?post=745577"}],"curies":[{"name":"wp","href":"https:\/\/api.w.org\/{rel}","templated":true}]}}