{"id":745578,"date":"2025-03-03T20:23:41","date_gmt":"2025-03-03T19:23:41","guid":{"rendered":"https:\/\/stoic-curie.212-227-153-4.plesk.page\/producto\/hidraulicki-mostic-smeraldo-200-x-43cm-24v\/"},"modified":"2026-02-25T00:01:25","modified_gmt":"2026-02-25T00:01:25","slug":"hidraulicki-mostic-smeraldo-200-x-43cm-24v","status":"publish","type":"product","link":"https:\/\/stoic-curie.212-227-153-4.plesk.page\/hr\/product\/hidraulicki-mostic-smeraldo-200-x-43cm-24v\/","title":{"rendered":"Hidraulicki mosti\u0107 Smeraldo 200 x 43cm 24v"},"content":{"rendered":"<p>Hidraulicki mosti\u0107 Smeraldo 200 x 43cm 24v &#8211; <\/p>\n<p>Hidrauli\u010dna teleskopska gangway s cjevastom kru\u017enom strukturom od 316L nehr\u0111aju\u0107eg \u010delika s ogledalom. Antisklizni teak gornji dio s LED svjetlima za hodanje. Uklju\u010duje 800W hidrauli\u010dnu upravlja\u010dku jedinicu i 3\/8 crijeva za sustav dug 3,5 metara. Mo\u017ee se upravljati daljinskim upravlja\u010dem ili 10-kanalnom \u017ei\u010danom elektroni\u010dkom kontrolnom jedinicom ili zidnim kontrolnim panelom dimenzija 127 x 87 mm. Tako\u0111er pogodna za podizanje tenderskih \u010damaca do 120 kg.<\/p>\n<p><\/p>\n<p style=\"color: rgb(34, 34, 34); font-family: Arial, Helvetica, sans-serif; font-size: small;\">Hidrauli\u010dna gangway Smeraldo 200 x 43 cm 24v: Predstavljamo na\u0161u teleskopsku hidrauli\u010dnu gangway, stru\u010dno izra\u0111enu s kru\u017enom strukturom od AISI 316 nehr\u0111aju\u0107eg \u010delika, s elegantnim sjajnim zavr\u0161etkom. Ova gangway opremljena je ogradama koje uklju\u010duju automatski ure\u0111aj za spu\u0161tanje, \u0161to omogu\u0107uje jednostavnu zamjenu izme\u0111u desne i lijeve konfiguracije, a sve uz izdr\u017eljivu teak podlogu.<\/p>\n<p style=\"color: rgb(34, 34, 34); font-family: Arial, Helvetica, sans-serif; font-size: small;\">Hidrauli\u010dna jedinica radi s elektri\u010dnim ventilima i kompatibilna je sa napajanjem od 12\/24V, kao \u0161to je navedeno tijekom postupka narud\u017ebe. Dolazi s zidnim kontrolnim panelom i kompaktnim daljinskim upravlja\u010dem za dodatnu udobnost. Mo\u017eete birati izme\u0111u standardne i prilago\u0111ene prednje plo\u010de kako biste odgovarali va\u0161im preferencijama.<\/p>\n<p style=\"color: rgb(34, 34, 34); font-family: Arial, Helvetica, sans-serif; font-size: small;\"><strong>Opcionalne zna\u010dajke:<\/strong><\/p>\n<ul style=\"color: rgb(34, 34, 34); font-family: Arial, Helvetica, sans-serif; font-size: small;\">\n<li>Ru\u010dna pumpa<\/li>\n<li>Dodatna daljinska upravlja\u010dka jedinica u d\u017eepnoj veli\u010dini<\/li>\n<li>Metalska konstrukcija obojana u RAL 9010 bijela<\/li>\n<li>Furnirano lakirano dno<\/li>\n<li>Duljinske vodi\u010de s lampama<\/li>\n<li>Morski niz od konopca<\/li>\n<li>Metalna pri\u010dvr\u0161\u0107iva\u010da plo\u010da<\/li>\n<\/ul>\n<p style=\"color: rgb(34, 34, 34); font-family: Arial, Helvetica, sans-serif; font-size: small;\"><strong>Specifikacije:<\/strong><\/p>\n<ul style=\"color: rgb(34, 34, 34); font-family: Arial, Helvetica, sans-serif; font-size: small;\">\n<li><strong>Dominij primjene:<\/strong> Dizajnirano za jahte<\/li>\n<li><strong>Tip:<\/strong> Teleskopsko<\/li>\n<li><strong>Rad:<\/strong> Hidrauli\u010dno<\/li>\n<li><strong>Materijali konstrukcije:<\/strong> Nehr\u0111aju\u0107i \u010delik<\/li>\n<li><strong>Povr\u0161inski materijal:<\/strong> Teak<\/li>\n<li><strong>Dodatne zna\u010dajke:<\/strong> Uklju\u010duje rukohvate<\/li>\n<\/ul>\n<p style=\"color: rgb(34, 34, 34); font-family: Arial, Helvetica, sans-serif; font-size: small;\"><strong>Maksimalne opcije du\u017eine:<\/strong><\/p>\n<ul style=\"color: rgb(34, 34, 34); font-family: Arial, Helvetica, sans-serif; font-size: small;\">\n<li>2 m (6&#8217;06&#8221;)<\/li>\n<li>2,3 m (7&#8217;06&#8221;)<\/li>\n<li>2,7 m (8&#8217;10&#8221;)<\/li>\n<li>3 m (9&#8217;10&#8221;)<\/li>\n<\/ul>\n<p style=\"color: rgb(34, 34, 34); font-family: Arial, Helvetica, sans-serif; font-size: small;\"><strong>Maksimalna nosivost:<\/strong><\/p>\n<ul style=\"color: rgb(34, 34, 34); font-family: Arial, Helvetica, sans-serif; font-size: small;\">\n<li>150 kg (331 lb)<\/li>\n<li>200 kg (441 lb)<\/li>\n<\/ul>\n<p style=\"color: rgb(34, 34, 34); font-family: Arial, Helvetica, sans-serif; font-size: small;\">Ova teleskopska hidrauli\u010dna gangway kombinira funkcionalnost i eleganciju, \u010dine\u0107i je bitnim dodatkom va\u0161em plovidbenom iskustvu.<\/p>\n","protected":false},"excerpt":{"rendered":"<p>Hidraulicki mosti\u0107 Smeraldo 200 x 43cm 24v &#8211; Hidrauli\u010dna teleskopska gangway s cjevastom kru\u017enom strukturom od 316L nehr\u0111aju\u0107eg \u010delika s<\/p>\n","protected":false},"featured_media":5948965,"comment_status":"open","ping_status":"closed","template":"","meta":[],"product_brand":[3491],"product_cat":[1612],"product_tag":[],"class_list":{"0":"post-745578","1":"product","2":"type-product","3":"status-publish","4":"has-post-thumbnail","6":"product_brand-trem-hr","7":"product_cat-gangways-za-brodove","9":"first","10":"outofstock","11":"shipping-taxable","12":"purchasable","13":"product-type-simple"},"_links":{"self":[{"href":"https:\/\/stoic-curie.212-227-153-4.plesk.page\/hr\/wp-json\/wp\/v2\/product\/745578","targetHints":{"allow":["GET"]}}],"collection":[{"href":"https:\/\/stoic-curie.212-227-153-4.plesk.page\/hr\/wp-json\/wp\/v2\/product"}],"about":[{"href":"https:\/\/stoic-curie.212-227-153-4.plesk.page\/hr\/wp-json\/wp\/v2\/types\/product"}],"replies":[{"embeddable":true,"href":"https:\/\/stoic-curie.212-227-153-4.plesk.page\/hr\/wp-json\/wp\/v2\/comments?post=745578"}],"version-history":[{"count":0,"href":"https:\/\/stoic-curie.212-227-153-4.plesk.page\/hr\/wp-json\/wp\/v2\/product\/745578\/revisions"}],"wp:featuredmedia":[{"embeddable":true,"href":"https:\/\/stoic-curie.212-227-153-4.plesk.page\/hr\/wp-json\/wp\/v2\/media\/5948965"}],"wp:attachment":[{"href":"https:\/\/stoic-curie.212-227-153-4.plesk.page\/hr\/wp-json\/wp\/v2\/media?parent=745578"}],"wp:term":[{"taxonomy":"product_brand","embeddable":true,"href":"https:\/\/stoic-curie.212-227-153-4.plesk.page\/hr\/wp-json\/wp\/v2\/product_brand?post=745578"},{"taxonomy":"product_cat","embeddable":true,"href":"https:\/\/stoic-curie.212-227-153-4.plesk.page\/hr\/wp-json\/wp\/v2\/product_cat?post=745578"},{"taxonomy":"product_tag","embeddable":true,"href":"https:\/\/stoic-curie.212-227-153-4.plesk.page\/hr\/wp-json\/wp\/v2\/product_tag?post=745578"}],"curies":[{"name":"wp","href":"https:\/\/api.w.org\/{rel}","templated":true}]}}