{"id":745579,"date":"2025-03-03T20:23:42","date_gmt":"2025-03-03T19:23:42","guid":{"rendered":"https:\/\/stoic-curie.212-227-153-4.plesk.page\/producto\/hidraulicni-mostic-smeraldo-230-x-43cm-12v\/"},"modified":"2026-02-25T00:01:25","modified_gmt":"2026-02-25T00:01:25","slug":"hidraulicni-mostic-smeraldo-230-x-43cm-12v","status":"publish","type":"product","link":"https:\/\/stoic-curie.212-227-153-4.plesk.page\/hr\/product\/hidraulicni-mostic-smeraldo-230-x-43cm-12v\/","title":{"rendered":"Hidraulicni mosti\u0107 Smeraldo 230 x 43cm 12v"},"content":{"rendered":"<p>Hidraulicni mosti\u0107 Smeraldo 230 x 43cm 12v &#8211; <\/p>\n<p>Hidrauli\u010dna teleskopska gangway s kru\u017enom, cijevnom, ogledalno-poliranom strukturom od 316L nehr\u0111aju\u0107eg \u010delika. Protuklizni teak vrh s LED svjetlima. U kompletu dolazi hidrauli\u010dna kontrolna jedinica od 800W i 3\/8 crijeva za 3,5 metra sustava. Mo\u017ee se upravljati daljinskim upravlja\u010dem i 10-kanalnom \u017ei\u010danom elektroni\u010dkom kontrolnom jedinicom ili sa zidnim kontrolnim panelom dimenzija 127 x 87 mm. Tako\u0111er je pogodna za podizanje tendera do 120 kg.<\/p>\n<p style=\"color: rgb(34, 34, 34); font-family: Arial, Helvetica, sans-serif; font-size: small;\">Hidrauli\u010dna gangway Smeraldo 230 x 43 cm 12v<\/p>\n<p style=\"color: rgb(34, 34, 34); font-family: Arial, Helvetica, sans-serif; font-size: small;\">Predstavljamo vam hidrauli\u010dnu gangway Smeraldo, sofisticiranu i visoko funkcionalnu dodatak va\u0161em brodskom iskustvu. Ova teleskopska hidrauli\u010dna gangway pa\u017eljivo je dizajnirana s kru\u017enom strukturom izra\u0111enom od AISI 316 nehr\u0111aju\u0107eg \u010delika. Ovaj izbor materijala jam\u010di ne samo izvanrednu izdr\u017eljivost, ve\u0107 i izvanrednu otpornost na koroziju, \u010dine\u0107i je idealnom opcijom za morska okru\u017eenja gdje je izlo\u017eenost slanoj vodi i te\u0161kim vremenskim uvjetima zabrinjavaju\u0107a. Sjajna zavr\u0161na obrada gangway ne samo da pobolj\u0161ava njezinu estetsku privla\u010dnost, ve\u0107 jam\u010di i da nadopunjuje cjelokupni izgled va\u0161ega plovila, dodaju\u0107i dodir elegancije.<\/p>\n<p style=\"color: rgb(34, 34, 34); font-family: Arial, Helvetica, sans-serif; font-size: small;\">\u0160to se ti\u010de funkcionalnosti, gangway je opremljena rukohvatima s inovativnim automatskim spu\u0161tanjem. To omogu\u0107uje neometanu izmjenu izme\u0111u desne i lijeve konfiguracije, pru\u017eaju\u0107i vam fleksibilnost i jednostavnost kori\u0161tenja. Teka podna daska dodaje klasi\u010dan dodir dizajnu dok osigurava protukliznu povr\u0161inu, \u0161to je klju\u010dno za sigurnost prilikom ukrcavanja ili iskrcavanja.<\/p>\n<p style=\"color: rgb(34, 34, 34); font-family: Arial, Helvetica, sans-serif; font-size: small;\">Hidrauli\u010dna jedinica osmi\u0161ljena je za u\u010dinkovito djelovanje s elektri\u010dnim ventilima i kompatibilna je s napajanjem od 12V, kao \u0161to je navedeno tijekom procesa naru\u010divanja. Za va\u0161u udobnost, uklju\u010dena je zidna kontrolna jedinica, zajedno s d\u017eepnom daljinskom upravlja\u010dem koja omogu\u0107uje lako upravljanje s razli\u010ditih mjesta na va\u0161em plovilu. Ova kombinacija stila, sigurnosti i udobnosti \u010dini hidrauli\u010dnu gangway Smeraldo nezaobilaznim dodatkom za svakog vlasnika plovila.<\/p>\n","protected":false},"excerpt":{"rendered":"<p>Hidraulicni mosti\u0107 Smeraldo 230 x 43cm 12v &#8211; Hidrauli\u010dna teleskopska gangway s kru\u017enom, cijevnom, ogledalno-poliranom strukturom od 316L nehr\u0111aju\u0107eg \u010delika.<\/p>\n","protected":false},"featured_media":5948965,"comment_status":"open","ping_status":"closed","template":"","meta":[],"product_brand":[3491],"product_cat":[1612],"product_tag":[],"class_list":{"0":"post-745579","1":"product","2":"type-product","3":"status-publish","4":"has-post-thumbnail","6":"product_brand-trem-hr","7":"product_cat-gangways-za-brodove","9":"first","10":"instock","11":"shipping-taxable","12":"purchasable","13":"product-type-simple"},"_links":{"self":[{"href":"https:\/\/stoic-curie.212-227-153-4.plesk.page\/hr\/wp-json\/wp\/v2\/product\/745579","targetHints":{"allow":["GET"]}}],"collection":[{"href":"https:\/\/stoic-curie.212-227-153-4.plesk.page\/hr\/wp-json\/wp\/v2\/product"}],"about":[{"href":"https:\/\/stoic-curie.212-227-153-4.plesk.page\/hr\/wp-json\/wp\/v2\/types\/product"}],"replies":[{"embeddable":true,"href":"https:\/\/stoic-curie.212-227-153-4.plesk.page\/hr\/wp-json\/wp\/v2\/comments?post=745579"}],"version-history":[{"count":0,"href":"https:\/\/stoic-curie.212-227-153-4.plesk.page\/hr\/wp-json\/wp\/v2\/product\/745579\/revisions"}],"wp:featuredmedia":[{"embeddable":true,"href":"https:\/\/stoic-curie.212-227-153-4.plesk.page\/hr\/wp-json\/wp\/v2\/media\/5948965"}],"wp:attachment":[{"href":"https:\/\/stoic-curie.212-227-153-4.plesk.page\/hr\/wp-json\/wp\/v2\/media?parent=745579"}],"wp:term":[{"taxonomy":"product_brand","embeddable":true,"href":"https:\/\/stoic-curie.212-227-153-4.plesk.page\/hr\/wp-json\/wp\/v2\/product_brand?post=745579"},{"taxonomy":"product_cat","embeddable":true,"href":"https:\/\/stoic-curie.212-227-153-4.plesk.page\/hr\/wp-json\/wp\/v2\/product_cat?post=745579"},{"taxonomy":"product_tag","embeddable":true,"href":"https:\/\/stoic-curie.212-227-153-4.plesk.page\/hr\/wp-json\/wp\/v2\/product_tag?post=745579"}],"curies":[{"name":"wp","href":"https:\/\/api.w.org\/{rel}","templated":true}]}}