{"id":745581,"date":"2025-03-03T20:23:43","date_gmt":"2025-03-03T19:23:43","guid":{"rendered":"https:\/\/stoic-curie.212-227-153-4.plesk.page\/producto\/hidraulicki-mostic-smeraldo-270-x-43cm-12v\/"},"modified":"2026-02-25T00:01:25","modified_gmt":"2026-02-25T00:01:25","slug":"hidraulicki-mostic-smeraldo-270-x-43cm-12v","status":"publish","type":"product","link":"https:\/\/stoic-curie.212-227-153-4.plesk.page\/hr\/product\/hidraulicki-mostic-smeraldo-270-x-43cm-12v\/","title":{"rendered":"Hidraulicki mosti\u0107 Smeraldo 270 x 43cm 12v"},"content":{"rendered":"<p>Hidraulicki mosti\u0107 Smeraldo 270 x 43cm 12v &#8211; <\/p>\n<p>Hidrauli\u010dna teleskopska rampa s kru\u017enom tubusnom strukturom od ogledalskog 316L nehr\u0111aju\u0107eg \u010delika. Protuklizna teak povr\u0161ina s LED svjetlima za hodanje. Kompletnu s hidrauli\u010dnom kontrolnom jedinicom od 800 W i 3\/8 crijevima za sustav od 3,5 metara. Mo\u017ee se upravljati daljinskim upravlja\u010dem i 10-kanalnom be\u017ei\u010dnom elektroni\u010dkom kontrolnom jedinicom ili s panelom za kontrolu montiranim na zidu dimenzija 127 x 87 mm. Tako\u0111er prikladna za podizanje tendera do 120 kg.<\/p>\n<p style=\"color: rgb(34, 34, 34); font-family: Arial, Helvetica, sans-serif; font-size: small;\"><strong>Smeraldo hidrauli\u010dna rampa<\/strong><\/p>\n<p style=\"color: rgb(34, 34, 34); font-family: Arial, Helvetica, sans-serif; font-size: small;\">S ponosom vam predstavljamo Smeraldo hidrauli\u010dnu rampu, inovativno hidrauli\u010dno teleskopsko rje\u0161enje koje ima impresivne dimenzije od 270 x 43 cm i radi na robusnom 12V sustavu. Ova izvanredna rampa je dizajnirana s kru\u017enom konfiguracijom i pa\u017eljivo izra\u0111ena od visokokvalitetnog AISI 316 nehr\u0111aju\u0107eg \u010delika. Ovaj vrhunski materijal poznat je po svojoj izvanrednoj trajnosti i izvanrednoj otpornosti na koroziju, \u0161to ga \u010dini idealnim izborom za izazovne uvjete koji se \u010desto sre\u0107u u morskim sredinama. Elegantna i sjajna zavr\u0161na obrada rampe ne samo da pobolj\u0161ava njezinu vizualnu privla\u010dnost ve\u0107 i osigurava da se savr\u0161eno uklapa u ukupnom estetskom izgledu va\u0161eg plovila, dodaju\u0107i da\u0161ak elegancije va\u0161em iskustvu plovidbe.<\/p>\n<p style=\"color: rgb(34, 34, 34); font-family: Arial, Helvetica, sans-serif; font-size: small;\">Me\u0111u klju\u010dnim zna\u010dajkama Smeraldo hidrauli\u010dne rampe su ograde opremljene automatskim mehanizmom za spu\u0161tanje. Ovaj promi\u0161ljeni dizajn omogu\u0107uje besprijekornu promjenu izme\u0111u konfiguracija desno i lijevo, tako da se mo\u017ee prilagoditi razli\u010ditim situacijama priveza i korisni\u010dkim preferencijama. Ova fleksibilnost je posebno korisna za vlasnike \u010damaca koji \u010desto navigiraju u razli\u010ditim situacijama priveza. Osim toga, rampa je opremljena finim teak podovima koji ne samo da pobolj\u0161avaju njezinu trajnost, ve\u0107 tako\u0111er dodaju da\u0161ak sofisticiranosti i topline njezinom ukupnom dizajnu, \u010dine\u0107i je elegantnim dodatkom svakom brodu.<\/p>\n<p style=\"color: rgb(34, 34, 34); font-family: Arial, Helvetica, sans-serif; font-size: small;\">Hidrauli\u010dna jedinica rampe dizajnirana je za rad s elektri\u010dnim ventilima, osiguravaju\u0107i glatki i pouzdani rad tijekom upotrebe. Posebno je osmi\u0161ljena da bude kompatibilna s 12V napajanjem, kao \u0161to je navedeno tijekom procesa naru\u010divanja, pru\u017eaju\u0107i vam potrebnu fleksibilnost za instalaciju. Kako bi se dodatno pobolj\u0161ala lako\u0107a kori\u0161tenja, uz rampu je prilo\u017een zidni kontrolni panel koji omogu\u0107uje jednostavno upravljanje s fiksnog mjesta na va\u0161em plovilu. Ova zna\u010dajka je posebno povoljna za one koji preferiraju jednostavan i pristupa\u010dan na\u010din kontrole rampe.<\/p>\n<p style=\"color: rgb(34, 34, 34); font-family: Arial, Helvetica, sans-serif; font-size: small;\">Osim toga, dan je i kompaktni daljinski upravlja\u010d, koji omogu\u0107uje jednostavno upravljanje s udaljenosti. To zna\u010di da mo\u017eete lako izvu\u0107i ili povu\u0107i rampu bez potrebe da budete fizi\u010dki prisutni na kontrolnoj plo\u010di, dodaju\u0107i dodatnu razinu udobnosti vlasnicima \u010damaca. Smeraldo hidrauli\u010dna rampa 270 x 43 cm 12V nije samo funkcionalan dodatak; to je zaista korisni\u010dki prijateljsko rje\u0161enje koje pobolj\u0161ava cjelokupno iskustvo plovidbe. Sa svojom kombinacijom visokokvalitetnih materijala, promi\u0161ljenim dizajnerskim zna\u010dajkama i jednostavnom upotrebom, ova rampa je izvrstan ulaz za svakog vlasnika \u010damca koji \u017eeli unaprijediti pristupa\u010dnost i funkcionalnost na svom plovilu.<\/p>\n","protected":false},"excerpt":{"rendered":"<p>Hidraulicki mosti\u0107 Smeraldo 270 x 43cm 12v &#8211; Hidrauli\u010dna teleskopska rampa s kru\u017enom tubusnom strukturom od ogledalskog 316L nehr\u0111aju\u0107eg \u010delika.<\/p>\n","protected":false},"featured_media":5948965,"comment_status":"open","ping_status":"closed","template":"","meta":[],"product_brand":[3491],"product_cat":[1612],"product_tag":[],"class_list":{"0":"post-745581","1":"product","2":"type-product","3":"status-publish","4":"has-post-thumbnail","6":"product_brand-trem-hr","7":"product_cat-gangways-za-brodove","9":"first","10":"outofstock","11":"shipping-taxable","12":"purchasable","13":"product-type-simple"},"_links":{"self":[{"href":"https:\/\/stoic-curie.212-227-153-4.plesk.page\/hr\/wp-json\/wp\/v2\/product\/745581","targetHints":{"allow":["GET"]}}],"collection":[{"href":"https:\/\/stoic-curie.212-227-153-4.plesk.page\/hr\/wp-json\/wp\/v2\/product"}],"about":[{"href":"https:\/\/stoic-curie.212-227-153-4.plesk.page\/hr\/wp-json\/wp\/v2\/types\/product"}],"replies":[{"embeddable":true,"href":"https:\/\/stoic-curie.212-227-153-4.plesk.page\/hr\/wp-json\/wp\/v2\/comments?post=745581"}],"version-history":[{"count":0,"href":"https:\/\/stoic-curie.212-227-153-4.plesk.page\/hr\/wp-json\/wp\/v2\/product\/745581\/revisions"}],"wp:featuredmedia":[{"embeddable":true,"href":"https:\/\/stoic-curie.212-227-153-4.plesk.page\/hr\/wp-json\/wp\/v2\/media\/5948965"}],"wp:attachment":[{"href":"https:\/\/stoic-curie.212-227-153-4.plesk.page\/hr\/wp-json\/wp\/v2\/media?parent=745581"}],"wp:term":[{"taxonomy":"product_brand","embeddable":true,"href":"https:\/\/stoic-curie.212-227-153-4.plesk.page\/hr\/wp-json\/wp\/v2\/product_brand?post=745581"},{"taxonomy":"product_cat","embeddable":true,"href":"https:\/\/stoic-curie.212-227-153-4.plesk.page\/hr\/wp-json\/wp\/v2\/product_cat?post=745581"},{"taxonomy":"product_tag","embeddable":true,"href":"https:\/\/stoic-curie.212-227-153-4.plesk.page\/hr\/wp-json\/wp\/v2\/product_tag?post=745581"}],"curies":[{"name":"wp","href":"https:\/\/api.w.org\/{rel}","templated":true}]}}