{"id":745582,"date":"2025-03-03T20:23:43","date_gmt":"2025-03-03T19:23:43","guid":{"rendered":"https:\/\/stoic-curie.212-227-153-4.plesk.page\/producto\/hidraulicni-mostic-smeraldo-270-x-43cm-24v\/"},"modified":"2026-02-25T00:01:25","modified_gmt":"2026-02-25T00:01:25","slug":"hidraulicni-mostic-smeraldo-270-x-43cm-24v","status":"publish","type":"product","link":"https:\/\/stoic-curie.212-227-153-4.plesk.page\/hr\/product\/hidraulicni-mostic-smeraldo-270-x-43cm-24v\/","title":{"rendered":"Hidraulicni mosti\u0107 Smeraldo 270 x 43cm 24v"},"content":{"rendered":"<p>Hidraulicni mosti\u0107 Smeraldo 270 x 43cm 24v &#8211; <\/p>\n<p>Hidrauli\u010dna teleskopska pristani\u0161na rampa s okruglim cijevnim okvirom od poliranog 316L nehr\u0111aju\u0107eg \u010delika. Protuklizna teak gornja povr\u0161ina s LED svjetlima za hodanje. Komplet s hidrauli\u010dnom kontrolnom jedinicom od 800W i 3\/8 crijevima za sustav od 3,5 metra. Mo\u017ee se upravljati daljinskim upravlja\u010dem i 10-kanalnom \u017ei\u010dnom elektroni\u010dkom kontrolnom jedinicom ili sa zidnim kontrolerom dimenzija 127 x 87 mm. Tako\u0111er prikladno za podizanje tendera do 120 kg.\u00a0<\/p>\n<p><strong style=\"color: rgb(34, 34, 34); font-family: Arial, Helvetica, sans-serif; font-size: small;\">Smeraldo Hidrauli\u010dna Pristani\u0161na Rampa<\/strong><\/p>\n<p style=\"color: rgb(34, 34, 34); font-family: Arial, Helvetica, sans-serif; font-size: small;\">S zadovoljstvom predstavljamo Smeraldo Hidrauli\u010dnu Pristani\u0161nu Rampu, inovativno hidrauli\u010dno teleskopsko rje\u0161enje koje je pa\u017eljivo dizajnirano s okruglom strukturom, stru\u010dno izra\u0111enom od visokokvalitetnog AISI 316 nehr\u0111aju\u0107eg \u010delika. Ovaj vrhunski materijal ne samo da osigurava izvanrednu izdr\u017eljivost, ve\u0107 tako\u0111er pru\u017ea otpornost na koroziju, \u0161to ga \u010dini idealnim za morske uvjete. Rampu odlikuje elegantan, sjajan zavr\u0161etak koji zna\u010dajno pobolj\u0161ava njezinu estetsku privla\u010dnost, osiguravaju\u0107i da se savr\u0161eno uklapa u cjelokupni izgled va\u0161eg plovila.<\/p>\n<p style=\"color: rgb(34, 34, 34); font-family: Arial, Helvetica, sans-serif; font-size: small;\">Me\u0111u klju\u010dnim zna\u010dajkama, rampu je opremljena ogradama koje sadr\u017ee automatski mehanizam spu\u0161tanja. Ovaj promi\u0161ljen dizajn omogu\u0107uje besprijekornu izmjenjivost izme\u0111u desne i lijeve konfiguracije, prilago\u0111avaju\u0107i se razli\u010ditim scenarijima dokiranja i korisni\u010dkim preferencijama. Osim toga, rampa je ukra\u0161ena elegantnim teak podnim daskama, koje ne samo da pridonose njezinoj izdr\u017eljivosti, ve\u0107 tako\u0111er dodaju dodir sofisticiranosti i topline cijelom dizajnu.<\/p>\n<p style=\"color: rgb(34, 34, 34); font-family: Arial, Helvetica, sans-serif; font-size: small;\">Hidrauli\u010dna jedinica je dizajnirana za rad s elektri\u010dnim ventilima, osiguravaju\u0107i glatku i pouzdanu funkcionalnost. Kompatibilna je s napajanjem od 12\/24V, kako je specificirano tijekom procesa narud\u017ebe, omogu\u0107uju\u0107i fleksibilnost pri instalaciji. Kako bi se pove\u0107ala udobnost korisnika, uklju\u010dena je zidna kontrolna plo\u010da, koja omogu\u0107uje jednostavno upravljanje s fiksne lokacije. Tako\u0111er je uklju\u010dena i daljinska kontrola veli\u010dine d\u017eepa, koja omogu\u0107ava lagano upravljanje na daljinu, \u010dine\u0107i Smeraldo Hidrauli\u010dnu Pristani\u0161nu Rampu zaista korisni\u010dki prijateljskim rje\u0161enjem za vlasnike brodova.<\/p>\n","protected":false},"excerpt":{"rendered":"<p>Hidraulicni mosti\u0107 Smeraldo 270 x 43cm 24v &#8211; Hidrauli\u010dna teleskopska pristani\u0161na rampa s okruglim cijevnim okvirom od poliranog 316L nehr\u0111aju\u0107eg<\/p>\n","protected":false},"featured_media":5948965,"comment_status":"open","ping_status":"closed","template":"","meta":[],"product_brand":[3491],"product_cat":[1612],"product_tag":[],"class_list":{"0":"post-745582","1":"product","2":"type-product","3":"status-publish","4":"has-post-thumbnail","6":"product_brand-trem-hr","7":"product_cat-gangways-za-brodove","9":"first","10":"instock","11":"shipping-taxable","12":"purchasable","13":"product-type-simple"},"_links":{"self":[{"href":"https:\/\/stoic-curie.212-227-153-4.plesk.page\/hr\/wp-json\/wp\/v2\/product\/745582","targetHints":{"allow":["GET"]}}],"collection":[{"href":"https:\/\/stoic-curie.212-227-153-4.plesk.page\/hr\/wp-json\/wp\/v2\/product"}],"about":[{"href":"https:\/\/stoic-curie.212-227-153-4.plesk.page\/hr\/wp-json\/wp\/v2\/types\/product"}],"replies":[{"embeddable":true,"href":"https:\/\/stoic-curie.212-227-153-4.plesk.page\/hr\/wp-json\/wp\/v2\/comments?post=745582"}],"version-history":[{"count":0,"href":"https:\/\/stoic-curie.212-227-153-4.plesk.page\/hr\/wp-json\/wp\/v2\/product\/745582\/revisions"}],"wp:featuredmedia":[{"embeddable":true,"href":"https:\/\/stoic-curie.212-227-153-4.plesk.page\/hr\/wp-json\/wp\/v2\/media\/5948965"}],"wp:attachment":[{"href":"https:\/\/stoic-curie.212-227-153-4.plesk.page\/hr\/wp-json\/wp\/v2\/media?parent=745582"}],"wp:term":[{"taxonomy":"product_brand","embeddable":true,"href":"https:\/\/stoic-curie.212-227-153-4.plesk.page\/hr\/wp-json\/wp\/v2\/product_brand?post=745582"},{"taxonomy":"product_cat","embeddable":true,"href":"https:\/\/stoic-curie.212-227-153-4.plesk.page\/hr\/wp-json\/wp\/v2\/product_cat?post=745582"},{"taxonomy":"product_tag","embeddable":true,"href":"https:\/\/stoic-curie.212-227-153-4.plesk.page\/hr\/wp-json\/wp\/v2\/product_tag?post=745582"}],"curies":[{"name":"wp","href":"https:\/\/api.w.org\/{rel}","templated":true}]}}