{"id":745592,"date":"2025-03-03T20:23:46","date_gmt":"2025-03-03T19:23:46","guid":{"rendered":"https:\/\/stoic-curie.212-227-153-4.plesk.page\/producto\/johnson-aqua-void-ultima-combo-500gph-12v\/"},"modified":"2026-02-25T00:01:25","modified_gmt":"2026-02-25T00:01:25","slug":"johnson-aqua-void-ultima-combo-500gph-12v","status":"publish","type":"product","link":"https:\/\/stoic-curie.212-227-153-4.plesk.page\/hr\/product\/johnson-aqua-void-ultima-combo-500gph-12v\/","title":{"rendered":"Johnson Aqua Void Ultima Combo 500GPH 12v"},"content":{"rendered":"<p>Johnson Aqua Void Ultima Combo 500GPH 12v &#8211; <\/p>\n<p>Automatska podvodna pumpa za odvodnju Johnson Aqua Void superiorne kvalitete i izdr\u017eljivosti, s odvojivom podlogom i glavom radi lakog \u010di\u0161\u0107enja. Uklju\u010duje Ultima elektroni\u010dki prekida\u010d koji automatski aktivira i deaktivira pumpu u prisutnosti vode u odvodnom prostoru. Sa zaptivkom za vodonepropusne \u017eice, rezervnim osigura\u010dima i Deutsch konektorom za brzo isklju\u010divanje s mre\u017ee tijekom odr\u017eavanja. Termo\u0161tampano tijelo s vodom hla\u0111enim zatvorenim motorom i osovinom od nehr\u0111aju\u0107eg \u010delika. Priklju\u010dak s navojem 3\/4 sa 20 mm pravim i kutnim cijevnim priklju\u010dcima, uklju\u010duju\u0107i brtvu i povratni ventil. Dimenzije pumpe 75 x 168 x H120 mm.<\/p>\n","protected":false},"excerpt":{"rendered":"<p>Johnson Aqua Void Ultima Combo 500GPH 12v &#8211; Automatska podvodna pumpa za odvodnju Johnson Aqua Void superiorne kvalitete i izdr\u017eljivosti,<\/p>\n","protected":false},"featured_media":5948977,"comment_status":"open","ping_status":"closed","template":"","meta":[],"product_brand":[3046],"product_cat":[1659],"product_tag":[],"class_list":{"0":"post-745592","1":"product","2":"type-product","3":"status-publish","4":"has-post-thumbnail","6":"product_brand-johnson-marine-hr","7":"product_cat-elektricne-kaljuzne-pumpe","9":"first","10":"instock","11":"shipping-taxable","12":"purchasable","13":"product-type-simple"},"_links":{"self":[{"href":"https:\/\/stoic-curie.212-227-153-4.plesk.page\/hr\/wp-json\/wp\/v2\/product\/745592","targetHints":{"allow":["GET"]}}],"collection":[{"href":"https:\/\/stoic-curie.212-227-153-4.plesk.page\/hr\/wp-json\/wp\/v2\/product"}],"about":[{"href":"https:\/\/stoic-curie.212-227-153-4.plesk.page\/hr\/wp-json\/wp\/v2\/types\/product"}],"replies":[{"embeddable":true,"href":"https:\/\/stoic-curie.212-227-153-4.plesk.page\/hr\/wp-json\/wp\/v2\/comments?post=745592"}],"version-history":[{"count":0,"href":"https:\/\/stoic-curie.212-227-153-4.plesk.page\/hr\/wp-json\/wp\/v2\/product\/745592\/revisions"}],"wp:featuredmedia":[{"embeddable":true,"href":"https:\/\/stoic-curie.212-227-153-4.plesk.page\/hr\/wp-json\/wp\/v2\/media\/5948977"}],"wp:attachment":[{"href":"https:\/\/stoic-curie.212-227-153-4.plesk.page\/hr\/wp-json\/wp\/v2\/media?parent=745592"}],"wp:term":[{"taxonomy":"product_brand","embeddable":true,"href":"https:\/\/stoic-curie.212-227-153-4.plesk.page\/hr\/wp-json\/wp\/v2\/product_brand?post=745592"},{"taxonomy":"product_cat","embeddable":true,"href":"https:\/\/stoic-curie.212-227-153-4.plesk.page\/hr\/wp-json\/wp\/v2\/product_cat?post=745592"},{"taxonomy":"product_tag","embeddable":true,"href":"https:\/\/stoic-curie.212-227-153-4.plesk.page\/hr\/wp-json\/wp\/v2\/product_tag?post=745592"}],"curies":[{"name":"wp","href":"https:\/\/api.w.org\/{rel}","templated":true}]}}