{"id":745593,"date":"2025-03-03T20:23:47","date_gmt":"2025-03-03T19:23:47","guid":{"rendered":"https:\/\/stoic-curie.212-227-153-4.plesk.page\/producto\/kompresor-rezervnog-zraka-marco-12v\/"},"modified":"2026-02-25T00:01:25","modified_gmt":"2026-02-25T00:01:25","slug":"kompresor-rezervnog-zraka-marco-12v","status":"publish","type":"product","link":"https:\/\/stoic-curie.212-227-153-4.plesk.page\/hr\/product\/kompresor-rezervnog-zraka-marco-12v\/","title":{"rendered":"Kompresor Marco M3 12v"},"content":{"rendered":"<p>Kompresor Marco M3 12v &#8211; <\/p>\n<p style=\"color: rgb(34, 34, 34); font-family: Arial, Helvetica, sans-serif; font-size: small;\">S ponosom predstavljamo M3 kompresor AISI 304, kompaktni elektri\u010dni kompresor koji ima spremnik od 8 litara izra\u0111enog od visokokvalitetnog nehr\u0111aju\u0107eg \u010delika AISI 304. Ovaj pouzdani kompresor radi pod radnim pritiskom od 8 bara i isporu\u010duje protok zraka od 47 litara u minuti.<\/p>\n<p style=\"color: rgb(34, 34, 34); font-family: Arial, Helvetica, sans-serif; font-size: small;\">Ovaj kompresor za zrak idealan je za napajanje odobrenih sirena za \u010damce u rasponu od 20 do 75 metara, posebno modela K341 i K348, te zadovoljava razne zahtjeve za zrak na brodu.<\/p>\n<p style=\"color: rgb(34, 34, 34); font-family: Arial, Helvetica, sans-serif; font-size: small;\"><strong>Specifikacije:<\/strong><\/p>\n<ul style=\"color: rgb(34, 34, 34); font-family: Arial, Helvetica, sans-serif; font-size: small;\">\n<li><strong>Pritisak:<\/strong>&nbsp;8 bara<\/li>\n<li><strong>Protoki:<\/strong>&nbsp;47 litara\/min<\/li>\n<li><strong>Kapacitet spremnika:<\/strong>&nbsp;8 litara<\/li>\n<li><strong>Snaga:<\/strong>&nbsp;380 vata<\/li>\n<li><strong>Dimenzije:<\/strong>&nbsp;390 x 230 x 380 mm<\/li>\n<li><strong>Te\u017eina:<\/strong>&nbsp;9 kg<\/li>\n<li><strong>Razina za\u0161tite:<\/strong>&nbsp;IP54<\/li>\n<li><strong>Promjer crijeva:<\/strong>&nbsp;8\/6 mm<\/li>\n<li><strong>Potrebni osigura\u010d:<\/strong>&nbsp;10A<\/li>\n<\/ul>\n<p style=\"color: rgb(34, 34, 34); font-family: Arial, Helvetica, sans-serif; font-size: small;\">M3 kompresor je kompaktan, lagan i radi tiho, zahvaljuju\u0107i svojim \u010detiri gumene noge koje osiguravaju stabilnost. Tako\u0111er ima prakti\u010dnu ru\u010dku za lako preno\u0161enje. Kompresor je opremljen manometrom i ventilom za ispu\u0161tanje kondenzata, \u010dine\u0107i ga pogodnim za sustave zvu\u010dnog signaliziranja i druge primjene komprimiranog zraka na brodu.<\/p>\n<p style=\"color: rgb(34, 34, 34); font-family: Arial, Helvetica, sans-serif; font-size: small;\">Ovaj model je dostupan za napajanje s 12V i 24V vlasti na brodu. Snaga motora iznosi 240 vata, a mo\u017ee posti\u0107i radni pritisak do 8 bara, s kapacitetom punjenja od pribli\u017eno 47 litara zraka u minuti.<\/p>\n","protected":false},"excerpt":{"rendered":"<p>Kompresor Marco M3 12v &#8211; S ponosom predstavljamo M3 kompresor AISI 304, kompaktni elektri\u010dni kompresor koji ima spremnik od 8<\/p>\n","protected":false},"featured_media":5948979,"comment_status":"open","ping_status":"closed","template":"","meta":[],"product_brand":[3096],"product_cat":[1747],"product_tag":[],"class_list":{"0":"post-745593","1":"product","2":"type-product","3":"status-publish","4":"has-post-thumbnail","6":"product_brand-marco-hr","7":"product_cat-rogovi","9":"first","10":"instock","11":"shipping-taxable","12":"purchasable","13":"product-type-simple"},"_links":{"self":[{"href":"https:\/\/stoic-curie.212-227-153-4.plesk.page\/hr\/wp-json\/wp\/v2\/product\/745593","targetHints":{"allow":["GET"]}}],"collection":[{"href":"https:\/\/stoic-curie.212-227-153-4.plesk.page\/hr\/wp-json\/wp\/v2\/product"}],"about":[{"href":"https:\/\/stoic-curie.212-227-153-4.plesk.page\/hr\/wp-json\/wp\/v2\/types\/product"}],"replies":[{"embeddable":true,"href":"https:\/\/stoic-curie.212-227-153-4.plesk.page\/hr\/wp-json\/wp\/v2\/comments?post=745593"}],"version-history":[{"count":0,"href":"https:\/\/stoic-curie.212-227-153-4.plesk.page\/hr\/wp-json\/wp\/v2\/product\/745593\/revisions"}],"wp:featuredmedia":[{"embeddable":true,"href":"https:\/\/stoic-curie.212-227-153-4.plesk.page\/hr\/wp-json\/wp\/v2\/media\/5948979"}],"wp:attachment":[{"href":"https:\/\/stoic-curie.212-227-153-4.plesk.page\/hr\/wp-json\/wp\/v2\/media?parent=745593"}],"wp:term":[{"taxonomy":"product_brand","embeddable":true,"href":"https:\/\/stoic-curie.212-227-153-4.plesk.page\/hr\/wp-json\/wp\/v2\/product_brand?post=745593"},{"taxonomy":"product_cat","embeddable":true,"href":"https:\/\/stoic-curie.212-227-153-4.plesk.page\/hr\/wp-json\/wp\/v2\/product_cat?post=745593"},{"taxonomy":"product_tag","embeddable":true,"href":"https:\/\/stoic-curie.212-227-153-4.plesk.page\/hr\/wp-json\/wp\/v2\/product_tag?post=745593"}],"curies":[{"name":"wp","href":"https:\/\/api.w.org\/{rel}","templated":true}]}}