{"id":745594,"date":"2025-03-03T20:23:47","date_gmt":"2025-03-03T19:23:47","guid":{"rendered":"https:\/\/stoic-curie.212-227-153-4.plesk.page\/producto\/kompresor-rezervnog-zraka-marco-24v\/"},"modified":"2026-02-25T00:01:25","modified_gmt":"2026-02-25T00:01:25","slug":"kompresor-rezervnog-zraka-marco-24v","status":"publish","type":"product","link":"https:\/\/stoic-curie.212-227-153-4.plesk.page\/hr\/product\/kompresor-rezervnog-zraka-marco-24v\/","title":{"rendered":"Zra\u010dni kompresor Marco M3 24v"},"content":{"rendered":"<p>Zra\u010dni kompresor Marco M3 24v &#8211; <\/p>\n<p>Uzbu\u0111eni smo \u0161to vam predstavljamo M3 kompresor za zrak AISI 304, kompaktni elektri\u010dni kompresor koji uklju\u010duje rezervoar zapremine 8 litara izra\u0111en od visokokvalitetnog nehr\u0111aju\u0107eg \u010delika AISI 304. Ovaj pouzdani kompresor radi pod radnim tlakom od 8 bara i osigurava protok zraka od 47 litara u minuti.<\/p>\n<p>Ovaj kompresor za zrak savr\u0161en je za rad s odobrenim sirenama na \u010damcima koji mjere izme\u0111u 20 i 75 metara, posebno modelima K341 i K348, dok tako\u0111er ispunjava razne zra\u010dne potrebe na brodu.<\/p>\n<p><strong>Specifikacije:<\/strong><\/p>\n<ul>\n<li><strong>Tlak:<\/strong> 8 bara<\/li>\n<li><strong>Protok:<\/strong> 47 litara\/min<\/li>\n<li><strong>Kapacitet rezervoara:<\/strong> 8 litara<\/li>\n<li><strong>Snaga:<\/strong> 380 vata<\/li>\n<li><strong>Dimenzije:<\/strong> 390 x 230 x 380 mm<\/li>\n<li><strong>Te\u017eina:<\/strong> 9 kg<\/li>\n<li><strong>Ocjena za\u0161tite:<\/strong> IP54<\/li>\n<li><strong>Promjer crijeva:<\/strong> 8\/6 mm<\/li>\n<li><strong>Potrebna osigura\u010d:<\/strong> 10A<\/li>\n<\/ul>\n<p>M3 kompresor dizajniran je da bude kompaktan i lagan, tiho radi zahvaljuju\u0107i \u010detiri gumene noge koje osiguravaju stabilnost. Tako\u0111er uklju\u010duje prakti\u010dnu ru\u010dku za jednostavan prijenos. Osim toga, kompresor dolazi s manometrom i ventilom za ispu\u0161tanje kondenzata, \u0161to ga \u010dini idealnim za sustave zvu\u010dnog signaliziranja i druge primjene komprimiranog zraka na brodu.<\/p>\n<p>Ovaj model dostupan je za napajanje od 12V i 24V na brodu. Snaga motora iznosi 240 vata, a mo\u017ee dose\u0107i radni tlak do 8 bara, s kapacitetom punjenja od oko 47 litara zraka u minuti.<\/p>\n","protected":false},"excerpt":{"rendered":"<p>Zra\u010dni kompresor Marco M3 24v &#8211; Uzbu\u0111eni smo \u0161to vam predstavljamo M3 kompresor za zrak AISI 304, kompaktni elektri\u010dni kompresor<\/p>\n","protected":false},"featured_media":5948979,"comment_status":"open","ping_status":"closed","template":"","meta":[],"product_brand":[3096],"product_cat":[1747],"product_tag":[],"class_list":{"0":"post-745594","1":"product","2":"type-product","3":"status-publish","4":"has-post-thumbnail","6":"product_brand-marco-hr","7":"product_cat-rogovi","9":"first","10":"instock","11":"shipping-taxable","12":"purchasable","13":"product-type-simple"},"_links":{"self":[{"href":"https:\/\/stoic-curie.212-227-153-4.plesk.page\/hr\/wp-json\/wp\/v2\/product\/745594","targetHints":{"allow":["GET"]}}],"collection":[{"href":"https:\/\/stoic-curie.212-227-153-4.plesk.page\/hr\/wp-json\/wp\/v2\/product"}],"about":[{"href":"https:\/\/stoic-curie.212-227-153-4.plesk.page\/hr\/wp-json\/wp\/v2\/types\/product"}],"replies":[{"embeddable":true,"href":"https:\/\/stoic-curie.212-227-153-4.plesk.page\/hr\/wp-json\/wp\/v2\/comments?post=745594"}],"version-history":[{"count":0,"href":"https:\/\/stoic-curie.212-227-153-4.plesk.page\/hr\/wp-json\/wp\/v2\/product\/745594\/revisions"}],"wp:featuredmedia":[{"embeddable":true,"href":"https:\/\/stoic-curie.212-227-153-4.plesk.page\/hr\/wp-json\/wp\/v2\/media\/5948979"}],"wp:attachment":[{"href":"https:\/\/stoic-curie.212-227-153-4.plesk.page\/hr\/wp-json\/wp\/v2\/media?parent=745594"}],"wp:term":[{"taxonomy":"product_brand","embeddable":true,"href":"https:\/\/stoic-curie.212-227-153-4.plesk.page\/hr\/wp-json\/wp\/v2\/product_brand?post=745594"},{"taxonomy":"product_cat","embeddable":true,"href":"https:\/\/stoic-curie.212-227-153-4.plesk.page\/hr\/wp-json\/wp\/v2\/product_cat?post=745594"},{"taxonomy":"product_tag","embeddable":true,"href":"https:\/\/stoic-curie.212-227-153-4.plesk.page\/hr\/wp-json\/wp\/v2\/product_tag?post=745594"}],"curies":[{"name":"wp","href":"https:\/\/api.w.org\/{rel}","templated":true}]}}