{"id":745597,"date":"2025-03-03T20:23:48","date_gmt":"2025-03-03T19:23:48","guid":{"rendered":"https:\/\/stoic-curie.212-227-153-4.plesk.page\/producto\/garmin-gpsmap-723xsv\/"},"modified":"2026-02-25T00:01:25","modified_gmt":"2026-02-25T00:01:25","slug":"garmin-gpsmap-723xsv","status":"publish","type":"product","link":"https:\/\/stoic-curie.212-227-153-4.plesk.page\/hr\/product\/garmin-gpsmap-723xsv\/","title":{"rendered":"Garmin GPSMAP 723xsv"},"content":{"rendered":"<p>Garmin GPSMAP 723xsv &#8211; <\/p>\n<p>Garmin GPSMAP 723xsv plotteri dolaze opremljeni 7-in\u010dnim LCD zaslonom i uklju\u010duju svjetsku osnovnu kartu. Ovaj model ima unutarnji GPS\/GLONASS sustav visoke osjetljivosti od 10Hz koji a\u017eurira va\u0161u poziciju i pravac deset puta u sekundi. Mo\u017eete tako\u0111er povezati svoj pametni telefon ili tablet koriste\u0107i ActiveCaptain aplikaciju i Wi-Fi.<\/p>\n<p>Samo Garmin GPSMAP 723xsv model uklju\u010duje Garmin CHIRP SideVu, CHIRP ClearVu i CHIRP tradicionalni sonar. Za kori\u0161tenje sonar funkcija, trebate Garmin 723xsv model.<\/p>\n<p>Oba, Garmin GPSMAP 723 i 723xsv dolaze unaprijed instalirani sa svjetskom osnovnom kartom. Tako\u0111er mo\u017eete kupiti dodatne detaljne Garmin BlueChart g3 pomorske karte na unaprijed programiranoj microSD\/SD kartici od ActiveGPS-a. Najnovije karte, poznate kao BlueChart g3 Vision, nude premium zna\u010dajke kao \u0161to su slike visoke razlu\u010divosti satelita luka i pristani\u0161ta, automatsko usmjeravanje, MarinerEye za 3D informacije iznad vodene linije, a FishEye za 3D informacije ispod vodene linije.<\/p>\n<p>Integirane sonarne mogu\u0107nosti dostupne su samo u Garmin GPSMAP 723xsv modelu, koji uklju\u010duje Garmin CHIRP SideVu, CHIRP ClearVu i CHIRP tradicionalni sonar. Sva tri Garmin GPSMAP 723 plottera tako\u0111er podr\u017eavaju Panoptix All-Seeing sonar, premium Garmin sonar i razne transducere (prodaju se odvojeno). Ako kupite Garmin GPSMAP 723 (bez sonara), mo\u017eete kasnije dodati sonarne funkcionalnosti kupnjom Garmin vanjske crne kutije.<\/p>\n<p><strong>Ultra visoko razlu\u010div skener sonar (samo Garmin GPSMAP 723xsv model)<\/strong><\/p>\n<p>Garmin GPSMAP 723xsv model ima integrirani Ultra visoko razlu\u010div SideVu i ClearVu skener sonara, koji pru\u017eaju \u017eive, kontrastne palete boja koje poma\u017eu u razlikovanju riba od struktura kada se koriste s kompatibilnim Garmin transducerom. GPSMAP 723xsv tako\u0111er podr\u017eava 1 kW CHIRP tradicionalne sonarne mogu\u0107nosti.<\/p>\n<ul>\n<li>Dual-frekvencijski (50\/200 kHz) sonar sposoban<\/li>\n<li>Dual-beam (77\/200 kHz) sonar sposoban<\/li>\n<\/ul>\n<p>Garmin GPSMAP 723xsv plotteri podr\u017eavaju sljede\u0107e frekvencije:<\/p>\n<ul>\n<li>Tradicionalni: 50\/77\/83\/200 kHz<\/li>\n<li>CHIRP (nisko, srednje, visoko)<\/li>\n<li>ClearVu (260\/455\/800 kHz)<\/li>\n<li>SideVu (260\/455\/800 kHz)<\/li>\n<li>UHD ClearVu\/SideVu (800\/1000\/1200 kHz) (ovisno o transduceru)<\/li>\n<\/ul>\n<p>Da biste prona\u0161li pravi transducer za svoj GPSMAP 723xsv i svoj \u010damac, molimo ispunite na\u0161 online obrazac za transducere. Ako ve\u0107 znate koji transducer vam je potreban (iako preporu\u010dujemo kori\u0161tenje na\u0161eg online obrasca za najbolju uskla\u0111enost), mo\u017eete pregledati cijeli raspon transducera dostupnih za kupnju od ActiveGPS-a. Ispod mo\u017eete vidjeti primjere transduekora montiranih na krmi, kroz trupu i unutar trupa.<\/p>\n<p>Plotter osvje\u017eava va\u0161 smjer i poziciju na ekranu deset puta u sekundi, \u0161to omogu\u0107uje glatku vizualizaciju GPS pozicije va\u0161e \u010damca ili jahte. Ima visokoosjetljiv, brz, reaktivan 10Hz GPS i GLONASS prijemnik. GPSMAP 723 tako\u0111er uklju\u010duje NMEA 2000 i NMEA 0183 povezivanje.<\/p>\n<p>Uz ugra\u0111eni Wi-Fi, mo\u017eete kontrolirati Garmin plotter koriste\u0107i BlueChart Mobile 2.0 aplikaciju ili Garmin ActiveCaptain aplikaciju. Ova povezanost omogu\u0107uje pristup OneChart funkciji, pametnim obavijestima, a\u017euriranjima softvera, Garmin Helm, Garmin Quickdraw zajednici podataka i jo\u0161 mnogo toga.<\/p>\n<p>Garmin SailAssist zna\u010dajke jedrenja omogu\u0107uju vam pregled linija, vodstvo na startnoj liniji, pobolj\u0161anu ru\u017eu vjetra, pravac i pravac preko tla, stvarne podatkovne polja vjetra, kliznike za plimu\/struju\/vrijeme, kut vjetra, set i drift, brzinomjer vjetra i jo\u0161 mnogo toga.<\/p>\n<p>Ugra\u0111ena ANT povezanost omogu\u0107ava vam povezivanje s nekim od va\u0161ih omiljenih ure\u0111aja, kao \u0161to su Garmin quatix 5 marine sat, Garmin gWind Wireless 2 transduceri, Garmin GNX Wind pomorski instrumenti i be\u017ei\u010dne daljinske upravlja\u010de poput Garmin GRID 20 daljinskog ure\u0111aja za unos.<\/p>\n<p>Garmin GPSMAP 723\/723xsv modeli imaju J1939 povezivost, \u0161to vam omogu\u0107uje povezivanje plottera s raznim motorima, uklju\u010duju\u0107i Yamaha motore. Osim toga, Garmin GPSMAP 723 modeli uklju\u010duju OneHelm, ekskluzivnu funkciju koja objedinjuje radnje i mogu\u0107nosti ure\u0111aja tre\u0107ih strana, kao \u0161to su EmpirBus digitalno prebacivanje, na jednom ekranu.<\/p>\n","protected":false},"excerpt":{"rendered":"<p>Garmin GPSMAP 723xsv &#8211; Garmin GPSMAP 723xsv plotteri dolaze opremljeni 7-in\u010dnim LCD zaslonom i uklju\u010duju svjetsku osnovnu kartu. Ovaj model<\/p>\n","protected":false},"featured_media":5948991,"comment_status":"open","ping_status":"closed","template":"","meta":[],"product_brand":[2971],"product_cat":[1744],"product_tag":[],"class_list":{"0":"post-745597","1":"product","2":"type-product","3":"status-publish","4":"has-post-thumbnail","6":"product_brand-garmin-hr","7":"product_cat-brodska-elektronika","9":"first","10":"instock","11":"shipping-taxable","12":"purchasable","13":"product-type-simple"},"_links":{"self":[{"href":"https:\/\/stoic-curie.212-227-153-4.plesk.page\/hr\/wp-json\/wp\/v2\/product\/745597","targetHints":{"allow":["GET"]}}],"collection":[{"href":"https:\/\/stoic-curie.212-227-153-4.plesk.page\/hr\/wp-json\/wp\/v2\/product"}],"about":[{"href":"https:\/\/stoic-curie.212-227-153-4.plesk.page\/hr\/wp-json\/wp\/v2\/types\/product"}],"replies":[{"embeddable":true,"href":"https:\/\/stoic-curie.212-227-153-4.plesk.page\/hr\/wp-json\/wp\/v2\/comments?post=745597"}],"version-history":[{"count":0,"href":"https:\/\/stoic-curie.212-227-153-4.plesk.page\/hr\/wp-json\/wp\/v2\/product\/745597\/revisions"}],"wp:featuredmedia":[{"embeddable":true,"href":"https:\/\/stoic-curie.212-227-153-4.plesk.page\/hr\/wp-json\/wp\/v2\/media\/5948991"}],"wp:attachment":[{"href":"https:\/\/stoic-curie.212-227-153-4.plesk.page\/hr\/wp-json\/wp\/v2\/media?parent=745597"}],"wp:term":[{"taxonomy":"product_brand","embeddable":true,"href":"https:\/\/stoic-curie.212-227-153-4.plesk.page\/hr\/wp-json\/wp\/v2\/product_brand?post=745597"},{"taxonomy":"product_cat","embeddable":true,"href":"https:\/\/stoic-curie.212-227-153-4.plesk.page\/hr\/wp-json\/wp\/v2\/product_cat?post=745597"},{"taxonomy":"product_tag","embeddable":true,"href":"https:\/\/stoic-curie.212-227-153-4.plesk.page\/hr\/wp-json\/wp\/v2\/product_tag?post=745597"}],"curies":[{"name":"wp","href":"https:\/\/api.w.org\/{rel}","templated":true}]}}