{"id":745598,"date":"2025-03-03T20:23:48","date_gmt":"2025-03-03T19:23:48","guid":{"rendered":"https:\/\/stoic-curie.212-227-153-4.plesk.page\/producto\/raymarine-axiom-7\/"},"modified":"2026-02-25T00:01:25","modified_gmt":"2026-02-25T00:01:25","slug":"raymarine-axiom-7","status":"publish","type":"product","link":"https:\/\/stoic-curie.212-227-153-4.plesk.page\/hr\/product\/raymarine-axiom-7\/","title":{"rendered":"Raymarine Axiom+ 7"},"content":{"rendered":"<p>Raymarine Axiom+ 7 &#8211; <\/p>\n<p style=\"color: rgb(34, 34, 34); font-family: Arial, Helvetica, sans-serif; font-size: small;\">Raymarine Axiom 7 Plus je multifunkcionalni prikaz (MFD) sa 7-in\u010dnim ekranom koji se odlikuje sna\u017enim \u010detverojezgrenim procesorom, osiguravaju\u0107i brzu reakciju i brzinu. Ovo omogu\u0107ava lako ponovno crtanje karata i navigaciju uz pomo\u0107 pro\u0161irene stvarnosti. Ekran visoke razlu\u010divosti IPS pru\u017ea 25 posto vi\u0161e svjetlosti, pobolj\u0161avaju\u0107i vidljivost u raznim uvjetima osvjetljenja. Molimo da napomenete da ure\u0111aj ne uklju\u010duje karte ni transducere.<\/p>\n<p style=\"color: rgb(34, 34, 34); font-family: Arial, Helvetica, sans-serif; font-size: small;\">Axiom+ chartplotter dolazi sa naprednim IPS ekranom otpornim na dodir, koji nudi pobolj\u0161an kontrast i jasnu vidljivost iz svih uglova, \u010dak i na jakom suncu. Novi \u010detverojezgreni procesor, u kombinaciji sa su\u010deljem LightHouse 3, pove\u0107ava brzinu i performanse. Uklju\u010duje integriranu 10Hz GPS antenu, Wi-Fi, Bluetooth, NMEA2000 povezivost, micro USB port i micro SD utor. Ovaj ure\u0111aj je kompatibilan s Lighthouse Charts, Navionics Gold, Platinum i C-MAP kartografijom. Tako\u0111er dolazi s pokriva\u010dem za ekran, napajanjem\/datas kabelom i nosa\u010dem\/flush mont\u00e1\u017eom.<\/p>\n<p style=\"color: rgb(34, 34, 34); font-family: Arial, Helvetica, sans-serif; font-size: small;\">Raymarine Axiom Plus predstavlja najnoviju generaciju nagra\u0111ivanih multifunkcionalnih prikaza. Optimiziran je za brzinu i opremljen sna\u017enim \u010detverojezgrenim procesorom, \u0161to omogu\u0107ava bezproblemno ponovno crtanje karata i navigaciju uz pomo\u0107 pro\u0161irene stvarnosti. Nadograjena IPS tehnologija ekrana pru\u017ea o\u010daravaju\u0107u boju i jasno\u0107u, uz dan\/no\u0107 palete boja za pobolj\u0161anu vidljivost u bilo kojim uvjetima osvjetljenja. Axiom Plus sadr\u017ei intuitivni operativni sustav LightHouse 3, koji je do danas najmo\u0107niji i najlak\u0161i za kori\u0161tenje Raymarine MFD OS.<\/p>\n<p style=\"color: rgb(34, 34, 34); font-family: Arial, Helvetica, sans-serif; font-size: small;\">Ovaj chartplotter je pro\u0161iriv, \u0161to vam omogu\u0107ava da pobolj\u0161ate njegove mogu\u0107nosti prema potrebi. Podr\u017eava \u0161irok spektar Raymarine dodataka, uklju\u010duju\u0107i Quantum radar, CHIRP Sonar, FLIR termalne kamere, audio integraciju, instrumente, kamere i Evolution autopilot. Standardna Wi-Fi i Bluetooth povezanost omogu\u0107avaju vam povezivanje s najnovijim Raymarine aplikacijama za tablete i pametne telefone.<\/p>\n<p style=\"color: rgb(34, 34, 34); font-family: Arial, Helvetica, sans-serif; font-size: small;\"><strong>Zna\u010dajke performansi:<\/strong><\/p>\n<ul style=\"color: rgb(34, 34, 34); font-family: Arial, Helvetica, sans-serif; font-size: small;\">\n<li>Dizajniran za brzinu, reagiranje i budu\u0107e pro\u0161irenje.<\/li>\n<li>Sna\u017ean \u010detverojezgreni procesor s pove\u0107anim onboard pohranom za osobne podatke i aplikacije.<\/li>\n<li>Brzo i fluidno ponovno crtanje karata za Raymarine LightHouse Charts, kao i Navionics i C-MAP.<\/li>\n<li>ClearCruise\u2122 pro\u0161irena stvarnost za pametnije odluke u navigaciji.<\/li>\n<li>Intuitivni LightHouse 3 OS za jednostavnu navigaciju.<\/li>\n<\/ul>\n<p style=\"color: rgb(34, 34, 34); font-family: Arial, Helvetica, sans-serif; font-size: small;\"><strong>Maksimalna vidljivost:<\/strong><\/p>\n<ul style=\"color: rgb(34, 34, 34); font-family: Arial, Helvetica, sans-serif; font-size: small;\">\n<li>Nadogra\u0111ena IPS tehnologija ekrana prikazuje karte, sonar, radar i video u \u017eivahnim bojama.<\/li>\n<li>\u0160iri kutovi gledanja i o\u0161tar kontrast uz dvostruku razlu\u010divost u odnosu na tradicionalne ekrane.<\/li>\n<li>Dostupno u 7-, 9- i 12-in\u010dnim prikazima otpornim na sve vremenske uvjete koji su 25 posto svjetliji (do 1,800 nita).<\/li>\n<li>HydroTough\u2122 Nano-premaz, stakleni ekran otporan na udarce, odbija vodu, ulje i mrlje za pobolj\u0161ano gledanje i to\u010dne dodirne kontrole.<\/li>\n<li>Pobolj\u0161ane opcije gledanja s LightHouse 3 temama boja, uklju\u010duju\u0107i svijetli, tamni i no\u0107ni na\u010din.<\/li>\n<\/ul>\n","protected":false},"excerpt":{"rendered":"<p>Raymarine Axiom+ 7 &#8211; Raymarine Axiom 7 Plus je multifunkcionalni prikaz (MFD) sa 7-in\u010dnim ekranom koji se odlikuje sna\u017enim \u010detverojezgrenim<\/p>\n","protected":false},"featured_media":5948993,"comment_status":"open","ping_status":"closed","template":"","meta":[],"product_brand":[3301],"product_cat":[1744],"product_tag":[],"class_list":{"0":"post-745598","1":"product","2":"type-product","3":"status-publish","4":"has-post-thumbnail","6":"product_brand-raymarine-hr","7":"product_cat-brodska-elektronika","9":"first","10":"instock","11":"shipping-taxable","12":"purchasable","13":"product-type-simple"},"_links":{"self":[{"href":"https:\/\/stoic-curie.212-227-153-4.plesk.page\/hr\/wp-json\/wp\/v2\/product\/745598","targetHints":{"allow":["GET"]}}],"collection":[{"href":"https:\/\/stoic-curie.212-227-153-4.plesk.page\/hr\/wp-json\/wp\/v2\/product"}],"about":[{"href":"https:\/\/stoic-curie.212-227-153-4.plesk.page\/hr\/wp-json\/wp\/v2\/types\/product"}],"replies":[{"embeddable":true,"href":"https:\/\/stoic-curie.212-227-153-4.plesk.page\/hr\/wp-json\/wp\/v2\/comments?post=745598"}],"version-history":[{"count":0,"href":"https:\/\/stoic-curie.212-227-153-4.plesk.page\/hr\/wp-json\/wp\/v2\/product\/745598\/revisions"}],"wp:featuredmedia":[{"embeddable":true,"href":"https:\/\/stoic-curie.212-227-153-4.plesk.page\/hr\/wp-json\/wp\/v2\/media\/5948993"}],"wp:attachment":[{"href":"https:\/\/stoic-curie.212-227-153-4.plesk.page\/hr\/wp-json\/wp\/v2\/media?parent=745598"}],"wp:term":[{"taxonomy":"product_brand","embeddable":true,"href":"https:\/\/stoic-curie.212-227-153-4.plesk.page\/hr\/wp-json\/wp\/v2\/product_brand?post=745598"},{"taxonomy":"product_cat","embeddable":true,"href":"https:\/\/stoic-curie.212-227-153-4.plesk.page\/hr\/wp-json\/wp\/v2\/product_cat?post=745598"},{"taxonomy":"product_tag","embeddable":true,"href":"https:\/\/stoic-curie.212-227-153-4.plesk.page\/hr\/wp-json\/wp\/v2\/product_tag?post=745598"}],"curies":[{"name":"wp","href":"https:\/\/api.w.org\/{rel}","templated":true}]}}