{"id":745600,"date":"2025-03-03T20:23:49","date_gmt":"2025-03-03T19:23:49","guid":{"rendered":"https:\/\/stoic-curie.212-227-153-4.plesk.page\/producto\/samonapuhavajuci-prsluk-za-spasavanje-vsg-skipper-150-light-boja-plava\/"},"modified":"2026-02-25T00:01:25","modified_gmt":"2026-02-25T00:01:25","slug":"samonapuhavajuci-prsluk-za-spasavanje-vsg-skipper-150-light-boja-plava","status":"publish","type":"product","link":"https:\/\/stoic-curie.212-227-153-4.plesk.page\/hr\/product\/samonapuhavajuci-prsluk-za-spasavanje-vsg-skipper-150-light-boja-plava\/","title":{"rendered":"Samonapuhavajuci prsluk za spa\u0161avanje VSG Skipper 150 light boja plava"},"content":{"rendered":"<p>Samonapuhavajuci prsluk za spa\u0161avanje VSG Skipper 150 light boja plava  &#8211; <\/p>\n<p>Napuhavaju\u0107i prsluk za spa\u0161avanje VSG Skipper 150 LIGHT<br \/>\u2022 Automatska aktivacija &#8211; Certificiran prema EN ISO 12402-3<br \/>\u2022 Klasa plovnosti: 150N<br \/>\u2022 Stvarna plovnost: 150N<br \/>\u2022 Zatvaranje: Brza kop\u010da s pode\u0161avanjem<br \/>\u2022 Veli\u010dina: Jedna veli\u010dina za odrasle > 40 kg<br \/>\u2022 Obujam grudi: 80\/125 cm<br \/>\u2022 Navigacija: Plovila za u\u017eitak unutar i izvan 6 nauti\u010dkih milja od obale<\/p>\n","protected":false},"excerpt":{"rendered":"<p>Samonapuhavajuci prsluk za spa\u0161avanje VSG Skipper 150 light boja plava &#8211; Napuhavaju\u0107i prsluk za spa\u0161avanje VSG Skipper 150 LIGHT\u2022 Automatska<\/p>\n","protected":false},"featured_media":5949001,"comment_status":"open","ping_status":"closed","template":"","meta":[],"product_brand":[3516],"product_cat":[1601],"product_tag":[],"class_list":{"0":"post-745600","1":"product","2":"type-product","3":"status-publish","4":"has-post-thumbnail","6":"product_brand-veleria-san-giorgio-hr","7":"product_cat-odobreni-prsluci-za-spasavanje","9":"first","10":"instock","11":"shipping-taxable","12":"purchasable","13":"product-type-simple"},"_links":{"self":[{"href":"https:\/\/stoic-curie.212-227-153-4.plesk.page\/hr\/wp-json\/wp\/v2\/product\/745600","targetHints":{"allow":["GET"]}}],"collection":[{"href":"https:\/\/stoic-curie.212-227-153-4.plesk.page\/hr\/wp-json\/wp\/v2\/product"}],"about":[{"href":"https:\/\/stoic-curie.212-227-153-4.plesk.page\/hr\/wp-json\/wp\/v2\/types\/product"}],"replies":[{"embeddable":true,"href":"https:\/\/stoic-curie.212-227-153-4.plesk.page\/hr\/wp-json\/wp\/v2\/comments?post=745600"}],"version-history":[{"count":0,"href":"https:\/\/stoic-curie.212-227-153-4.plesk.page\/hr\/wp-json\/wp\/v2\/product\/745600\/revisions"}],"wp:featuredmedia":[{"embeddable":true,"href":"https:\/\/stoic-curie.212-227-153-4.plesk.page\/hr\/wp-json\/wp\/v2\/media\/5949001"}],"wp:attachment":[{"href":"https:\/\/stoic-curie.212-227-153-4.plesk.page\/hr\/wp-json\/wp\/v2\/media?parent=745600"}],"wp:term":[{"taxonomy":"product_brand","embeddable":true,"href":"https:\/\/stoic-curie.212-227-153-4.plesk.page\/hr\/wp-json\/wp\/v2\/product_brand?post=745600"},{"taxonomy":"product_cat","embeddable":true,"href":"https:\/\/stoic-curie.212-227-153-4.plesk.page\/hr\/wp-json\/wp\/v2\/product_cat?post=745600"},{"taxonomy":"product_tag","embeddable":true,"href":"https:\/\/stoic-curie.212-227-153-4.plesk.page\/hr\/wp-json\/wp\/v2\/product_tag?post=745600"}],"curies":[{"name":"wp","href":"https:\/\/api.w.org\/{rel}","templated":true}]}}