{"id":745602,"date":"2025-03-03T20:26:04","date_gmt":"2025-03-03T19:26:04","guid":{"rendered":"https:\/\/stoic-curie.212-227-153-4.plesk.page\/producto\/aluminijske-ljestve-za-tiki-platforme\/"},"modified":"2026-02-25T00:01:25","modified_gmt":"2026-02-25T00:01:25","slug":"aluminijske-ljestve-za-tiki-platforme","status":"publish","type":"product","link":"https:\/\/stoic-curie.212-227-153-4.plesk.page\/hr\/product\/aluminijske-ljestve-za-tiki-platforme\/","title":{"rendered":"Aluminijske ljestve za Tiki platforme"},"content":{"rendered":"<p>Aluminijske ljestve za Tiki platforme &#8211; <\/p>\n<p>Visoko otporna PVC oblo\u017eena Dropstitch poliester mre\u017easta pl floating platforma s unutarnjom strukturom u obliku sa\u0107a. Mo\u017ee se napuhati i ispuhati te se lako preklapa kako bi zauzela minimalan prostor. Opremljen protukliznim EVA podom i okruglim D-prstenovima od nehr\u0111aju\u0107eg \u010delika za pri\u010dvr\u0161\u0107ivanje na \u010damac ili druge plovne jedinice ili molove. Mo\u017ee se koristiti kao rekreacijska platforma, kao madrac za vodu ili kao platforma za odr\u017eavanje trupa. Opcionalna aluminijska ljestvica sa 3 stepenice, koja se lako mo\u017ee ukloniti zahvaljuju\u0107i spojevnim plo\u010dama koje su ve\u0107 prisutne na modelima 200\/400, za lijepljenje na model 150.<\/p>\n","protected":false},"excerpt":{"rendered":"<p>Aluminijske ljestve za Tiki platforme &#8211; Visoko otporna PVC oblo\u017eena Dropstitch poliester mre\u017easta pl floating platforma s unutarnjom strukturom u<\/p>\n","protected":false},"featured_media":5949005,"comment_status":"open","ping_status":"closed","template":"","meta":[],"product_brand":[3206],"product_cat":[1694,1614],"product_tag":[],"class_list":{"0":"post-745602","1":"product","2":"type-product","3":"status-publish","4":"has-post-thumbnail","6":"product_brand-nova-argonautica-hr","7":"product_cat-brodske-krmene-platforme","8":"product_cat-platforme-za-plivanje-na-brodu","10":"first","11":"instock","12":"shipping-taxable","13":"purchasable","14":"product-type-simple"},"_links":{"self":[{"href":"https:\/\/stoic-curie.212-227-153-4.plesk.page\/hr\/wp-json\/wp\/v2\/product\/745602","targetHints":{"allow":["GET"]}}],"collection":[{"href":"https:\/\/stoic-curie.212-227-153-4.plesk.page\/hr\/wp-json\/wp\/v2\/product"}],"about":[{"href":"https:\/\/stoic-curie.212-227-153-4.plesk.page\/hr\/wp-json\/wp\/v2\/types\/product"}],"replies":[{"embeddable":true,"href":"https:\/\/stoic-curie.212-227-153-4.plesk.page\/hr\/wp-json\/wp\/v2\/comments?post=745602"}],"version-history":[{"count":0,"href":"https:\/\/stoic-curie.212-227-153-4.plesk.page\/hr\/wp-json\/wp\/v2\/product\/745602\/revisions"}],"wp:featuredmedia":[{"embeddable":true,"href":"https:\/\/stoic-curie.212-227-153-4.plesk.page\/hr\/wp-json\/wp\/v2\/media\/5949005"}],"wp:attachment":[{"href":"https:\/\/stoic-curie.212-227-153-4.plesk.page\/hr\/wp-json\/wp\/v2\/media?parent=745602"}],"wp:term":[{"taxonomy":"product_brand","embeddable":true,"href":"https:\/\/stoic-curie.212-227-153-4.plesk.page\/hr\/wp-json\/wp\/v2\/product_brand?post=745602"},{"taxonomy":"product_cat","embeddable":true,"href":"https:\/\/stoic-curie.212-227-153-4.plesk.page\/hr\/wp-json\/wp\/v2\/product_cat?post=745602"},{"taxonomy":"product_tag","embeddable":true,"href":"https:\/\/stoic-curie.212-227-153-4.plesk.page\/hr\/wp-json\/wp\/v2\/product_tag?post=745602"}],"curies":[{"name":"wp","href":"https:\/\/api.w.org\/{rel}","templated":true}]}}