{"id":745614,"date":"2025-03-03T20:27:32","date_gmt":"2025-03-03T19:27:32","guid":{"rendered":"https:\/\/stoic-curie.212-227-153-4.plesk.page\/producto\/jobe-infinity-seascooter\/"},"modified":"2026-02-25T00:01:25","modified_gmt":"2026-02-25T00:01:25","slug":"jobe-infinity-seascooter","status":"publish","type":"product","link":"https:\/\/stoic-curie.212-227-153-4.plesk.page\/hr\/product\/jobe-infinity-seascooter\/","title":{"rendered":"Jobe Infinity seascooter"},"content":{"rendered":"<p>Jobe Infinity seascooter &#8211; <\/p>\n<p>Jobe Infinity Seascooter je vrhunski elektri\u010dni podvodni scooter dizajniran posebno za ronila\u010dke izlete na izvanrednim dubinama do 30 metara. Ovaj izvanredni ure\u0111aj omogu\u0107uje korisnicima istra\u017eivanje podvodnog svijeta s lako\u0107om i uzbudljivo\u0161\u0107u. Pru\u017ea ukupno vrijeme rada do 30 minuta s jednim punjenjem, \u0161to omogu\u0107uje dovoljno vremena za istra\u017eivanje prije nego \u0161to bude potrebno ponovno punjenje.<\/p>\n<p>Klju\u010dna zna\u010dajka ovog samopovratnog scootera su tri podesive brzinske postavke, \u0161to mu omogu\u0107uje postizanje brzina do 5 km\/h. Ova sposobnost omogu\u0107uje roniocima da se u\u010dinkovito kre\u0107u kroz vodu dok u\u017eivaju u uzbudljivom iskustvu podvodnog putovanja. Nadalje, Jobe Infinity Seascooter proizvodi sna\u017eno ubrzanje do 9 kg, osiguravaju\u0107i da korisnici mogu bez napora kliziti kroz vodu.<\/p>\n<p>Za one koji \u017eele zabilje\u017eiti svoje podvodne avanture, scooter dolazi s prakti\u010dnom monta\u017eom za akcijsku kameru, \u0161to olak\u0161ava dokumentiranje va\u0161ih iskustava. Pakiranje je pa\u017eljivo opremljeno s dvije litij-ionske baterije, vodootpornom torbom za sigurnu pohranu i kompletnim setom za disanje za dodatnu prakti\u010dnost. Svaka baterija se potpuno napuni za otprilike 4 sata, osiguravaju\u0107i da ste spremni za sljede\u0107e podvodno istra\u017eivanje.<\/p>\n","protected":false},"excerpt":{"rendered":"<p>Jobe Infinity seascooter &#8211; Jobe Infinity Seascooter je vrhunski elektri\u010dni podvodni scooter dizajniran posebno za ronila\u010dke izlete na izvanrednim dubinama<\/p>\n","protected":false},"featured_media":5949009,"comment_status":"open","ping_status":"closed","template":"","meta":[],"product_brand":[3041],"product_cat":[1844],"product_tag":[],"class_list":{"0":"post-745614","1":"product","2":"type-product","3":"status-publish","4":"has-post-thumbnail","6":"product_brand-jobe-sports-hr","7":"product_cat-oprema-za-ronjenje","9":"first","10":"instock","11":"shipping-taxable","12":"purchasable","13":"product-type-simple"},"_links":{"self":[{"href":"https:\/\/stoic-curie.212-227-153-4.plesk.page\/hr\/wp-json\/wp\/v2\/product\/745614","targetHints":{"allow":["GET"]}}],"collection":[{"href":"https:\/\/stoic-curie.212-227-153-4.plesk.page\/hr\/wp-json\/wp\/v2\/product"}],"about":[{"href":"https:\/\/stoic-curie.212-227-153-4.plesk.page\/hr\/wp-json\/wp\/v2\/types\/product"}],"replies":[{"embeddable":true,"href":"https:\/\/stoic-curie.212-227-153-4.plesk.page\/hr\/wp-json\/wp\/v2\/comments?post=745614"}],"version-history":[{"count":0,"href":"https:\/\/stoic-curie.212-227-153-4.plesk.page\/hr\/wp-json\/wp\/v2\/product\/745614\/revisions"}],"wp:featuredmedia":[{"embeddable":true,"href":"https:\/\/stoic-curie.212-227-153-4.plesk.page\/hr\/wp-json\/wp\/v2\/media\/5949009"}],"wp:attachment":[{"href":"https:\/\/stoic-curie.212-227-153-4.plesk.page\/hr\/wp-json\/wp\/v2\/media?parent=745614"}],"wp:term":[{"taxonomy":"product_brand","embeddable":true,"href":"https:\/\/stoic-curie.212-227-153-4.plesk.page\/hr\/wp-json\/wp\/v2\/product_brand?post=745614"},{"taxonomy":"product_cat","embeddable":true,"href":"https:\/\/stoic-curie.212-227-153-4.plesk.page\/hr\/wp-json\/wp\/v2\/product_cat?post=745614"},{"taxonomy":"product_tag","embeddable":true,"href":"https:\/\/stoic-curie.212-227-153-4.plesk.page\/hr\/wp-json\/wp\/v2\/product_tag?post=745614"}],"curies":[{"name":"wp","href":"https:\/\/api.w.org\/{rel}","templated":true}]}}