{"id":745615,"date":"2025-03-03T20:27:32","date_gmt":"2025-03-03T19:27:32","guid":{"rendered":"https:\/\/stoic-curie.212-227-153-4.plesk.page\/producto\/jobe-infinity-seascooter-pro-kit\/"},"modified":"2026-02-25T00:01:25","modified_gmt":"2026-02-25T00:01:25","slug":"jobe-infinity-seascooter-pro-kit","status":"publish","type":"product","link":"https:\/\/stoic-curie.212-227-153-4.plesk.page\/hr\/product\/jobe-infinity-seascooter-pro-kit\/","title":{"rendered":"Jobe Infinity seascooter Pro Kit"},"content":{"rendered":"<p>Jobe Infinity seascooter Pro Kit &#8211; <\/p>\n<p><strong>Jobe Infinity Seascooter Pro Paket<\/strong><\/p>\n<p>Uputite se u uzbudljivo putovanje podvodnom istra\u017eivanju s Jobe Infinity Seascooter Pro paketom. Ovaj inovativni elektri\u010dni skuter s automatskim plovkom dizajniran je za glatko kretanje kroz vodu, posti\u017eu\u0107i impresivne brzine do 8,5 km\/h. Bilo da ste iskusni ronilac ili povremeni snorkeler, ovaj seascooter \u0107e unaprijediti va\u0161e vodene avanture, omogu\u0107uju\u0107i vam ronjenje do izvanrednih dubina od 30 metara.<\/p>\n<p>Jedna od istaknutih zna\u010dajki Jobe Infinity Seascootera je njegova svestranost, s tri razli\u010dita pode\u0161avanja brzine. To vam omogu\u0107uje prilagodbu do\u017eivljaja prema va\u0161em razini udobnosti i uvjetima vode. Dodatno, paket uklju\u010duje GoPro nosa\u010d, koji vam omogu\u0107ava da zabilje\u017eite svoja podvodna iskustva u zapanjuju\u0107im detaljima. Zamislite mogu\u0107nost dokumentiranja va\u0161ih susreta s \u017eivopisnim morskim \u017eivotom ili zadivljuju\u0107om ljepotom koraljnih grebena, sve dok u\u017eivate u uzbudljivom vo\u017enji na va\u0161em seascooteru.<\/p>\n<p>Radi va\u0161e udobnosti, Jobe Infinity Seascooter Pro paket dolazi s podesivom torbom za jednostavno preno\u0161enje i pohranu, kao i setom za snorklanje koji pobolj\u0161ava va\u0161e podvodno iskustvo. S vremenom punjenja od samo 4,5 sati po bateriji, mo\u017eete u\u017eivati u do dva ponavljanja od 37,5 minuta, osiguravaju\u0107i da su va\u0161a vodena putovanja brzopotezna i ugodna.<\/p>\n<p>Jobe Infinity Seascooter posebno je dizajniran za ronila\u010dke avanture, omogu\u0107avaju\u0107i vam istra\u017eivanje dubina do 30 metara. Svaka baterija pru\u017ea ukupno trajanje do 40 minuta, daju\u0107i vam dovoljno vremena za istra\u017eivanje podvodnog svijeta. Seascooter se automatski odr\u017eava na povr\u0161ini, \u0161to dodaje dodatni sloj sigurnosti i udobnosti. S tri razine brzine, mo\u017ee dosti\u0107i brzine do 5 km\/h, generiraju\u0107i potisak do 9 kg.<\/p>\n<p>U paketu se nalaze dvije sna\u017ene Li-ion baterije, vodootporna torba za sigurnu pohranu i set za snorklanje kako biste osigurali da imate sve \u0161to vam je potrebno za fantasti\u010dno podvodno iskustvo. Svaka baterija se puni otprilike 4 sata, omogu\u0107avaju\u0107i vam da maksimalno iskoristite vrijeme provedeno istra\u017euju\u0107i dubine oceana.<\/p>\n","protected":false},"excerpt":{"rendered":"<p>Jobe Infinity seascooter Pro Kit &#8211; Jobe Infinity Seascooter Pro Paket Uputite se u uzbudljivo putovanje podvodnom istra\u017eivanju s Jobe<\/p>\n","protected":false},"featured_media":5949014,"comment_status":"open","ping_status":"closed","template":"","meta":[],"product_brand":[3041],"product_cat":[1844],"product_tag":[],"class_list":{"0":"post-745615","1":"product","2":"type-product","3":"status-publish","4":"has-post-thumbnail","6":"product_brand-jobe-sports-hr","7":"product_cat-oprema-za-ronjenje","9":"first","10":"outofstock","11":"shipping-taxable","12":"purchasable","13":"product-type-simple"},"_links":{"self":[{"href":"https:\/\/stoic-curie.212-227-153-4.plesk.page\/hr\/wp-json\/wp\/v2\/product\/745615","targetHints":{"allow":["GET"]}}],"collection":[{"href":"https:\/\/stoic-curie.212-227-153-4.plesk.page\/hr\/wp-json\/wp\/v2\/product"}],"about":[{"href":"https:\/\/stoic-curie.212-227-153-4.plesk.page\/hr\/wp-json\/wp\/v2\/types\/product"}],"replies":[{"embeddable":true,"href":"https:\/\/stoic-curie.212-227-153-4.plesk.page\/hr\/wp-json\/wp\/v2\/comments?post=745615"}],"version-history":[{"count":0,"href":"https:\/\/stoic-curie.212-227-153-4.plesk.page\/hr\/wp-json\/wp\/v2\/product\/745615\/revisions"}],"wp:featuredmedia":[{"embeddable":true,"href":"https:\/\/stoic-curie.212-227-153-4.plesk.page\/hr\/wp-json\/wp\/v2\/media\/5949014"}],"wp:attachment":[{"href":"https:\/\/stoic-curie.212-227-153-4.plesk.page\/hr\/wp-json\/wp\/v2\/media?parent=745615"}],"wp:term":[{"taxonomy":"product_brand","embeddable":true,"href":"https:\/\/stoic-curie.212-227-153-4.plesk.page\/hr\/wp-json\/wp\/v2\/product_brand?post=745615"},{"taxonomy":"product_cat","embeddable":true,"href":"https:\/\/stoic-curie.212-227-153-4.plesk.page\/hr\/wp-json\/wp\/v2\/product_cat?post=745615"},{"taxonomy":"product_tag","embeddable":true,"href":"https:\/\/stoic-curie.212-227-153-4.plesk.page\/hr\/wp-json\/wp\/v2\/product_tag?post=745615"}],"curies":[{"name":"wp","href":"https:\/\/api.w.org\/{rel}","templated":true}]}}