{"id":745662,"date":"2025-03-03T20:27:45","date_gmt":"2025-03-03T19:27:45","guid":{"rendered":"https:\/\/stoic-curie.212-227-153-4.plesk.page\/producto\/nehrdajuci-propeler-sierra-za-volvo-penta-sx-14-3-4-x-17-rh\/"},"modified":"2026-02-25T00:01:25","modified_gmt":"2026-02-25T00:01:25","slug":"nehrdajuci-propeler-sierra-za-volvo-penta-sx-14-3-4-x-17-rh","status":"publish","type":"product","link":"https:\/\/stoic-curie.212-227-153-4.plesk.page\/hr\/product\/nehrdajuci-propeler-sierra-za-volvo-penta-sx-14-3-4-x-17-rh\/","title":{"rendered":"Nehr\u0111aju\u0107i propeler Sierra za Volvo Penta SX 14 3\/4 x 17 (RH)"},"content":{"rendered":"<p>Nehr\u0111aju\u0107i propeler Sierra za Volvo Penta SX 14 3\/4 x 17 (RH) &#8211; <\/p>\n<p>Alice inox propeleri za Volvo Penta SX vanbrodske motore. Izra\u0111eni od A4 Duplex ASTM-A890 nehr\u0111aju\u0107eg \u010delika, 3D lasersko skeniranje za stati\u010dku i dinami\u010dku kontrolu, ogledalo poliranja s elektri\u010dnom tehnologijom, visoka u\u010dinkovitost i smanjena potro\u0161nja zahvaljuju\u0107i savr\u0161eno oblikovanim o\u0161tricama.<br \/>Za Volvo Penta SX vanbrodske motore:<br \/>Cobra SX [1994>]<br \/>Volvo Penta SX 3.0L\/4.3L\/5.0L\/5.7L\/5.8L\/7.4L\/8.2L [svi]<\/p>\n","protected":false},"excerpt":{"rendered":"<p>Nehr\u0111aju\u0107i propeler Sierra za Volvo Penta SX 14 3\/4 x 17 (RH) &#8211; Alice inox propeleri za Volvo Penta SX<\/p>\n","protected":false},"featured_media":5949020,"comment_status":"open","ping_status":"closed","template":"","meta":[],"product_brand":[3391],"product_cat":[1829],"product_tag":[],"class_list":{"0":"post-745662","1":"product","2":"type-product","3":"status-publish","4":"has-post-thumbnail","6":"product_brand-sierra-marine-hr","7":"product_cat-rezervni-dijelovi-za-motore-volvo-penta","9":"first","10":"instock","11":"shipping-taxable","12":"purchasable","13":"product-type-simple"},"_links":{"self":[{"href":"https:\/\/stoic-curie.212-227-153-4.plesk.page\/hr\/wp-json\/wp\/v2\/product\/745662","targetHints":{"allow":["GET"]}}],"collection":[{"href":"https:\/\/stoic-curie.212-227-153-4.plesk.page\/hr\/wp-json\/wp\/v2\/product"}],"about":[{"href":"https:\/\/stoic-curie.212-227-153-4.plesk.page\/hr\/wp-json\/wp\/v2\/types\/product"}],"replies":[{"embeddable":true,"href":"https:\/\/stoic-curie.212-227-153-4.plesk.page\/hr\/wp-json\/wp\/v2\/comments?post=745662"}],"version-history":[{"count":0,"href":"https:\/\/stoic-curie.212-227-153-4.plesk.page\/hr\/wp-json\/wp\/v2\/product\/745662\/revisions"}],"wp:featuredmedia":[{"embeddable":true,"href":"https:\/\/stoic-curie.212-227-153-4.plesk.page\/hr\/wp-json\/wp\/v2\/media\/5949020"}],"wp:attachment":[{"href":"https:\/\/stoic-curie.212-227-153-4.plesk.page\/hr\/wp-json\/wp\/v2\/media?parent=745662"}],"wp:term":[{"taxonomy":"product_brand","embeddable":true,"href":"https:\/\/stoic-curie.212-227-153-4.plesk.page\/hr\/wp-json\/wp\/v2\/product_brand?post=745662"},{"taxonomy":"product_cat","embeddable":true,"href":"https:\/\/stoic-curie.212-227-153-4.plesk.page\/hr\/wp-json\/wp\/v2\/product_cat?post=745662"},{"taxonomy":"product_tag","embeddable":true,"href":"https:\/\/stoic-curie.212-227-153-4.plesk.page\/hr\/wp-json\/wp\/v2\/product_tag?post=745662"}],"curies":[{"name":"wp","href":"https:\/\/api.w.org\/{rel}","templated":true}]}}