{"id":745674,"date":"2025-03-03T20:27:48","date_gmt":"2025-03-03T19:27:48","guid":{"rendered":"https:\/\/stoic-curie.212-227-153-4.plesk.page\/producto\/plinski-stednjak-dometic-2-plamenika-480-x-370-mm\/"},"modified":"2026-02-25T00:01:25","modified_gmt":"2026-02-25T00:01:25","slug":"plinski-stednjak-dometic-2-plamenika-480-x-370-mm","status":"publish","type":"product","link":"https:\/\/stoic-curie.212-227-153-4.plesk.page\/hr\/product\/plinski-stednjak-dometic-2-plamenika-480-x-370-mm\/","title":{"rendered":"Plinski \u0161tednjak Dometic 2 plamenika 480 x 370 mm"},"content":{"rendered":"<p>Plinski \u0161tednjak Dometic 2 plamenika 480 x 370 mm &#8211; <\/p>\n<p>Ugradni plin za kuhanje od satiniranog nehr\u0111aju\u0107eg \u010delika s sigurnosnim termo\u010dlanovima i poklopcem od kaljenog stakla.<\/p>\n","protected":false},"excerpt":{"rendered":"<p>Plinski \u0161tednjak Dometic 2 plamenika 480 x 370 mm &#8211; Ugradni plin za kuhanje od satiniranog nehr\u0111aju\u0107eg \u010delika s sigurnosnim<\/p>\n","protected":false},"featured_media":5949022,"comment_status":"open","ping_status":"closed","template":"","meta":[],"product_brand":[2896],"product_cat":[1641],"product_tag":[],"class_list":{"0":"post-745674","1":"product","2":"type-product","3":"status-publish","4":"has-post-thumbnail","6":"product_brand-dometic-hr","7":"product_cat-brodski-stednjaci","9":"first","10":"instock","11":"shipping-taxable","12":"purchasable","13":"product-type-simple"},"_links":{"self":[{"href":"https:\/\/stoic-curie.212-227-153-4.plesk.page\/hr\/wp-json\/wp\/v2\/product\/745674","targetHints":{"allow":["GET"]}}],"collection":[{"href":"https:\/\/stoic-curie.212-227-153-4.plesk.page\/hr\/wp-json\/wp\/v2\/product"}],"about":[{"href":"https:\/\/stoic-curie.212-227-153-4.plesk.page\/hr\/wp-json\/wp\/v2\/types\/product"}],"replies":[{"embeddable":true,"href":"https:\/\/stoic-curie.212-227-153-4.plesk.page\/hr\/wp-json\/wp\/v2\/comments?post=745674"}],"version-history":[{"count":0,"href":"https:\/\/stoic-curie.212-227-153-4.plesk.page\/hr\/wp-json\/wp\/v2\/product\/745674\/revisions"}],"wp:featuredmedia":[{"embeddable":true,"href":"https:\/\/stoic-curie.212-227-153-4.plesk.page\/hr\/wp-json\/wp\/v2\/media\/5949022"}],"wp:attachment":[{"href":"https:\/\/stoic-curie.212-227-153-4.plesk.page\/hr\/wp-json\/wp\/v2\/media?parent=745674"}],"wp:term":[{"taxonomy":"product_brand","embeddable":true,"href":"https:\/\/stoic-curie.212-227-153-4.plesk.page\/hr\/wp-json\/wp\/v2\/product_brand?post=745674"},{"taxonomy":"product_cat","embeddable":true,"href":"https:\/\/stoic-curie.212-227-153-4.plesk.page\/hr\/wp-json\/wp\/v2\/product_cat?post=745674"},{"taxonomy":"product_tag","embeddable":true,"href":"https:\/\/stoic-curie.212-227-153-4.plesk.page\/hr\/wp-json\/wp\/v2\/product_tag?post=745674"}],"curies":[{"name":"wp","href":"https:\/\/api.w.org\/{rel}","templated":true}]}}