{"id":745689,"date":"2025-03-03T20:31:00","date_gmt":"2025-03-03T19:31:00","guid":{"rendered":"https:\/\/stoic-curie.212-227-153-4.plesk.page\/producto\/propeler-yamaha-8-1-2-x-9-1-4-rh\/"},"modified":"2026-02-25T00:01:25","modified_gmt":"2026-02-25T00:01:25","slug":"propeler-yamaha-8-1-2-x-9-1-4-rh","status":"publish","type":"product","link":"https:\/\/stoic-curie.212-227-153-4.plesk.page\/hr\/product\/propeler-yamaha-8-1-2-x-9-1-4-rh\/","title":{"rendered":"Propeler Yamaha 8 1\/2 x 9 1\/4 RH"},"content":{"rendered":"<p>Propeler Yamaha 8 1\/2 x 9 1\/4 RH &#8211; <\/p>\n<p>Alice aluminijski propeleri za Yamaha vanbrodske motore. Izra\u0111eni od aluminijsko-titanijske legure za zrakoplovstvo. 3D lasersko skeniranje za stati\u010dku i dinami\u010dku kontrolu. Robotizirano AkzoNobel prema\u0161ivanje. Visoka efikasnost i smanjena potro\u0161nja zahvaljuju\u0107i savr\u0161eno oblikovanim krilima. Monta\u017eni komplet mora se naru\u010diti odvojeno ako je potrebno zamijeniti matice, podlo\u0161ke i razmaknice. Za Yamaha vanbrodske motore: 6C (2-takt) [19862000], F6A (4-takt) [20012010], 8C (2-takt) [19862009], F8C (4-takt) [2001>], F9.9\/F9.9J (4-takt) [2008>]<\/p>\n","protected":false},"excerpt":{"rendered":"<p>Propeler Yamaha 8 1\/2 x 9 1\/4 RH &#8211; Alice aluminijski propeleri za Yamaha vanbrodske motore. Izra\u0111eni od aluminijsko-titanijske legure<\/p>\n","protected":false},"featured_media":5949024,"comment_status":"open","ping_status":"closed","template":"","meta":[],"product_brand":[3391],"product_cat":[1803,1831],"product_tag":[],"class_list":{"0":"post-745689","1":"product","2":"type-product","3":"status-publish","4":"has-post-thumbnail","6":"product_brand-sierra-marine-hr","7":"product_cat-propeleri-za-vanbrodske-motore","8":"product_cat-rezervni-dijelovi-za-vanbrodske-motore-yamaha","10":"first","11":"instock","12":"shipping-taxable","13":"purchasable","14":"product-type-simple"},"_links":{"self":[{"href":"https:\/\/stoic-curie.212-227-153-4.plesk.page\/hr\/wp-json\/wp\/v2\/product\/745689","targetHints":{"allow":["GET"]}}],"collection":[{"href":"https:\/\/stoic-curie.212-227-153-4.plesk.page\/hr\/wp-json\/wp\/v2\/product"}],"about":[{"href":"https:\/\/stoic-curie.212-227-153-4.plesk.page\/hr\/wp-json\/wp\/v2\/types\/product"}],"replies":[{"embeddable":true,"href":"https:\/\/stoic-curie.212-227-153-4.plesk.page\/hr\/wp-json\/wp\/v2\/comments?post=745689"}],"version-history":[{"count":0,"href":"https:\/\/stoic-curie.212-227-153-4.plesk.page\/hr\/wp-json\/wp\/v2\/product\/745689\/revisions"}],"wp:featuredmedia":[{"embeddable":true,"href":"https:\/\/stoic-curie.212-227-153-4.plesk.page\/hr\/wp-json\/wp\/v2\/media\/5949024"}],"wp:attachment":[{"href":"https:\/\/stoic-curie.212-227-153-4.plesk.page\/hr\/wp-json\/wp\/v2\/media?parent=745689"}],"wp:term":[{"taxonomy":"product_brand","embeddable":true,"href":"https:\/\/stoic-curie.212-227-153-4.plesk.page\/hr\/wp-json\/wp\/v2\/product_brand?post=745689"},{"taxonomy":"product_cat","embeddable":true,"href":"https:\/\/stoic-curie.212-227-153-4.plesk.page\/hr\/wp-json\/wp\/v2\/product_cat?post=745689"},{"taxonomy":"product_tag","embeddable":true,"href":"https:\/\/stoic-curie.212-227-153-4.plesk.page\/hr\/wp-json\/wp\/v2\/product_tag?post=745689"}],"curies":[{"name":"wp","href":"https:\/\/api.w.org\/{rel}","templated":true}]}}