{"id":745690,"date":"2025-03-03T20:31:00","date_gmt":"2025-03-03T19:31:00","guid":{"rendered":"https:\/\/stoic-curie.212-227-153-4.plesk.page\/producto\/propeler-yamaha-9-1-4-x-8-rh\/"},"modified":"2026-02-25T00:01:25","modified_gmt":"2026-02-25T00:01:25","slug":"propeler-yamaha-9-1-4-x-8-rh","status":"publish","type":"product","link":"https:\/\/stoic-curie.212-227-153-4.plesk.page\/hr\/product\/propeler-yamaha-9-1-4-x-8-rh\/","title":{"rendered":"Propeler Yamaha 9 1\/4 x 8 RH"},"content":{"rendered":"<p>Propeler Yamaha 9 1\/4 x 8 RH &#8211; <\/p>\n<p>Alice aluminijski propelers za Yamaha vanbrodske motore. Izra\u0111en od legure aluminija-titanija za zrakoplovstvo. 3D lasersko skeniranje za stati\u010dku i dinami\u010dku kontrolu. Robotska AkzoNobel pra\u0161kasta boja. Visoka u\u010dinkovitost i smanjena potro\u0161nja zahvaljuju\u0107i savr\u0161eno oblikovanim krilcima. Monta\u017eni komplet potrebno je naru\u010diti zasebno ako je potrebno zamijeniti matice, podlo\u0161ke i razmaknice. Za Yamaha vanbrodske motore: FT8\/FT9.9 [svi] 9.9D\/9.9F\/15D\/15F (2-taktni) [19842009] F8B\/F9.9B\/F9.9C (4-taktni) [20002007] F15A\/F15C\/F20B (4-taktni) [2007>]<\/p>\n","protected":false},"excerpt":{"rendered":"<p>Propeler Yamaha 9 1\/4 x 8 RH &#8211; Alice aluminijski propelers za Yamaha vanbrodske motore. Izra\u0111en od legure aluminija-titanija za<\/p>\n","protected":false},"featured_media":5949026,"comment_status":"open","ping_status":"closed","template":"","meta":[],"product_brand":[3391],"product_cat":[1803,1831],"product_tag":[],"class_list":{"0":"post-745690","1":"product","2":"type-product","3":"status-publish","4":"has-post-thumbnail","6":"product_brand-sierra-marine-hr","7":"product_cat-propeleri-za-vanbrodske-motore","8":"product_cat-rezervni-dijelovi-za-vanbrodske-motore-yamaha","10":"first","11":"instock","12":"shipping-taxable","13":"purchasable","14":"product-type-simple"},"_links":{"self":[{"href":"https:\/\/stoic-curie.212-227-153-4.plesk.page\/hr\/wp-json\/wp\/v2\/product\/745690","targetHints":{"allow":["GET"]}}],"collection":[{"href":"https:\/\/stoic-curie.212-227-153-4.plesk.page\/hr\/wp-json\/wp\/v2\/product"}],"about":[{"href":"https:\/\/stoic-curie.212-227-153-4.plesk.page\/hr\/wp-json\/wp\/v2\/types\/product"}],"replies":[{"embeddable":true,"href":"https:\/\/stoic-curie.212-227-153-4.plesk.page\/hr\/wp-json\/wp\/v2\/comments?post=745690"}],"version-history":[{"count":0,"href":"https:\/\/stoic-curie.212-227-153-4.plesk.page\/hr\/wp-json\/wp\/v2\/product\/745690\/revisions"}],"wp:featuredmedia":[{"embeddable":true,"href":"https:\/\/stoic-curie.212-227-153-4.plesk.page\/hr\/wp-json\/wp\/v2\/media\/5949026"}],"wp:attachment":[{"href":"https:\/\/stoic-curie.212-227-153-4.plesk.page\/hr\/wp-json\/wp\/v2\/media?parent=745690"}],"wp:term":[{"taxonomy":"product_brand","embeddable":true,"href":"https:\/\/stoic-curie.212-227-153-4.plesk.page\/hr\/wp-json\/wp\/v2\/product_brand?post=745690"},{"taxonomy":"product_cat","embeddable":true,"href":"https:\/\/stoic-curie.212-227-153-4.plesk.page\/hr\/wp-json\/wp\/v2\/product_cat?post=745690"},{"taxonomy":"product_tag","embeddable":true,"href":"https:\/\/stoic-curie.212-227-153-4.plesk.page\/hr\/wp-json\/wp\/v2\/product_tag?post=745690"}],"curies":[{"name":"wp","href":"https:\/\/api.w.org\/{rel}","templated":true}]}}