{"id":745698,"date":"2025-03-03T20:31:03","date_gmt":"2025-03-03T19:31:03","guid":{"rendered":"https:\/\/stoic-curie.212-227-153-4.plesk.page\/producto\/propeler-za-yamahu-9-7-8-x-12-rh\/"},"modified":"2026-02-25T00:01:25","modified_gmt":"2026-02-25T00:01:25","slug":"propeler-za-yamahu-9-7-8-x-12-rh","status":"publish","type":"product","link":"https:\/\/stoic-curie.212-227-153-4.plesk.page\/hr\/product\/propeler-za-yamahu-9-7-8-x-12-rh\/","title":{"rendered":"Propeler za Yamahu 9 7\/8 x 12 RH"},"content":{"rendered":"<p>Propeler za Yamahu 9 7\/8 x 12 RH &#8211; <\/p>\n<p>Alice aluminijski propeleri za Yamaha vanbrodske motore.<br \/>Izra\u0111eni od aero-aluminijumske legure titana.<br \/>3D lasersko skeniranje za stati\u010dku i dinami\u010dku kontrolu.<br \/>Robotizirano AkzoNobel pra\u0161kasto premazivanje.<br \/>Visoka efikasnost i smanjena potro\u0161nja zahvaljuju\u0107i savr\u0161enom oblikovanju krila.<br \/>Mont\u00e1\u017eni set mora biti naru\u010den odvojeno ako je potrebno zamijeniti matice, podlo\u017eke i razmaknice.<br \/>Za Yamaha vanbrodske motore:<br \/>20C\/D(2-takt) [1996-1997]<br \/>25B\/D\/N\/V(2-takt) [1980>]<br \/>F25A\/D\/G(4-takt) [2010>]<br \/>30\/A\/D\/G(2-takt) [1979-2002]<\/p>\n","protected":false},"excerpt":{"rendered":"<p>Propeler za Yamahu 9 7\/8 x 12 RH &#8211; Alice aluminijski propeleri za Yamaha vanbrodske motore.Izra\u0111eni od aero-aluminijumske legure titana.3D<\/p>\n","protected":false},"featured_media":5949028,"comment_status":"open","ping_status":"closed","template":"","meta":[],"product_brand":[3391],"product_cat":[1803,1831],"product_tag":[],"class_list":{"0":"post-745698","1":"product","2":"type-product","3":"status-publish","4":"has-post-thumbnail","6":"product_brand-sierra-marine-hr","7":"product_cat-propeleri-za-vanbrodske-motore","8":"product_cat-rezervni-dijelovi-za-vanbrodske-motore-yamaha","10":"first","11":"instock","12":"shipping-taxable","13":"purchasable","14":"product-type-simple"},"_links":{"self":[{"href":"https:\/\/stoic-curie.212-227-153-4.plesk.page\/hr\/wp-json\/wp\/v2\/product\/745698","targetHints":{"allow":["GET"]}}],"collection":[{"href":"https:\/\/stoic-curie.212-227-153-4.plesk.page\/hr\/wp-json\/wp\/v2\/product"}],"about":[{"href":"https:\/\/stoic-curie.212-227-153-4.plesk.page\/hr\/wp-json\/wp\/v2\/types\/product"}],"replies":[{"embeddable":true,"href":"https:\/\/stoic-curie.212-227-153-4.plesk.page\/hr\/wp-json\/wp\/v2\/comments?post=745698"}],"version-history":[{"count":0,"href":"https:\/\/stoic-curie.212-227-153-4.plesk.page\/hr\/wp-json\/wp\/v2\/product\/745698\/revisions"}],"wp:featuredmedia":[{"embeddable":true,"href":"https:\/\/stoic-curie.212-227-153-4.plesk.page\/hr\/wp-json\/wp\/v2\/media\/5949028"}],"wp:attachment":[{"href":"https:\/\/stoic-curie.212-227-153-4.plesk.page\/hr\/wp-json\/wp\/v2\/media?parent=745698"}],"wp:term":[{"taxonomy":"product_brand","embeddable":true,"href":"https:\/\/stoic-curie.212-227-153-4.plesk.page\/hr\/wp-json\/wp\/v2\/product_brand?post=745698"},{"taxonomy":"product_cat","embeddable":true,"href":"https:\/\/stoic-curie.212-227-153-4.plesk.page\/hr\/wp-json\/wp\/v2\/product_cat?post=745698"},{"taxonomy":"product_tag","embeddable":true,"href":"https:\/\/stoic-curie.212-227-153-4.plesk.page\/hr\/wp-json\/wp\/v2\/product_tag?post=745698"}],"curies":[{"name":"wp","href":"https:\/\/api.w.org\/{rel}","templated":true}]}}