{"id":745709,"date":"2025-03-03T20:31:06","date_gmt":"2025-03-03T19:31:06","guid":{"rendered":"https:\/\/stoic-curie.212-227-153-4.plesk.page\/producto\/podvodno-led-svjetlo-astel-marine-bijelo-20wt\/"},"modified":"2026-02-25T00:01:25","modified_gmt":"2026-02-25T00:01:25","slug":"podvodno-led-svjetlo-astel-marine-bijelo-20wt","status":"publish","type":"product","link":"https:\/\/stoic-curie.212-227-153-4.plesk.page\/hr\/product\/podvodno-led-svjetlo-astel-marine-bijelo-20wt\/","title":{"rendered":"Podvodno LED svjetlo Astel Marine bijelo 20wt"},"content":{"rendered":"<p>Podvodno LED svjetlo Astel Marine bijelo 20wt &#8211; <\/p>\n<p>Ultra-tanka podvodna LED svjetla s tijelom od nehr\u0111aju\u0107eg \u010delika SAE316L. Izra\u0111eni su prema RINa specifikacijama s bijelim svjetlom od 8000\u00c2\u00b0K, pro\u0161irenim na 60\u00c2\u00b0 i neuni\u0161tivim polikarbonatnim le\u0107ama s vakuumskim LED reflektorima. Zape\u010da\u0107ena elektronika s integriranim upravlja\u010dem i krugom za\u0161ti\u0107enim od prenapona, reversibilnog polariteta i pregrijavanja. Jednostavna instalacija ispod vodene linije s 10 mm otvorom za napajanje i 4 M6x80 mm vijka.<\/p>\n<p>Upozorenje: svjetla moraju uvijek biti uronjena u vodu kako bi se izbjegle kvarove uzrokovane dugotrajnim pregrijavanjem. Preporu\u010duje se odgovaraju\u0107a katodna za\u0161tita, posebno ako se instalira na metalnim trupu.<\/p>\n","protected":false},"excerpt":{"rendered":"<p>Podvodno LED svjetlo Astel Marine bijelo 20wt &#8211; Ultra-tanka podvodna LED svjetla s tijelom od nehr\u0111aju\u0107eg \u010delika SAE316L. Izra\u0111eni su<\/p>\n","protected":false},"featured_media":5949040,"comment_status":"open","ping_status":"closed","template":"","meta":[],"product_brand":[2801],"product_cat":[1731],"product_tag":[],"class_list":{"0":"post-745709","1":"product","2":"type-product","3":"status-publish","4":"has-post-thumbnail","6":"product_brand-astel-marine-hr","7":"product_cat-uronjiva-led-svjetla","9":"first","10":"outofstock","11":"shipping-taxable","12":"purchasable","13":"product-type-simple"},"_links":{"self":[{"href":"https:\/\/stoic-curie.212-227-153-4.plesk.page\/hr\/wp-json\/wp\/v2\/product\/745709","targetHints":{"allow":["GET"]}}],"collection":[{"href":"https:\/\/stoic-curie.212-227-153-4.plesk.page\/hr\/wp-json\/wp\/v2\/product"}],"about":[{"href":"https:\/\/stoic-curie.212-227-153-4.plesk.page\/hr\/wp-json\/wp\/v2\/types\/product"}],"replies":[{"embeddable":true,"href":"https:\/\/stoic-curie.212-227-153-4.plesk.page\/hr\/wp-json\/wp\/v2\/comments?post=745709"}],"version-history":[{"count":0,"href":"https:\/\/stoic-curie.212-227-153-4.plesk.page\/hr\/wp-json\/wp\/v2\/product\/745709\/revisions"}],"wp:featuredmedia":[{"embeddable":true,"href":"https:\/\/stoic-curie.212-227-153-4.plesk.page\/hr\/wp-json\/wp\/v2\/media\/5949040"}],"wp:attachment":[{"href":"https:\/\/stoic-curie.212-227-153-4.plesk.page\/hr\/wp-json\/wp\/v2\/media?parent=745709"}],"wp:term":[{"taxonomy":"product_brand","embeddable":true,"href":"https:\/\/stoic-curie.212-227-153-4.plesk.page\/hr\/wp-json\/wp\/v2\/product_brand?post=745709"},{"taxonomy":"product_cat","embeddable":true,"href":"https:\/\/stoic-curie.212-227-153-4.plesk.page\/hr\/wp-json\/wp\/v2\/product_cat?post=745709"},{"taxonomy":"product_tag","embeddable":true,"href":"https:\/\/stoic-curie.212-227-153-4.plesk.page\/hr\/wp-json\/wp\/v2\/product_tag?post=745709"}],"curies":[{"name":"wp","href":"https:\/\/api.w.org\/{rel}","templated":true}]}}