{"id":745711,"date":"2025-03-03T20:31:07","date_gmt":"2025-03-03T19:31:07","guid":{"rendered":"https:\/\/stoic-curie.212-227-153-4.plesk.page\/producto\/dimmer-astel-marine\/"},"modified":"2026-02-25T00:01:25","modified_gmt":"2026-02-25T00:01:25","slug":"dimmer-astel-marine","status":"publish","type":"product","link":"https:\/\/stoic-curie.212-227-153-4.plesk.page\/hr\/product\/dimmer-astel-marine\/","title":{"rendered":"Dimmer Astel Marine"},"content":{"rendered":"<p>Dimmer Astel Marine &#8211; <\/p>\n<p>Ultra-tanki podvodni LED svjetlo s tijelom od AB2 bron\u010danih i aluminijskih legura, formulirano za nepobjedivu otpornost na koroziju i oksidaciju. Izgra\u0111eno prema RINa specifikacijama s bijelim svjetlom od 8000\u00c2\u00b0K pro\u0161irenim na 60\u00c2\u00b0 i prozorcima od polikarbonata otporni na lom s vakuum LED reflektorima. Zape\u010da\u0107ena elektronika s integriranim voza\u010dem i krugovima za\u0161ti\u0107enim od naponskih vrhova, obrnutih polariteta i pregrijavanja. Jednostavna instalacija ispod razine vode s 10 mm elektri\u010dnim rupama i 4 M6x80 mm vijcima.<\/p>\n<p>Upozorenje: svjetla moraju uvijek biti uronjena u vodu kako bi se izbjegli kvarovi zbog dugotrajne pregrijavanja. Preporu\u010duje se prikladna katodna za\u0161tita, posebno ako se instalira na metalnim trupa.<\/p>\n","protected":false},"excerpt":{"rendered":"<p>Dimmer Astel Marine &#8211; Ultra-tanki podvodni LED svjetlo s tijelom od AB2 bron\u010danih i aluminijskih legura, formulirano za nepobjedivu otpornost<\/p>\n","protected":false},"featured_media":5949047,"comment_status":"open","ping_status":"closed","template":"","meta":[],"product_brand":[2801],"product_cat":[1731],"product_tag":[],"class_list":{"0":"post-745711","1":"product","2":"type-product","3":"status-publish","4":"has-post-thumbnail","6":"product_brand-astel-marine-hr","7":"product_cat-uronjiva-led-svjetla","9":"first","10":"outofstock","11":"shipping-taxable","12":"purchasable","13":"product-type-simple"},"_links":{"self":[{"href":"https:\/\/stoic-curie.212-227-153-4.plesk.page\/hr\/wp-json\/wp\/v2\/product\/745711","targetHints":{"allow":["GET"]}}],"collection":[{"href":"https:\/\/stoic-curie.212-227-153-4.plesk.page\/hr\/wp-json\/wp\/v2\/product"}],"about":[{"href":"https:\/\/stoic-curie.212-227-153-4.plesk.page\/hr\/wp-json\/wp\/v2\/types\/product"}],"replies":[{"embeddable":true,"href":"https:\/\/stoic-curie.212-227-153-4.plesk.page\/hr\/wp-json\/wp\/v2\/comments?post=745711"}],"version-history":[{"count":0,"href":"https:\/\/stoic-curie.212-227-153-4.plesk.page\/hr\/wp-json\/wp\/v2\/product\/745711\/revisions"}],"wp:featuredmedia":[{"embeddable":true,"href":"https:\/\/stoic-curie.212-227-153-4.plesk.page\/hr\/wp-json\/wp\/v2\/media\/5949047"}],"wp:attachment":[{"href":"https:\/\/stoic-curie.212-227-153-4.plesk.page\/hr\/wp-json\/wp\/v2\/media?parent=745711"}],"wp:term":[{"taxonomy":"product_brand","embeddable":true,"href":"https:\/\/stoic-curie.212-227-153-4.plesk.page\/hr\/wp-json\/wp\/v2\/product_brand?post=745711"},{"taxonomy":"product_cat","embeddable":true,"href":"https:\/\/stoic-curie.212-227-153-4.plesk.page\/hr\/wp-json\/wp\/v2\/product_cat?post=745711"},{"taxonomy":"product_tag","embeddable":true,"href":"https:\/\/stoic-curie.212-227-153-4.plesk.page\/hr\/wp-json\/wp\/v2\/product_tag?post=745711"}],"curies":[{"name":"wp","href":"https:\/\/api.w.org\/{rel}","templated":true}]}}