{"id":745713,"date":"2025-03-03T20:31:07","date_gmt":"2025-03-03T19:31:07","guid":{"rendered":"https:\/\/stoic-curie.212-227-153-4.plesk.page\/producto\/podvodno-led-svjetlo-astel-marine-blue-bronze-10wt\/"},"modified":"2026-02-25T00:01:25","modified_gmt":"2026-02-25T00:01:25","slug":"podvodno-led-svjetlo-astel-marine-blue-bronze-10wt","status":"publish","type":"product","link":"https:\/\/stoic-curie.212-227-153-4.plesk.page\/hr\/product\/podvodno-led-svjetlo-astel-marine-blue-bronze-10wt\/","title":{"rendered":"Podvodno Led svjetlo Astel Marine Blue &#8211; Bronze 10wt"},"content":{"rendered":"<p>Podvodno Led svjetlo Astel Marine Blue &#8211; Bronze 10wt &#8211; <\/p>\n<p>Ultra-tanka podvodna LED svjetlost s AB2 bron\u010danom i aluminijskom legurom, formuliranom za neusporedivu otpornost na koroziju i oksidaciju. Izra\u0111ena prema RINa specifikacijama s bijelim svjetlosnim snopom od 8000\u00c2\u00b0K pro\u0161irenim na 60\u00c2\u00b0 i neprobojnim polykarbonatnim le\u0107ama s vakuum LED reflektorima. Zape\u010da\u0107ena elektronika s integriranim voza\u010dem i krugovima za\u0161ti\u0107enim od naponskih vrhova, obrnutih polariteta i pregrijavanja. Jednostavna instalacija ispod razine vode s 10 mm napojnom rupom i 4 M6x80 mm vijcima.<\/p>\n<p>Upozorenje: svjetla uvijek moraju biti uronjena u vodu kako bi se izbjegle kvarovi zbog dugotrajnog pregrijavanja. Preporu\u010duje se odgovaraju\u0107a katodna za\u0161tita, posebno ako se instalira na metalnim trupovima.<\/p>\n","protected":false},"excerpt":{"rendered":"<p>Podvodno Led svjetlo Astel Marine Blue &#8211; Bronze 10wt &#8211; Ultra-tanka podvodna LED svjetlost s AB2 bron\u010danom i aluminijskom legurom,<\/p>\n","protected":false},"featured_media":5949054,"comment_status":"open","ping_status":"closed","template":"","meta":[],"product_brand":[2801],"product_cat":[1731],"product_tag":[],"class_list":{"0":"post-745713","1":"product","2":"type-product","3":"status-publish","4":"has-post-thumbnail","6":"product_brand-astel-marine-hr","7":"product_cat-uronjiva-led-svjetla","9":"first","10":"instock","11":"shipping-taxable","12":"purchasable","13":"product-type-simple"},"_links":{"self":[{"href":"https:\/\/stoic-curie.212-227-153-4.plesk.page\/hr\/wp-json\/wp\/v2\/product\/745713","targetHints":{"allow":["GET"]}}],"collection":[{"href":"https:\/\/stoic-curie.212-227-153-4.plesk.page\/hr\/wp-json\/wp\/v2\/product"}],"about":[{"href":"https:\/\/stoic-curie.212-227-153-4.plesk.page\/hr\/wp-json\/wp\/v2\/types\/product"}],"replies":[{"embeddable":true,"href":"https:\/\/stoic-curie.212-227-153-4.plesk.page\/hr\/wp-json\/wp\/v2\/comments?post=745713"}],"version-history":[{"count":0,"href":"https:\/\/stoic-curie.212-227-153-4.plesk.page\/hr\/wp-json\/wp\/v2\/product\/745713\/revisions"}],"wp:featuredmedia":[{"embeddable":true,"href":"https:\/\/stoic-curie.212-227-153-4.plesk.page\/hr\/wp-json\/wp\/v2\/media\/5949054"}],"wp:attachment":[{"href":"https:\/\/stoic-curie.212-227-153-4.plesk.page\/hr\/wp-json\/wp\/v2\/media?parent=745713"}],"wp:term":[{"taxonomy":"product_brand","embeddable":true,"href":"https:\/\/stoic-curie.212-227-153-4.plesk.page\/hr\/wp-json\/wp\/v2\/product_brand?post=745713"},{"taxonomy":"product_cat","embeddable":true,"href":"https:\/\/stoic-curie.212-227-153-4.plesk.page\/hr\/wp-json\/wp\/v2\/product_cat?post=745713"},{"taxonomy":"product_tag","embeddable":true,"href":"https:\/\/stoic-curie.212-227-153-4.plesk.page\/hr\/wp-json\/wp\/v2\/product_tag?post=745713"}],"curies":[{"name":"wp","href":"https:\/\/api.w.org\/{rel}","templated":true}]}}