{"id":745714,"date":"2025-03-03T20:31:08","date_gmt":"2025-03-03T19:31:08","guid":{"rendered":"https:\/\/stoic-curie.212-227-153-4.plesk.page\/producto\/podvodno-led-svjetlo-astel-marine-rgbw-bronca-10wt\/"},"modified":"2026-02-25T00:01:25","modified_gmt":"2026-02-25T00:01:25","slug":"podvodno-led-svjetlo-astel-marine-rgbw-bronca-10wt","status":"publish","type":"product","link":"https:\/\/stoic-curie.212-227-153-4.plesk.page\/hr\/product\/podvodno-led-svjetlo-astel-marine-rgbw-bronca-10wt\/","title":{"rendered":"Podvodno LED svjetlo Astel Marine RGBW &#8211; bronca 10wt"},"content":{"rendered":"<p>Podvodno LED svjetlo Astel Marine RGBW &#8211; bronca 10wt &#8211; <\/p>\n<p>Ultra-tanka LED svjetlost pod vodom s ku\u0107i\u0161tem od AB2 bron\u010danog i aluminijske legure, formulirana za nepobjedivu otpornost na koroziju i oksidaciju. Izgra\u0111ena prema RINa specifikacijama s bijelim svjetlosnim snopom od 8000 K pro\u0161irenim do 60\u00b0, i neprobojnim plasti\u010dnim le\u0107ama s vakuum LED reflektorima. Zape\u010da\u0107ena elektronika s integriranim upravlja\u010dem i krugom za\u0161ti\u0107enim od prenapona, obrnute polarizacije i pregrijavanja. Laka instalacija ispod vodene linije s 10 mm energetskim otvorom i 4 M6x80 mm vijcima.<\/p>\n<p>Upozorenje: Svjetla se uvijek moraju uroniti u vodu kako bi se izbjegli problemi uzrokovani dugotrajnim pregrijavanjem. Preporu\u010da se odgovaraju\u0107a katodna za\u0161tita, posebno ako se instalira na metalnim trupovima.<\/p>\n","protected":false},"excerpt":{"rendered":"<p>Podvodno LED svjetlo Astel Marine RGBW &#8211; bronca 10wt &#8211; Ultra-tanka LED svjetlost pod vodom s ku\u0107i\u0161tem od AB2 bron\u010danog<\/p>\n","protected":false},"featured_media":5949054,"comment_status":"open","ping_status":"closed","template":"","meta":[],"product_brand":[2801],"product_cat":[1731],"product_tag":[],"class_list":{"0":"post-745714","1":"product","2":"type-product","3":"status-publish","4":"has-post-thumbnail","6":"product_brand-astel-marine-hr","7":"product_cat-uronjiva-led-svjetla","9":"first","10":"instock","11":"shipping-taxable","12":"purchasable","13":"product-type-simple"},"_links":{"self":[{"href":"https:\/\/stoic-curie.212-227-153-4.plesk.page\/hr\/wp-json\/wp\/v2\/product\/745714","targetHints":{"allow":["GET"]}}],"collection":[{"href":"https:\/\/stoic-curie.212-227-153-4.plesk.page\/hr\/wp-json\/wp\/v2\/product"}],"about":[{"href":"https:\/\/stoic-curie.212-227-153-4.plesk.page\/hr\/wp-json\/wp\/v2\/types\/product"}],"replies":[{"embeddable":true,"href":"https:\/\/stoic-curie.212-227-153-4.plesk.page\/hr\/wp-json\/wp\/v2\/comments?post=745714"}],"version-history":[{"count":0,"href":"https:\/\/stoic-curie.212-227-153-4.plesk.page\/hr\/wp-json\/wp\/v2\/product\/745714\/revisions"}],"wp:featuredmedia":[{"embeddable":true,"href":"https:\/\/stoic-curie.212-227-153-4.plesk.page\/hr\/wp-json\/wp\/v2\/media\/5949054"}],"wp:attachment":[{"href":"https:\/\/stoic-curie.212-227-153-4.plesk.page\/hr\/wp-json\/wp\/v2\/media?parent=745714"}],"wp:term":[{"taxonomy":"product_brand","embeddable":true,"href":"https:\/\/stoic-curie.212-227-153-4.plesk.page\/hr\/wp-json\/wp\/v2\/product_brand?post=745714"},{"taxonomy":"product_cat","embeddable":true,"href":"https:\/\/stoic-curie.212-227-153-4.plesk.page\/hr\/wp-json\/wp\/v2\/product_cat?post=745714"},{"taxonomy":"product_tag","embeddable":true,"href":"https:\/\/stoic-curie.212-227-153-4.plesk.page\/hr\/wp-json\/wp\/v2\/product_tag?post=745714"}],"curies":[{"name":"wp","href":"https:\/\/api.w.org\/{rel}","templated":true}]}}