{"id":745716,"date":"2025-03-03T20:31:08","date_gmt":"2025-03-03T19:31:08","guid":{"rendered":"https:\/\/stoic-curie.212-227-153-4.plesk.page\/producto\/podvodno-led-svjetlo-astel-marine-plavo-bronca-20wt\/"},"modified":"2026-02-25T00:01:25","modified_gmt":"2026-02-25T00:01:25","slug":"podvodno-led-svjetlo-astel-marine-plavo-bronca-20wt","status":"publish","type":"product","link":"https:\/\/stoic-curie.212-227-153-4.plesk.page\/hr\/product\/podvodno-led-svjetlo-astel-marine-plavo-bronca-20wt\/","title":{"rendered":"Podvodno LED svjetlo Astel Marine plavo &#8211; bronca 20wt"},"content":{"rendered":"<p>Podvodno LED svjetlo Astel Marine plavo &#8211; bronca 20wt &#8211; <\/p>\n<p>Ultra-tanki podvodni LED svjetlo s ku\u0107i\u0161tem od AB2 bronce i aluminijske legure, formulirano za neusporedivu otpornost na koroziju i oksidaciju. Izgra\u0111eno prema RINa specifikacijama s bijelim svjetlosnim snopom od 8000 K pro\u0161iranim do 60\u00b0 i neprobojnim polikarbonatnim le\u0107ama s vakuum LED reflektorima. Zape\u010da\u0107ena elektronika s integriranim voza\u010dem i krugom za\u0161ti\u0107enim od skokova napona, promjene polariteta i pregrijavanja. Jednostavna instalacija ispod razine vode s 10 mm otvorom za napajanje i 4 M6x80 mm vijka.<\/p>\n<p>Upozorenje: Svjetla moraju uvijek biti uronjena u vodu kako bi se izbjegla o\u0161te\u0107enja zbog dugotrajnog pregrijavanja. Preporu\u010duje se adekvatna katodna za\u0161tita, posebno ako su instalirana na metalnim trupovima.<\/p>\n","protected":false},"excerpt":{"rendered":"<p>Podvodno LED svjetlo Astel Marine plavo &#8211; bronca 20wt &#8211; Ultra-tanki podvodni LED svjetlo s ku\u0107i\u0161tem od AB2 bronce i<\/p>\n","protected":false},"featured_media":5949054,"comment_status":"open","ping_status":"closed","template":"","meta":[],"product_brand":[2801],"product_cat":[1731],"product_tag":[],"class_list":{"0":"post-745716","1":"product","2":"type-product","3":"status-publish","4":"has-post-thumbnail","6":"product_brand-astel-marine-hr","7":"product_cat-uronjiva-led-svjetla","9":"first","10":"outofstock","11":"shipping-taxable","12":"purchasable","13":"product-type-simple"},"_links":{"self":[{"href":"https:\/\/stoic-curie.212-227-153-4.plesk.page\/hr\/wp-json\/wp\/v2\/product\/745716","targetHints":{"allow":["GET"]}}],"collection":[{"href":"https:\/\/stoic-curie.212-227-153-4.plesk.page\/hr\/wp-json\/wp\/v2\/product"}],"about":[{"href":"https:\/\/stoic-curie.212-227-153-4.plesk.page\/hr\/wp-json\/wp\/v2\/types\/product"}],"replies":[{"embeddable":true,"href":"https:\/\/stoic-curie.212-227-153-4.plesk.page\/hr\/wp-json\/wp\/v2\/comments?post=745716"}],"version-history":[{"count":0,"href":"https:\/\/stoic-curie.212-227-153-4.plesk.page\/hr\/wp-json\/wp\/v2\/product\/745716\/revisions"}],"wp:featuredmedia":[{"embeddable":true,"href":"https:\/\/stoic-curie.212-227-153-4.plesk.page\/hr\/wp-json\/wp\/v2\/media\/5949054"}],"wp:attachment":[{"href":"https:\/\/stoic-curie.212-227-153-4.plesk.page\/hr\/wp-json\/wp\/v2\/media?parent=745716"}],"wp:term":[{"taxonomy":"product_brand","embeddable":true,"href":"https:\/\/stoic-curie.212-227-153-4.plesk.page\/hr\/wp-json\/wp\/v2\/product_brand?post=745716"},{"taxonomy":"product_cat","embeddable":true,"href":"https:\/\/stoic-curie.212-227-153-4.plesk.page\/hr\/wp-json\/wp\/v2\/product_cat?post=745716"},{"taxonomy":"product_tag","embeddable":true,"href":"https:\/\/stoic-curie.212-227-153-4.plesk.page\/hr\/wp-json\/wp\/v2\/product_tag?post=745716"}],"curies":[{"name":"wp","href":"https:\/\/api.w.org\/{rel}","templated":true}]}}