{"id":745717,"date":"2025-03-03T20:31:08","date_gmt":"2025-03-03T19:31:08","guid":{"rendered":"https:\/\/stoic-curie.212-227-153-4.plesk.page\/producto\/podvodno-led-svjetlo-astel-marine-bronca-rgbw-20-wt\/"},"modified":"2026-02-25T00:01:25","modified_gmt":"2026-02-25T00:01:25","slug":"podvodno-led-svjetlo-astel-marine-bronca-rgbw-20-wt","status":"publish","type":"product","link":"https:\/\/stoic-curie.212-227-153-4.plesk.page\/hr\/product\/podvodno-led-svjetlo-astel-marine-bronca-rgbw-20-wt\/","title":{"rendered":"Podvodno LED svjetlo Astel Marine bronca RGBW 20 wt"},"content":{"rendered":"<p>Podvodno LED svjetlo Astel Marine bronca RGBW 20 wt &#8211; <\/p>\n<p>Ultra-tanak podvodni LED svjetlo s ku\u0107i\u0161tem od AB2 bronce i aluminijske legure, formulirano za nepobjedivu otpornost na koroziju i oksidaciju. Izgra\u0111en prema RINa specifikacijama s bijelim svjetlosnim snopom od 8000 \u00b0K pro\u0161irenim na 60 \u00b0 i razbijenim polikarbonatnim le\u0107ama s vakuumskim LED reflektorima. Zape\u010da\u0107ena elektronika s integriranim upravlja\u010dem i krugom za\u0161ti\u0107enim od naponskih vrhova, obrnute polariteta i pregrijavanja. Jednostavna instalacija ispod vodene crte s 10 mm ulazom za napajanje i 4 M6x80 mm vijaka.<\/p>\n<p>Upozorenje: svjetla moraju biti uvijek uronjena u vodu kako bi se sprije\u010dila kvar zbog dugotrajnog pregrijavanja. Preporu\u010duje se adekvatna katodna za\u0161tita, posebno ako se instalira na metalne trupe.<\/p>\n","protected":false},"excerpt":{"rendered":"<p>Podvodno LED svjetlo Astel Marine bronca RGBW 20 wt &#8211; Ultra-tanak podvodni LED svjetlo s ku\u0107i\u0161tem od AB2 bronce i<\/p>\n","protected":false},"featured_media":5949054,"comment_status":"open","ping_status":"closed","template":"","meta":[],"product_brand":[2801],"product_cat":[1731],"product_tag":[],"class_list":{"0":"post-745717","1":"product","2":"type-product","3":"status-publish","4":"has-post-thumbnail","6":"product_brand-astel-marine-hr","7":"product_cat-uronjiva-led-svjetla","9":"first","10":"outofstock","11":"shipping-taxable","12":"purchasable","13":"product-type-simple"},"_links":{"self":[{"href":"https:\/\/stoic-curie.212-227-153-4.plesk.page\/hr\/wp-json\/wp\/v2\/product\/745717","targetHints":{"allow":["GET"]}}],"collection":[{"href":"https:\/\/stoic-curie.212-227-153-4.plesk.page\/hr\/wp-json\/wp\/v2\/product"}],"about":[{"href":"https:\/\/stoic-curie.212-227-153-4.plesk.page\/hr\/wp-json\/wp\/v2\/types\/product"}],"replies":[{"embeddable":true,"href":"https:\/\/stoic-curie.212-227-153-4.plesk.page\/hr\/wp-json\/wp\/v2\/comments?post=745717"}],"version-history":[{"count":0,"href":"https:\/\/stoic-curie.212-227-153-4.plesk.page\/hr\/wp-json\/wp\/v2\/product\/745717\/revisions"}],"wp:featuredmedia":[{"embeddable":true,"href":"https:\/\/stoic-curie.212-227-153-4.plesk.page\/hr\/wp-json\/wp\/v2\/media\/5949054"}],"wp:attachment":[{"href":"https:\/\/stoic-curie.212-227-153-4.plesk.page\/hr\/wp-json\/wp\/v2\/media?parent=745717"}],"wp:term":[{"taxonomy":"product_brand","embeddable":true,"href":"https:\/\/stoic-curie.212-227-153-4.plesk.page\/hr\/wp-json\/wp\/v2\/product_brand?post=745717"},{"taxonomy":"product_cat","embeddable":true,"href":"https:\/\/stoic-curie.212-227-153-4.plesk.page\/hr\/wp-json\/wp\/v2\/product_cat?post=745717"},{"taxonomy":"product_tag","embeddable":true,"href":"https:\/\/stoic-curie.212-227-153-4.plesk.page\/hr\/wp-json\/wp\/v2\/product_tag?post=745717"}],"curies":[{"name":"wp","href":"https:\/\/api.w.org\/{rel}","templated":true}]}}