{"id":745722,"date":"2025-03-03T20:31:10","date_gmt":"2025-03-03T19:31:10","guid":{"rendered":"https:\/\/stoic-curie.212-227-153-4.plesk.page\/producto\/podvodno-led-svjetlo-astel-marine-white-10wt\/"},"modified":"2026-02-25T00:01:25","modified_gmt":"2026-02-25T00:01:25","slug":"podvodno-led-svjetlo-astel-marine-white-10wt","status":"publish","type":"product","link":"https:\/\/stoic-curie.212-227-153-4.plesk.page\/hr\/product\/podvodno-led-svjetlo-astel-marine-white-10wt\/","title":{"rendered":"Podvodno Led svjetlo Astel Marine White 10wt"},"content":{"rendered":"<p>Podvodno Led svjetlo Astel Marine White 10wt &#8211; <\/p>\n<p>Ultra-tanka podvodna LED rasvjeta s ku\u0107i\u0161tem od SAE316L nehr\u0111aju\u0107eg \u010delika. S mo\u0107nim bijelim svjetlosnim konusom od 8000\u00a0\u00b0K koji se prote\u017ee do 60 \u00b0, neprobojnim polikarbonatnim le\u0107ama i vakuumskim LED reflektorima. Zape\u010da\u0107ena elektronika s integriranim upravlja\u010dem i krugom za\u0161ti\u0107enim od naponskih vrhova, promjene polariteta i pregrijavanja. Jednostavna instalacija ispod plovne linije s 10 mm otvorom za napajanje i 4 M6x80 mm vijka.<\/p>\n<p>Upozorenje: svjetla moraju uvijek biti uronjena u vodu kako bi se izbjegle kvarove uslijed dugotrajnog pregrijavanja. Preporu\u010duje se adekvatna katodna za\u0161tita, osobito ako je instalirana na metalnim trupa.<\/p>\n","protected":false},"excerpt":{"rendered":"<p>Podvodno Led svjetlo Astel Marine White 10wt &#8211; Ultra-tanka podvodna LED rasvjeta s ku\u0107i\u0161tem od SAE316L nehr\u0111aju\u0107eg \u010delika. S mo\u0107nim<\/p>\n","protected":false},"featured_media":5949040,"comment_status":"open","ping_status":"closed","template":"","meta":[],"product_brand":[2801],"product_cat":[1731],"product_tag":[],"class_list":{"0":"post-745722","1":"product","2":"type-product","3":"status-publish","4":"has-post-thumbnail","6":"product_brand-astel-marine-hr","7":"product_cat-uronjiva-led-svjetla","9":"first","10":"instock","11":"shipping-taxable","12":"purchasable","13":"product-type-simple"},"_links":{"self":[{"href":"https:\/\/stoic-curie.212-227-153-4.plesk.page\/hr\/wp-json\/wp\/v2\/product\/745722","targetHints":{"allow":["GET"]}}],"collection":[{"href":"https:\/\/stoic-curie.212-227-153-4.plesk.page\/hr\/wp-json\/wp\/v2\/product"}],"about":[{"href":"https:\/\/stoic-curie.212-227-153-4.plesk.page\/hr\/wp-json\/wp\/v2\/types\/product"}],"replies":[{"embeddable":true,"href":"https:\/\/stoic-curie.212-227-153-4.plesk.page\/hr\/wp-json\/wp\/v2\/comments?post=745722"}],"version-history":[{"count":0,"href":"https:\/\/stoic-curie.212-227-153-4.plesk.page\/hr\/wp-json\/wp\/v2\/product\/745722\/revisions"}],"wp:featuredmedia":[{"embeddable":true,"href":"https:\/\/stoic-curie.212-227-153-4.plesk.page\/hr\/wp-json\/wp\/v2\/media\/5949040"}],"wp:attachment":[{"href":"https:\/\/stoic-curie.212-227-153-4.plesk.page\/hr\/wp-json\/wp\/v2\/media?parent=745722"}],"wp:term":[{"taxonomy":"product_brand","embeddable":true,"href":"https:\/\/stoic-curie.212-227-153-4.plesk.page\/hr\/wp-json\/wp\/v2\/product_brand?post=745722"},{"taxonomy":"product_cat","embeddable":true,"href":"https:\/\/stoic-curie.212-227-153-4.plesk.page\/hr\/wp-json\/wp\/v2\/product_cat?post=745722"},{"taxonomy":"product_tag","embeddable":true,"href":"https:\/\/stoic-curie.212-227-153-4.plesk.page\/hr\/wp-json\/wp\/v2\/product_tag?post=745722"}],"curies":[{"name":"wp","href":"https:\/\/api.w.org\/{rel}","templated":true}]}}