{"id":745723,"date":"2025-03-03T20:31:10","date_gmt":"2025-03-03T19:31:10","guid":{"rendered":"https:\/\/stoic-curie.212-227-153-4.plesk.page\/producto\/podvodno-led-svjetlo-astel-marine-blue-10wt\/"},"modified":"2026-02-25T00:01:25","modified_gmt":"2026-02-25T00:01:25","slug":"podvodno-led-svjetlo-astel-marine-blue-10wt","status":"publish","type":"product","link":"https:\/\/stoic-curie.212-227-153-4.plesk.page\/hr\/product\/podvodno-led-svjetlo-astel-marine-blue-10wt\/","title":{"rendered":"Podvodno Led svjetlo Astel Marine Blue 10wt"},"content":{"rendered":"<p>Podvodno Led svjetlo Astel Marine Blue 10wt &#8211; <\/p>\n<p>Ultra-tanka podvodna LED svjetlost s tijelom od SAE316L nehr\u0111aju\u0107eg \u010delika. S mo\u0107nim bijelim svjetlosnim konusom od 8000\u00b0K pro\u0161irenim na 60\u00b0, neprobojnim polikarbonatnim le\u0107ama i vakuumskim LED reflektorima. Zape\u010da\u0107ena elektronika s integriranim voza\u010dem i krugom za\u0161ti\u0107enim od naponskih skokova, prebacivanja polariteta i pregrijavanja. Jednostavna instalacija ispod razine vode s 10 mm priklju\u010dkom za napajanje i 4 M6x80 mm vijka.<\/p>\n<p>Upozorenje: svjetla moraju uvijek biti uronjena u vodu kako bi se sprije\u010dila otkazi zbog dugotrajnog pregrijavanja. Preporu\u010duje se odgovaraju\u0107a katodna za\u0161tita, posebno ako se instaliraju na metalnim trupovima.<\/p>\n","protected":false},"excerpt":{"rendered":"<p>Podvodno Led svjetlo Astel Marine Blue 10wt &#8211; Ultra-tanka podvodna LED svjetlost s tijelom od SAE316L nehr\u0111aju\u0107eg \u010delika. S mo\u0107nim<\/p>\n","protected":false},"featured_media":5949040,"comment_status":"open","ping_status":"closed","template":"","meta":[],"product_brand":[2801],"product_cat":[1731],"product_tag":[],"class_list":{"0":"post-745723","1":"product","2":"type-product","3":"status-publish","4":"has-post-thumbnail","6":"product_brand-astel-marine-hr","7":"product_cat-uronjiva-led-svjetla","9":"first","10":"instock","11":"shipping-taxable","12":"purchasable","13":"product-type-simple"},"_links":{"self":[{"href":"https:\/\/stoic-curie.212-227-153-4.plesk.page\/hr\/wp-json\/wp\/v2\/product\/745723","targetHints":{"allow":["GET"]}}],"collection":[{"href":"https:\/\/stoic-curie.212-227-153-4.plesk.page\/hr\/wp-json\/wp\/v2\/product"}],"about":[{"href":"https:\/\/stoic-curie.212-227-153-4.plesk.page\/hr\/wp-json\/wp\/v2\/types\/product"}],"replies":[{"embeddable":true,"href":"https:\/\/stoic-curie.212-227-153-4.plesk.page\/hr\/wp-json\/wp\/v2\/comments?post=745723"}],"version-history":[{"count":0,"href":"https:\/\/stoic-curie.212-227-153-4.plesk.page\/hr\/wp-json\/wp\/v2\/product\/745723\/revisions"}],"wp:featuredmedia":[{"embeddable":true,"href":"https:\/\/stoic-curie.212-227-153-4.plesk.page\/hr\/wp-json\/wp\/v2\/media\/5949040"}],"wp:attachment":[{"href":"https:\/\/stoic-curie.212-227-153-4.plesk.page\/hr\/wp-json\/wp\/v2\/media?parent=745723"}],"wp:term":[{"taxonomy":"product_brand","embeddable":true,"href":"https:\/\/stoic-curie.212-227-153-4.plesk.page\/hr\/wp-json\/wp\/v2\/product_brand?post=745723"},{"taxonomy":"product_cat","embeddable":true,"href":"https:\/\/stoic-curie.212-227-153-4.plesk.page\/hr\/wp-json\/wp\/v2\/product_cat?post=745723"},{"taxonomy":"product_tag","embeddable":true,"href":"https:\/\/stoic-curie.212-227-153-4.plesk.page\/hr\/wp-json\/wp\/v2\/product_tag?post=745723"}],"curies":[{"name":"wp","href":"https:\/\/api.w.org\/{rel}","templated":true}]}}