{"id":745727,"date":"2025-03-03T20:31:11","date_gmt":"2025-03-03T19:31:11","guid":{"rendered":"https:\/\/stoic-curie.212-227-153-4.plesk.page\/producto\/propeler-za-yamahu-11-1-4-x-14-rh\/"},"modified":"2026-02-25T00:01:25","modified_gmt":"2026-02-25T00:01:25","slug":"propeler-za-yamahu-11-1-4-x-14-rh","status":"publish","type":"product","link":"https:\/\/stoic-curie.212-227-153-4.plesk.page\/hr\/product\/propeler-za-yamahu-11-1-4-x-14-rh\/","title":{"rendered":"Propeler za Yamahu 11 1\/4 x 14 RH"},"content":{"rendered":"<p>Propeler za Yamahu 11 1\/4 x 14 RH &#8211; <\/p>\n<p>Alice aluminijski propelers za Yamaha vanbrodske motore. Izra\u0111en od zrakoplovne legure aluminij-titan. 3D lasersko skeniranje za stati\u010dku i dinami\u010dku kontrolu. Robotsko AkzoNobel pra\u0161kasto lakiranje. Visoka u\u010dinkovitost i smanjena potro\u0161nja zahvaljuju\u0107i savr\u0161enom oblikovanju lopatica. Set za monta\u017eu mora se naru\u010diti zasebno ako je potrebno zamijeniti matice, podlo\u017ene i razmaknice. Za Yamaha vanbrodske motore: FT25 (moto 4T) [2010>], F30A\/B (moto 4T) [2015>], 40H\/V\/Q\/X (moto 2T) [1984>], F40A\/B\/F (moto 4T) [1999>], 50D\/G\/H (moto 2T) [1984>], F50A\/F\/H (moto 4T) [1995>], F60A\/C\/F (moto 4T) [1999>]<\/p>\n","protected":false},"excerpt":{"rendered":"<p>Propeler za Yamahu 11 1\/4 x 14 RH &#8211; Alice aluminijski propelers za Yamaha vanbrodske motore. Izra\u0111en od zrakoplovne legure<\/p>\n","protected":false},"featured_media":5949030,"comment_status":"open","ping_status":"closed","template":"","meta":[],"product_brand":[3391],"product_cat":[1803,1831],"product_tag":[],"class_list":{"0":"post-745727","1":"product","2":"type-product","3":"status-publish","4":"has-post-thumbnail","6":"product_brand-sierra-marine-hr","7":"product_cat-propeleri-za-vanbrodske-motore","8":"product_cat-rezervni-dijelovi-za-vanbrodske-motore-yamaha","10":"first","11":"instock","12":"shipping-taxable","13":"purchasable","14":"product-type-simple"},"_links":{"self":[{"href":"https:\/\/stoic-curie.212-227-153-4.plesk.page\/hr\/wp-json\/wp\/v2\/product\/745727","targetHints":{"allow":["GET"]}}],"collection":[{"href":"https:\/\/stoic-curie.212-227-153-4.plesk.page\/hr\/wp-json\/wp\/v2\/product"}],"about":[{"href":"https:\/\/stoic-curie.212-227-153-4.plesk.page\/hr\/wp-json\/wp\/v2\/types\/product"}],"replies":[{"embeddable":true,"href":"https:\/\/stoic-curie.212-227-153-4.plesk.page\/hr\/wp-json\/wp\/v2\/comments?post=745727"}],"version-history":[{"count":0,"href":"https:\/\/stoic-curie.212-227-153-4.plesk.page\/hr\/wp-json\/wp\/v2\/product\/745727\/revisions"}],"wp:featuredmedia":[{"embeddable":true,"href":"https:\/\/stoic-curie.212-227-153-4.plesk.page\/hr\/wp-json\/wp\/v2\/media\/5949030"}],"wp:attachment":[{"href":"https:\/\/stoic-curie.212-227-153-4.plesk.page\/hr\/wp-json\/wp\/v2\/media?parent=745727"}],"wp:term":[{"taxonomy":"product_brand","embeddable":true,"href":"https:\/\/stoic-curie.212-227-153-4.plesk.page\/hr\/wp-json\/wp\/v2\/product_brand?post=745727"},{"taxonomy":"product_cat","embeddable":true,"href":"https:\/\/stoic-curie.212-227-153-4.plesk.page\/hr\/wp-json\/wp\/v2\/product_cat?post=745727"},{"taxonomy":"product_tag","embeddable":true,"href":"https:\/\/stoic-curie.212-227-153-4.plesk.page\/hr\/wp-json\/wp\/v2\/product_tag?post=745727"}],"curies":[{"name":"wp","href":"https:\/\/api.w.org\/{rel}","templated":true}]}}