{"id":745729,"date":"2025-03-03T20:31:12","date_gmt":"2025-03-03T19:31:12","guid":{"rendered":"https:\/\/stoic-curie.212-227-153-4.plesk.page\/producto\/propeler-za-yamahu-13-5-8-x-14-rh\/"},"modified":"2026-02-25T00:01:26","modified_gmt":"2026-02-25T00:01:26","slug":"propeler-za-yamahu-13-5-8-x-14-rh","status":"publish","type":"product","link":"https:\/\/stoic-curie.212-227-153-4.plesk.page\/hr\/product\/propeler-za-yamahu-13-5-8-x-14-rh\/","title":{"rendered":"Propeler za Yamahu 13 5\/8 x 14 RH"},"content":{"rendered":"<p>Propeler za Yamahu 13 5\/8 x 14 RH &#8211; <\/p>\n<p>Alice aluminijski propelers za Yamaha vanbrodske motore.<br \/>Izra\u0111en od aluminijsko-titanove legure iz zrakoplovne industrije.<br \/>3D lasersko skeniranje za stati\u010dku i dinami\u010dku kontrolu.<br \/>Robotizirana AkzoNobel pra\u0161kasta prevlaka.<br \/>Visoka u\u010dinkovitost i smanjena potro\u0161nja zahvaljuju\u0107i savr\u0161eno oblikovanim o\u0161tricama.<br \/>Komplet za monta\u017eu treba naru\u010diti odvojeno, ako je potrebno, za zamjenu matica, podlo\u0161ki i razmaka.<br \/>Za Yamaha vanbrodske motore:<br \/>60F (2-takt) [1992-2005]<br \/>70B (2-takt) [1984>]<br \/>F70A (4-takt) [2010>]<br \/>75A\/C (2-takt) [1994-1999]<br \/>F80A\/B (4-takt) [1999-2002]<br \/>85A (2-takt) [1991-1997]<br \/>90A (2-takt) [1984>] F100A\/D\/F (4-takt) [1999-2002]<br \/>115B\/C (2-takt) [1984>]<br \/>F115A\/B (4-takt) [2000>]<br \/>130A\/B (2-takt) [1984-2003]<\/p>\n","protected":false},"excerpt":{"rendered":"<p>Propeler za Yamahu 13 5\/8 x 14 RH &#8211; Alice aluminijski propelers za Yamaha vanbrodske motore.Izra\u0111en od aluminijsko-titanove legure iz<\/p>\n","protected":false},"featured_media":5949032,"comment_status":"open","ping_status":"closed","template":"","meta":[],"product_brand":[3391],"product_cat":[1803,1831],"product_tag":[],"class_list":{"0":"post-745729","1":"product","2":"type-product","3":"status-publish","4":"has-post-thumbnail","6":"product_brand-sierra-marine-hr","7":"product_cat-propeleri-za-vanbrodske-motore","8":"product_cat-rezervni-dijelovi-za-vanbrodske-motore-yamaha","10":"first","11":"instock","12":"shipping-taxable","13":"purchasable","14":"product-type-simple"},"_links":{"self":[{"href":"https:\/\/stoic-curie.212-227-153-4.plesk.page\/hr\/wp-json\/wp\/v2\/product\/745729","targetHints":{"allow":["GET"]}}],"collection":[{"href":"https:\/\/stoic-curie.212-227-153-4.plesk.page\/hr\/wp-json\/wp\/v2\/product"}],"about":[{"href":"https:\/\/stoic-curie.212-227-153-4.plesk.page\/hr\/wp-json\/wp\/v2\/types\/product"}],"replies":[{"embeddable":true,"href":"https:\/\/stoic-curie.212-227-153-4.plesk.page\/hr\/wp-json\/wp\/v2\/comments?post=745729"}],"version-history":[{"count":0,"href":"https:\/\/stoic-curie.212-227-153-4.plesk.page\/hr\/wp-json\/wp\/v2\/product\/745729\/revisions"}],"wp:featuredmedia":[{"embeddable":true,"href":"https:\/\/stoic-curie.212-227-153-4.plesk.page\/hr\/wp-json\/wp\/v2\/media\/5949032"}],"wp:attachment":[{"href":"https:\/\/stoic-curie.212-227-153-4.plesk.page\/hr\/wp-json\/wp\/v2\/media?parent=745729"}],"wp:term":[{"taxonomy":"product_brand","embeddable":true,"href":"https:\/\/stoic-curie.212-227-153-4.plesk.page\/hr\/wp-json\/wp\/v2\/product_brand?post=745729"},{"taxonomy":"product_cat","embeddable":true,"href":"https:\/\/stoic-curie.212-227-153-4.plesk.page\/hr\/wp-json\/wp\/v2\/product_cat?post=745729"},{"taxonomy":"product_tag","embeddable":true,"href":"https:\/\/stoic-curie.212-227-153-4.plesk.page\/hr\/wp-json\/wp\/v2\/product_tag?post=745729"}],"curies":[{"name":"wp","href":"https:\/\/api.w.org\/{rel}","templated":true}]}}