{"id":745730,"date":"2025-03-03T20:31:12","date_gmt":"2025-03-03T19:31:12","guid":{"rendered":"https:\/\/stoic-curie.212-227-153-4.plesk.page\/producto\/propeler-za-yamahu-13-x-19-rh\/"},"modified":"2026-02-25T00:01:26","modified_gmt":"2026-02-25T00:01:26","slug":"propeler-za-yamahu-13-x-19-rh","status":"publish","type":"product","link":"https:\/\/stoic-curie.212-227-153-4.plesk.page\/hr\/product\/propeler-za-yamahu-13-x-19-rh\/","title":{"rendered":"Propeler za Yamahu 13 x 19 RH"},"content":{"rendered":"<p>Propeler za Yamahu 13 x 19 RH &#8211; <\/p>\n<p>Alice aluminijski propeleri za Yamaha vanbrodske motore. Izra\u0111eni od aluminijsko-titanijeve legure za zrakoplovstvo. 3D lasersko skeniranje za stati\u010dki i dinami\u010dki nadzor. Robotizirano AkzoNobel pra\u0161kasto premazivanje. Visoka u\u010dinkovitost i smanjena potro\u0161nja zahvaljuju\u0107i savr\u0161enom oblikovanju krakova. Monta\u017eni set treba naru\u010diti odvojeno ako je potrebno zamijeniti matice, podlo\u017ene i razdjelne elemente. Za Yamaha vanbrodske motore: 60F (2-taktni) [1992-2005] 70B (2-taktni) [1984>] F70A (4-taktni) [2010>] 75A\/C (2-taktni) [1994-1999] F80A\/B (4-taktni) [1999-2002] 85A (2-taktni) [1991-1997] 90A (2-taktni) [1984>] F100A\/D\/F (4-taktni) [1999-2002] 115B\/C (2-taktni) [1984>] F115A\/B (4-taktni) [2000>] 130A\/B (2-taktni) [1984-2003]<\/p>\n","protected":false},"excerpt":{"rendered":"<p>Propeler za Yamahu 13 x 19 RH &#8211; Alice aluminijski propeleri za Yamaha vanbrodske motore. Izra\u0111eni od aluminijsko-titanijeve legure za<\/p>\n","protected":false},"featured_media":5949032,"comment_status":"open","ping_status":"closed","template":"","meta":[],"product_brand":[3391],"product_cat":[1803,1831],"product_tag":[],"class_list":{"0":"post-745730","1":"product","2":"type-product","3":"status-publish","4":"has-post-thumbnail","6":"product_brand-sierra-marine-hr","7":"product_cat-propeleri-za-vanbrodske-motore","8":"product_cat-rezervni-dijelovi-za-vanbrodske-motore-yamaha","10":"first","11":"instock","12":"shipping-taxable","13":"purchasable","14":"product-type-simple"},"_links":{"self":[{"href":"https:\/\/stoic-curie.212-227-153-4.plesk.page\/hr\/wp-json\/wp\/v2\/product\/745730","targetHints":{"allow":["GET"]}}],"collection":[{"href":"https:\/\/stoic-curie.212-227-153-4.plesk.page\/hr\/wp-json\/wp\/v2\/product"}],"about":[{"href":"https:\/\/stoic-curie.212-227-153-4.plesk.page\/hr\/wp-json\/wp\/v2\/types\/product"}],"replies":[{"embeddable":true,"href":"https:\/\/stoic-curie.212-227-153-4.plesk.page\/hr\/wp-json\/wp\/v2\/comments?post=745730"}],"version-history":[{"count":0,"href":"https:\/\/stoic-curie.212-227-153-4.plesk.page\/hr\/wp-json\/wp\/v2\/product\/745730\/revisions"}],"wp:featuredmedia":[{"embeddable":true,"href":"https:\/\/stoic-curie.212-227-153-4.plesk.page\/hr\/wp-json\/wp\/v2\/media\/5949032"}],"wp:attachment":[{"href":"https:\/\/stoic-curie.212-227-153-4.plesk.page\/hr\/wp-json\/wp\/v2\/media?parent=745730"}],"wp:term":[{"taxonomy":"product_brand","embeddable":true,"href":"https:\/\/stoic-curie.212-227-153-4.plesk.page\/hr\/wp-json\/wp\/v2\/product_brand?post=745730"},{"taxonomy":"product_cat","embeddable":true,"href":"https:\/\/stoic-curie.212-227-153-4.plesk.page\/hr\/wp-json\/wp\/v2\/product_cat?post=745730"},{"taxonomy":"product_tag","embeddable":true,"href":"https:\/\/stoic-curie.212-227-153-4.plesk.page\/hr\/wp-json\/wp\/v2\/product_tag?post=745730"}],"curies":[{"name":"wp","href":"https:\/\/api.w.org\/{rel}","templated":true}]}}