{"id":745732,"date":"2025-03-03T20:31:13","date_gmt":"2025-03-03T19:31:13","guid":{"rendered":"https:\/\/stoic-curie.212-227-153-4.plesk.page\/producto\/hypsometer-nikon-coolshot-20\/"},"modified":"2026-02-25T00:01:26","modified_gmt":"2026-02-25T00:01:26","slug":"hypsometer-nikon-coolshot-20","status":"publish","type":"product","link":"https:\/\/stoic-curie.212-227-153-4.plesk.page\/hr\/product\/hypsometer-nikon-coolshot-20\/","title":{"rendered":"Hypsometer Nikon coolshot 20"},"content":{"rendered":"<p>Hypsometer Nikon coolshot 20 &#8211; <\/p>\n<p>Diplomirani laserski udaljomjer za mjerenje bilo koje udaljenosti, \u010dak i vi\u0161e objekata istovremeno. Vodootporan, kompaktan, otporan i lagan, idealan je za sve nauti\u010dke i sportske aktivnosti. Raspon mjerenja: 5730 m. Visokokvalitetni monokular s vi\u0161eslojnim premazom za sjajne slike i stra\u017enjom projekcijom za jasan vidno polje, \u010dak i za nositelje nao\u010dala.<\/p>\n","protected":false},"excerpt":{"rendered":"<p>Hypsometer Nikon coolshot 20 &#8211; Diplomirani laserski udaljomjer za mjerenje bilo koje udaljenosti, \u010dak i vi\u0161e objekata istovremeno. Vodootporan, kompaktan,<\/p>\n","protected":false},"featured_media":5949062,"comment_status":"open","ping_status":"closed","template":"","meta":[],"product_brand":[3196],"product_cat":[1779],"product_tag":[],"class_list":{"0":"post-745732","1":"product","2":"type-product","3":"status-publish","4":"has-post-thumbnail","6":"product_brand-nikon-marine-hr","7":"product_cat-brodski-dalekozor","9":"first","10":"outofstock","11":"shipping-taxable","12":"purchasable","13":"product-type-simple"},"_links":{"self":[{"href":"https:\/\/stoic-curie.212-227-153-4.plesk.page\/hr\/wp-json\/wp\/v2\/product\/745732","targetHints":{"allow":["GET"]}}],"collection":[{"href":"https:\/\/stoic-curie.212-227-153-4.plesk.page\/hr\/wp-json\/wp\/v2\/product"}],"about":[{"href":"https:\/\/stoic-curie.212-227-153-4.plesk.page\/hr\/wp-json\/wp\/v2\/types\/product"}],"replies":[{"embeddable":true,"href":"https:\/\/stoic-curie.212-227-153-4.plesk.page\/hr\/wp-json\/wp\/v2\/comments?post=745732"}],"version-history":[{"count":0,"href":"https:\/\/stoic-curie.212-227-153-4.plesk.page\/hr\/wp-json\/wp\/v2\/product\/745732\/revisions"}],"wp:featuredmedia":[{"embeddable":true,"href":"https:\/\/stoic-curie.212-227-153-4.plesk.page\/hr\/wp-json\/wp\/v2\/media\/5949062"}],"wp:attachment":[{"href":"https:\/\/stoic-curie.212-227-153-4.plesk.page\/hr\/wp-json\/wp\/v2\/media?parent=745732"}],"wp:term":[{"taxonomy":"product_brand","embeddable":true,"href":"https:\/\/stoic-curie.212-227-153-4.plesk.page\/hr\/wp-json\/wp\/v2\/product_brand?post=745732"},{"taxonomy":"product_cat","embeddable":true,"href":"https:\/\/stoic-curie.212-227-153-4.plesk.page\/hr\/wp-json\/wp\/v2\/product_cat?post=745732"},{"taxonomy":"product_tag","embeddable":true,"href":"https:\/\/stoic-curie.212-227-153-4.plesk.page\/hr\/wp-json\/wp\/v2\/product_tag?post=745732"}],"curies":[{"name":"wp","href":"https:\/\/api.w.org\/{rel}","templated":true}]}}