{"id":745735,"date":"2025-03-03T20:31:13","date_gmt":"2025-03-03T19:31:13","guid":{"rendered":"https:\/\/stoic-curie.212-227-153-4.plesk.page\/producto\/garmin-gt20-tm\/"},"modified":"2026-02-25T00:01:26","modified_gmt":"2026-02-25T00:01:26","slug":"garmin-gt20-tm","status":"publish","type":"product","link":"https:\/\/stoic-curie.212-227-153-4.plesk.page\/hr\/product\/garmin-gt20-tm\/","title":{"rendered":"Garmin GT20-TM"},"content":{"rendered":"<p>Garmin GT20-TM &#8211; <\/p>\n<p>Garmin echoMAP UHD2 72CV kartografski ure\u0111aj\/sonar za ribolov ima 7&#8243;\/800&#215;480 pikselni dodirni ekran, integriranu tipkovnicu i unutarnji GPS prijemnik. 500W integrirana CHIRP, ClearVu i UHD modul. Kompatibilan sa svim Garmin BlueChart i Garmin Navionics+ kartama, s integriranom be\u017ei\u010dnom povezivo\u0161\u0107u, NMEA0183\/2000 i Fusion-Link. Potpuno se integrira sa svim sustavima na brodu. Opremljen svim Garmin funkcijama, kao \u0161to su Auto Guidance, Active Captain, Sail Assist i Quickdraw Contours. U kompletu dolazi podesivi nosa\u010d i kabel za napajanje\/podatke. Kompatibilan sa svim tradicionalnim, All-in-One i UHD transducerima, 4-pinski priklju\u010dak. Za 8-pinske transducere, adapter kabel se mora kupiti zasebno. TD = Transduser<\/p>\n","protected":false},"excerpt":{"rendered":"<p>Garmin GT20-TM &#8211; Garmin echoMAP UHD2 72CV kartografski ure\u0111aj\/sonar za ribolov ima 7&#8243;\/800&#215;480 pikselni dodirni ekran, integriranu tipkovnicu i unutarnji<\/p>\n","protected":false},"featured_media":5949065,"comment_status":"open","ping_status":"closed","template":"","meta":[],"product_brand":[2971],"product_cat":[1744],"product_tag":[],"class_list":{"0":"post-745735","1":"product","2":"type-product","3":"status-publish","4":"has-post-thumbnail","6":"product_brand-garmin-hr","7":"product_cat-brodska-elektronika","9":"first","10":"instock","11":"shipping-taxable","12":"purchasable","13":"product-type-simple"},"_links":{"self":[{"href":"https:\/\/stoic-curie.212-227-153-4.plesk.page\/hr\/wp-json\/wp\/v2\/product\/745735","targetHints":{"allow":["GET"]}}],"collection":[{"href":"https:\/\/stoic-curie.212-227-153-4.plesk.page\/hr\/wp-json\/wp\/v2\/product"}],"about":[{"href":"https:\/\/stoic-curie.212-227-153-4.plesk.page\/hr\/wp-json\/wp\/v2\/types\/product"}],"replies":[{"embeddable":true,"href":"https:\/\/stoic-curie.212-227-153-4.plesk.page\/hr\/wp-json\/wp\/v2\/comments?post=745735"}],"version-history":[{"count":0,"href":"https:\/\/stoic-curie.212-227-153-4.plesk.page\/hr\/wp-json\/wp\/v2\/product\/745735\/revisions"}],"wp:featuredmedia":[{"embeddable":true,"href":"https:\/\/stoic-curie.212-227-153-4.plesk.page\/hr\/wp-json\/wp\/v2\/media\/5949065"}],"wp:attachment":[{"href":"https:\/\/stoic-curie.212-227-153-4.plesk.page\/hr\/wp-json\/wp\/v2\/media?parent=745735"}],"wp:term":[{"taxonomy":"product_brand","embeddable":true,"href":"https:\/\/stoic-curie.212-227-153-4.plesk.page\/hr\/wp-json\/wp\/v2\/product_brand?post=745735"},{"taxonomy":"product_cat","embeddable":true,"href":"https:\/\/stoic-curie.212-227-153-4.plesk.page\/hr\/wp-json\/wp\/v2\/product_cat?post=745735"},{"taxonomy":"product_tag","embeddable":true,"href":"https:\/\/stoic-curie.212-227-153-4.plesk.page\/hr\/wp-json\/wp\/v2\/product_tag?post=745735"}],"curies":[{"name":"wp","href":"https:\/\/api.w.org\/{rel}","templated":true}]}}