{"id":745736,"date":"2025-03-03T20:31:14","date_gmt":"2025-03-03T19:31:14","guid":{"rendered":"https:\/\/stoic-curie.212-227-153-4.plesk.page\/producto\/fendering-profile-qbe-h65mm-12mt\/"},"modified":"2026-02-25T00:01:26","modified_gmt":"2026-02-25T00:01:26","slug":"fendering-profile-qbe-h65mm-12mt","status":"publish","type":"product","link":"https:\/\/stoic-curie.212-227-153-4.plesk.page\/hr\/product\/fendering-profile-qbe-h65mm-12mt\/","title":{"rendered":"Fendering Profile QBE H65mm 12mt"},"content":{"rendered":"<p>Fendering Profile QBE H65mm 12mt &#8211; <\/p>\n<p><strong>Qbe PVC Fender Profil od Tessilmarea<\/strong><\/p>\n<p>Sa zadovoljstvom predstavljamo Qbe, napredni fender profil koji se isti\u010de svojom izvanrednom otporno\u0161\u0107u na udarce, omogu\u0107enom jedinstvenim kvadratnim dizajnom. Ovaj proizvod je deo cijenjene kolekcije rubrail re\u0161enja od Tessilmarea, renomiranog imena u pomorskoj industriji. Qbe se nudi u prakti\u010dnom 12-metarskom rolu, \u0161to olak\u0161ava skladi\u0161tenje i rukovanje tokom procesa instalacije.<\/p>\n<p>Zna\u010dajna karakteristika ove lagane fendering opcije je njen siguran sistem pri\u010dvr\u0161\u0107ivanja. Koristi od nehr\u0111aju\u0107e \u010deli\u010dne barijeru koja je suptilno sme\u0161tena ispod gornjeg PVC profila, \u0161to osigurava uredan i sofisticiran izgled dok pru\u017ea \u010dvrstu podr\u0161ku.<\/p>\n<p>Savremeni i elegantni dizajn Qbe fender profila \u010dini ga odli\u010dnim izborom za \u010damce koji se \u010desto koriste, bilo da su u pitanju radni \u010damci ili profesionalna plovila. Specijalno je razvijen da apsorbuje zna\u010dajne udarce uz odr\u017eavanje lagane strukture koja ne ugro\u017eava performanse.<\/p>\n<p>Instalacija Qbe-a je jednostavna i jednostavna za kori\u0161\u0107enje, zahvaljuju\u0107i fiksnoj bazi, unapred izbu\u0161enoj nehr\u0111aju\u0107oj \u010deli\u010dnoj barijeri i profilu pritisne ivice koji pove\u0107ava njegovu efikasnost. Dodatno, Qbe je svestran i kompatibilan sa razli\u010ditim tipovima trupava, uklju\u010duju\u0107i one sa glatkim, kutnim ili ravnim spojem. Ova fleksibilnost osigurava da vlasnici \u010damaca mogu da se oslanjaju na Qbe za pouzdanu za\u0161titu, bez obzira na dizajn svog plovila.<\/p>\n","protected":false},"excerpt":{"rendered":"<p>Fendering Profile QBE H65mm 12mt &#8211; Qbe PVC Fender Profil od Tessilmarea Sa zadovoljstvom predstavljamo Qbe, napredni fender profil koji<\/p>\n","protected":false},"featured_media":5948803,"comment_status":"open","ping_status":"closed","template":"","meta":[],"product_brand":[3481],"product_cat":[1852],"product_tag":[],"class_list":{"0":"post-745736","1":"product","2":"type-product","3":"status-publish","4":"has-post-thumbnail","6":"product_brand-tessilmare-hr","7":"product_cat-profili-za-bokobrane","9":"first","10":"instock","11":"shipping-taxable","12":"purchasable","13":"product-type-simple"},"_links":{"self":[{"href":"https:\/\/stoic-curie.212-227-153-4.plesk.page\/hr\/wp-json\/wp\/v2\/product\/745736","targetHints":{"allow":["GET"]}}],"collection":[{"href":"https:\/\/stoic-curie.212-227-153-4.plesk.page\/hr\/wp-json\/wp\/v2\/product"}],"about":[{"href":"https:\/\/stoic-curie.212-227-153-4.plesk.page\/hr\/wp-json\/wp\/v2\/types\/product"}],"replies":[{"embeddable":true,"href":"https:\/\/stoic-curie.212-227-153-4.plesk.page\/hr\/wp-json\/wp\/v2\/comments?post=745736"}],"version-history":[{"count":0,"href":"https:\/\/stoic-curie.212-227-153-4.plesk.page\/hr\/wp-json\/wp\/v2\/product\/745736\/revisions"}],"wp:featuredmedia":[{"embeddable":true,"href":"https:\/\/stoic-curie.212-227-153-4.plesk.page\/hr\/wp-json\/wp\/v2\/media\/5948803"}],"wp:attachment":[{"href":"https:\/\/stoic-curie.212-227-153-4.plesk.page\/hr\/wp-json\/wp\/v2\/media?parent=745736"}],"wp:term":[{"taxonomy":"product_brand","embeddable":true,"href":"https:\/\/stoic-curie.212-227-153-4.plesk.page\/hr\/wp-json\/wp\/v2\/product_brand?post=745736"},{"taxonomy":"product_cat","embeddable":true,"href":"https:\/\/stoic-curie.212-227-153-4.plesk.page\/hr\/wp-json\/wp\/v2\/product_cat?post=745736"},{"taxonomy":"product_tag","embeddable":true,"href":"https:\/\/stoic-curie.212-227-153-4.plesk.page\/hr\/wp-json\/wp\/v2\/product_tag?post=745736"}],"curies":[{"name":"wp","href":"https:\/\/api.w.org\/{rel}","templated":true}]}}