{"id":745737,"date":"2025-03-03T20:31:14","date_gmt":"2025-03-03T19:31:14","guid":{"rendered":"https:\/\/stoic-curie.212-227-153-4.plesk.page\/producto\/uparite-terminale-od-nehrdajuceg-celika-za-radial-85\/"},"modified":"2026-02-25T00:01:26","modified_gmt":"2026-02-25T00:01:26","slug":"uparite-terminale-od-nehrdajuceg-celika-za-radial-85","status":"publish","type":"product","link":"https:\/\/stoic-curie.212-227-153-4.plesk.page\/hr\/product\/uparite-terminale-od-nehrdajuceg-celika-za-radial-85\/","title":{"rendered":"Uparite terminale od nehr\u0111aju\u0107eg \u010delika za Radial 85"},"content":{"rendered":"<p>Uparite terminale od nehr\u0111aju\u0107eg \u010delika za Radial 85 &#8211; <\/p>\n<p>Radial je jedini PVC profil za fendere koji se lako i brzo instalira i mo\u017ee se hladno montirati u nekoliko brzih koraka. Njegova fleksibilnost i upravljivost \u010dine Radial profil jedinstvenim. Profil dolazi u rolama od 12 &#8211; 16 &#8211; 24 metra s visinom od 30 &#8211; 40 &#8211; 52 &#8211; 65 &#8211; 85 mm. Dostupan je u crnoj, bijeloj i sivoj boji. Krajnji \u010depovi i spojevi dostupni su u plastici iste boje kao profil ili od nehr\u0111aju\u0107eg \u010delika. Krute potpore prodaju se u \u0161ipkama od 2 metra.<\/p>\n","protected":false},"excerpt":{"rendered":"<p>Uparite terminale od nehr\u0111aju\u0107eg \u010delika za Radial 85 &#8211; Radial je jedini PVC profil za fendere koji se lako i<\/p>\n","protected":false},"featured_media":5949066,"comment_status":"open","ping_status":"closed","template":"","meta":[],"product_brand":[3481],"product_cat":[1852],"product_tag":[],"class_list":{"0":"post-745737","1":"product","2":"type-product","3":"status-publish","4":"has-post-thumbnail","6":"product_brand-tessilmare-hr","7":"product_cat-profili-za-bokobrane","9":"first","10":"instock","11":"shipping-taxable","12":"purchasable","13":"product-type-simple"},"_links":{"self":[{"href":"https:\/\/stoic-curie.212-227-153-4.plesk.page\/hr\/wp-json\/wp\/v2\/product\/745737","targetHints":{"allow":["GET"]}}],"collection":[{"href":"https:\/\/stoic-curie.212-227-153-4.plesk.page\/hr\/wp-json\/wp\/v2\/product"}],"about":[{"href":"https:\/\/stoic-curie.212-227-153-4.plesk.page\/hr\/wp-json\/wp\/v2\/types\/product"}],"replies":[{"embeddable":true,"href":"https:\/\/stoic-curie.212-227-153-4.plesk.page\/hr\/wp-json\/wp\/v2\/comments?post=745737"}],"version-history":[{"count":0,"href":"https:\/\/stoic-curie.212-227-153-4.plesk.page\/hr\/wp-json\/wp\/v2\/product\/745737\/revisions"}],"wp:featuredmedia":[{"embeddable":true,"href":"https:\/\/stoic-curie.212-227-153-4.plesk.page\/hr\/wp-json\/wp\/v2\/media\/5949066"}],"wp:attachment":[{"href":"https:\/\/stoic-curie.212-227-153-4.plesk.page\/hr\/wp-json\/wp\/v2\/media?parent=745737"}],"wp:term":[{"taxonomy":"product_brand","embeddable":true,"href":"https:\/\/stoic-curie.212-227-153-4.plesk.page\/hr\/wp-json\/wp\/v2\/product_brand?post=745737"},{"taxonomy":"product_cat","embeddable":true,"href":"https:\/\/stoic-curie.212-227-153-4.plesk.page\/hr\/wp-json\/wp\/v2\/product_cat?post=745737"},{"taxonomy":"product_tag","embeddable":true,"href":"https:\/\/stoic-curie.212-227-153-4.plesk.page\/hr\/wp-json\/wp\/v2\/product_tag?post=745737"}],"curies":[{"name":"wp","href":"https:\/\/api.w.org\/{rel}","templated":true}]}}