{"id":745738,"date":"2025-03-03T20:31:14","date_gmt":"2025-03-03T19:31:14","guid":{"rendered":"https:\/\/stoic-curie.212-227-153-4.plesk.page\/producto\/pasarela-na-napuhavanje-tiki-300-x-50-x-15-cm\/"},"modified":"2026-02-25T00:01:26","modified_gmt":"2026-02-25T00:01:26","slug":"pasarela-na-napuhavanje-tiki-300-x-50-x-15-cm","status":"publish","type":"product","link":"https:\/\/stoic-curie.212-227-153-4.plesk.page\/hr\/product\/pasarela-na-napuhavanje-tiki-300-x-50-x-15-cm\/","title":{"rendered":"Pasarela na napuhavanje Tiki 300 x 50 x 15 cm"},"content":{"rendered":"<p>Pasarela na napuhavanje Tiki 300 x 50 x 15 cm &#8211; <\/p>\n<p style=\"color: rgb(34, 34, 34); font-family: Arial, Helvetica, sans-serif; font-size: small;\">Predstavljamo Inflatable Sup Gangway: lagano, izdr\u017eljivo i svestrano re\u0161enje za pristup \u010damcu. Ova gangway pru\u017ea odli\u010dnu stabilnost bez potrebe za iglama, osiguravaju\u0107i da ne sklizne ili o\u0161teti krmu va\u0161eg \u010damca. Pru\u017ea siguran pristup za osobe sa invaliditetom i \u017eivotinje. Pored toga, mo\u017ee se koristiti za vi\u0161e svrha, funkcioni\u0161u\u0107i kao daska za stajanje, vodena du\u0161eka, bo\u010dni fender ili platforma za odr\u017eavanje trupa.<\/p>\n<p style=\"color: rgb(34, 34, 34); font-family: Arial, Helvetica, sans-serif; font-size: small;\">Izra\u0111ena od posebnog vi\u0161eslojnog PVC oblo\u017eenog materijala s poja\u010danom unutra\u0161njom strukturom, ova gangway je veoma otporna na habanje, UV zrake i morsko okru\u017eenje. Dolazi s dr\u017ea\u010dima, u\u017eetom za rukohvat, prstenovima od nehr\u0111aju\u0107eg \u010delika, odvojivim osnovama za dok i kompletom za popravku. Gangway zahteva pritisak napuhavanja od 1000 mbar (15 psi) i brzo se i lako postavlja.<\/p>\n<p style=\"color: rgb(34, 34, 34); font-family: Arial, Helvetica, sans-serif; font-size: small;\">Ovu gangway mo\u017eete postaviti uz pomo\u0107 ru\u010dne pumpe ili elektri\u010dnog motora za samo 5 minuta, \u0161to je \u010dini idealnim izborom za one koji tra\u017ee brz i efikasan na\u010din pristupa svom \u010damcu.<\/p>\n<p style=\"color: rgb(34, 34, 34); font-family: Arial, Helvetica, sans-serif; font-size: small;\">Kompaktna i prakti\u010dna<\/p>\n<p style=\"color: rgb(34, 34, 34); font-family: Arial, Helvetica, sans-serif; font-size: small;\">Kada je ispuhana, gangway meri samo 70 x 40 x 18 cm, \u0161to olak\u0161ava skladi\u0161tenje i transport. Ovaj kompaktni dizajn vam omogu\u0107ava da maksimalno iskoristite dostupni prostor.<\/p>\n<p style=\"color: rgb(34, 34, 34); font-family: Arial, Helvetica, sans-serif; font-size: small;\">Sigurnost i fleksibilnost<\/p>\n<p style=\"color: rgb(34, 34, 34); font-family: Arial, Helvetica, sans-serif; font-size: small;\">Za pobolj\u0161anu sigurnost, platforma sadr\u017ei dvojnicu na modelima 250 i 300, zajedno s dvostrukom martingalom. Odre\u0111eni modeli tako\u0111e imaju odvojive za\u0161tite za telo, \u0161to vam omogu\u0107ava da koristite gangway s ili bez ovih dodatnih sigurnosnih karakteristika.<\/p>\n<p style=\"color: rgb(34, 34, 34); font-family: Arial, Helvetica, sans-serif; font-size: small;\">Za\u0161tita i izdr\u017eljivost<\/p>\n<p style=\"color: rgb(34, 34, 34); font-family: Arial, Helvetica, sans-serif; font-size: small;\">Odvojiva jastu\u010di\u0107 za habanje \u0161titi vez, spre\u010davaju\u0107i o\u0161te\u0107enje napuhane strukture prilikom kontakta s lukom.<\/p>\n<p style=\"color: rgb(34, 34, 34); font-family: Arial, Helvetica, sans-serif; font-size: small;\">Odaberite Tiki Factory Inflatable Gangway za robusno, sigurno i lako upravljivo re\u0161enje koje svaki morski izlet pretvara u pravih u\u017eitak. Pridru\u017eite se pokretu za lak i siguran pristup uz Tiki Factory!<\/p>\n<p style=\"color: rgb(34, 34, 34); font-family: Arial, Helvetica, sans-serif; font-size: small;\">Dimenzije kada je napuhana: 300 x 60 x 15 cm<br \/>Dimenzije kada je ispuhana: 70 x 40 x 18 cm<br \/>Te\u017eina: 11 kg<br \/>Vreme napuhavanja: 5 minuta<\/p>\n","protected":false},"excerpt":{"rendered":"<p>Pasarela na napuhavanje Tiki 300 x 50 x 15 cm &#8211; Predstavljamo Inflatable Sup Gangway: lagano, izdr\u017eljivo i svestrano re\u0161enje<\/p>\n","protected":false},"featured_media":5946966,"comment_status":"open","ping_status":"closed","template":"","meta":[],"product_brand":[3206],"product_cat":[1612],"product_tag":[],"class_list":{"0":"post-745738","1":"product","2":"type-product","3":"status-publish","4":"has-post-thumbnail","6":"product_brand-nova-argonautica-hr","7":"product_cat-gangways-za-brodove","9":"first","10":"instock","11":"shipping-taxable","12":"purchasable","13":"product-type-simple"},"_links":{"self":[{"href":"https:\/\/stoic-curie.212-227-153-4.plesk.page\/hr\/wp-json\/wp\/v2\/product\/745738","targetHints":{"allow":["GET"]}}],"collection":[{"href":"https:\/\/stoic-curie.212-227-153-4.plesk.page\/hr\/wp-json\/wp\/v2\/product"}],"about":[{"href":"https:\/\/stoic-curie.212-227-153-4.plesk.page\/hr\/wp-json\/wp\/v2\/types\/product"}],"replies":[{"embeddable":true,"href":"https:\/\/stoic-curie.212-227-153-4.plesk.page\/hr\/wp-json\/wp\/v2\/comments?post=745738"}],"version-history":[{"count":0,"href":"https:\/\/stoic-curie.212-227-153-4.plesk.page\/hr\/wp-json\/wp\/v2\/product\/745738\/revisions"}],"wp:featuredmedia":[{"embeddable":true,"href":"https:\/\/stoic-curie.212-227-153-4.plesk.page\/hr\/wp-json\/wp\/v2\/media\/5946966"}],"wp:attachment":[{"href":"https:\/\/stoic-curie.212-227-153-4.plesk.page\/hr\/wp-json\/wp\/v2\/media?parent=745738"}],"wp:term":[{"taxonomy":"product_brand","embeddable":true,"href":"https:\/\/stoic-curie.212-227-153-4.plesk.page\/hr\/wp-json\/wp\/v2\/product_brand?post=745738"},{"taxonomy":"product_cat","embeddable":true,"href":"https:\/\/stoic-curie.212-227-153-4.plesk.page\/hr\/wp-json\/wp\/v2\/product_cat?post=745738"},{"taxonomy":"product_tag","embeddable":true,"href":"https:\/\/stoic-curie.212-227-153-4.plesk.page\/hr\/wp-json\/wp\/v2\/product_tag?post=745738"}],"curies":[{"name":"wp","href":"https:\/\/api.w.org\/{rel}","templated":true}]}}