{"id":745739,"date":"2025-03-03T20:31:14","date_gmt":"2025-03-03T19:31:14","guid":{"rendered":"https:\/\/stoic-curie.212-227-153-4.plesk.page\/producto\/gumena-brtva-3m-125-x-3-mm-15-mt\/"},"modified":"2026-02-25T00:01:26","modified_gmt":"2026-02-25T00:01:26","slug":"gumena-brtva-3m-125-x-3-mm-15-mt","status":"publish","type":"product","link":"https:\/\/stoic-curie.212-227-153-4.plesk.page\/hr\/product\/gumena-brtva-3m-125-x-3-mm-15-mt\/","title":{"rendered":"Gumena brtva 3M 12,5 x 3 mm 15 mt"},"content":{"rendered":"<p>Gumena brtva 3M 12,5 x 3 mm 15 mt &#8211; <\/p>\n<p>Vodonepropusni Trim-Lok brtva za vrata, otvore i brave. Dolazi s HT akrilnim ljepilom ili sna\u017enim 3M ljepilom namijenjenim za vanjsku upotrebu. Lako se montira zahvaljuju\u0107i pro\u0161irenoj EPDM gumastoj strukturi koja se savr\u0161eno prilago\u0111ava obliku ruba. Pakiranje od 15 metara.<\/p>\n","protected":false},"excerpt":{"rendered":"<p>Gumena brtva 3M 12,5 x 3 mm 15 mt &#8211; Vodonepropusni Trim-Lok brtva za vrata, otvore i brave. Dolazi s<\/p>\n","protected":false},"featured_media":5949069,"comment_status":"open","ping_status":"closed","template":"","meta":[],"product_brand":[3481],"product_cat":[1702],"product_tag":[],"class_list":{"0":"post-745739","1":"product","2":"type-product","3":"status-publish","4":"has-post-thumbnail","6":"product_brand-tessilmare-hr","7":"product_cat-brodske-grotlasca-i-otvori","9":"first","10":"instock","11":"shipping-taxable","12":"purchasable","13":"product-type-simple"},"_links":{"self":[{"href":"https:\/\/stoic-curie.212-227-153-4.plesk.page\/hr\/wp-json\/wp\/v2\/product\/745739","targetHints":{"allow":["GET"]}}],"collection":[{"href":"https:\/\/stoic-curie.212-227-153-4.plesk.page\/hr\/wp-json\/wp\/v2\/product"}],"about":[{"href":"https:\/\/stoic-curie.212-227-153-4.plesk.page\/hr\/wp-json\/wp\/v2\/types\/product"}],"replies":[{"embeddable":true,"href":"https:\/\/stoic-curie.212-227-153-4.plesk.page\/hr\/wp-json\/wp\/v2\/comments?post=745739"}],"version-history":[{"count":0,"href":"https:\/\/stoic-curie.212-227-153-4.plesk.page\/hr\/wp-json\/wp\/v2\/product\/745739\/revisions"}],"wp:featuredmedia":[{"embeddable":true,"href":"https:\/\/stoic-curie.212-227-153-4.plesk.page\/hr\/wp-json\/wp\/v2\/media\/5949069"}],"wp:attachment":[{"href":"https:\/\/stoic-curie.212-227-153-4.plesk.page\/hr\/wp-json\/wp\/v2\/media?parent=745739"}],"wp:term":[{"taxonomy":"product_brand","embeddable":true,"href":"https:\/\/stoic-curie.212-227-153-4.plesk.page\/hr\/wp-json\/wp\/v2\/product_brand?post=745739"},{"taxonomy":"product_cat","embeddable":true,"href":"https:\/\/stoic-curie.212-227-153-4.plesk.page\/hr\/wp-json\/wp\/v2\/product_cat?post=745739"},{"taxonomy":"product_tag","embeddable":true,"href":"https:\/\/stoic-curie.212-227-153-4.plesk.page\/hr\/wp-json\/wp\/v2\/product_tag?post=745739"}],"curies":[{"name":"wp","href":"https:\/\/api.w.org\/{rel}","templated":true}]}}