{"id":745747,"date":"2025-03-03T20:34:22","date_gmt":"2025-03-03T19:34:22","guid":{"rendered":"https:\/\/stoic-curie.212-227-153-4.plesk.page\/producto\/johnson-aqua-void-ultima-combo-800gph-12v\/"},"modified":"2026-02-25T00:01:26","modified_gmt":"2026-02-25T00:01:26","slug":"johnson-aqua-void-ultima-combo-800gph-12v","status":"publish","type":"product","link":"https:\/\/stoic-curie.212-227-153-4.plesk.page\/hr\/product\/johnson-aqua-void-ultima-combo-800gph-12v\/","title":{"rendered":"Johnson Aqua Void Ultima Combo 800GPH 12v"},"content":{"rendered":"<p>Johnson Aqua Void Ultima Combo 800GPH 12v &#8211; <\/p>\n<p>Automatska podvodna pumpa za ispumpavanje Johnson Aqua Void superiorne kvalitete i izdr\u017eljivosti s odvojivom bazom i glavom radi lak\u0161eg \u010di\u0161\u0107enja. Uklju\u010duje Ultima elektroni\u010dki prekida\u010d koji automatski aktivira i deaktivira pumpu kada je voda prisutna u utrobi. S vodonepropusnim kabelskim brtvljenjem, rezervnim osigura\u010dima i Deutsch konektorom za brzo isklju\u010divanje iz mre\u017ee tijekom odr\u017eavanja. Termoplasti\u010dno tijelo s hermeti\u010dkim motorom hla\u0111enim vodom i osovinom od nehr\u0111aju\u0107eg \u010delika. Navojna vrata od 3\/4 sa 20 mm ravnim i kutnim spojnicama za crijeva, uklju\u010duju\u0107i brtvu i povratni ventil. Dimenzije pumpe 75 x 168 x H120 mm.<\/p>\n","protected":false},"excerpt":{"rendered":"<p>Johnson Aqua Void Ultima Combo 800GPH 12v &#8211; Automatska podvodna pumpa za ispumpavanje Johnson Aqua Void superiorne kvalitete i izdr\u017eljivosti<\/p>\n","protected":false},"featured_media":5948977,"comment_status":"open","ping_status":"closed","template":"","meta":[],"product_brand":[3046],"product_cat":[1659],"product_tag":[],"class_list":{"0":"post-745747","1":"product","2":"type-product","3":"status-publish","4":"has-post-thumbnail","6":"product_brand-johnson-marine-hr","7":"product_cat-elektricne-kaljuzne-pumpe","9":"first","10":"instock","11":"shipping-taxable","12":"purchasable","13":"product-type-simple"},"_links":{"self":[{"href":"https:\/\/stoic-curie.212-227-153-4.plesk.page\/hr\/wp-json\/wp\/v2\/product\/745747","targetHints":{"allow":["GET"]}}],"collection":[{"href":"https:\/\/stoic-curie.212-227-153-4.plesk.page\/hr\/wp-json\/wp\/v2\/product"}],"about":[{"href":"https:\/\/stoic-curie.212-227-153-4.plesk.page\/hr\/wp-json\/wp\/v2\/types\/product"}],"replies":[{"embeddable":true,"href":"https:\/\/stoic-curie.212-227-153-4.plesk.page\/hr\/wp-json\/wp\/v2\/comments?post=745747"}],"version-history":[{"count":0,"href":"https:\/\/stoic-curie.212-227-153-4.plesk.page\/hr\/wp-json\/wp\/v2\/product\/745747\/revisions"}],"wp:featuredmedia":[{"embeddable":true,"href":"https:\/\/stoic-curie.212-227-153-4.plesk.page\/hr\/wp-json\/wp\/v2\/media\/5948977"}],"wp:attachment":[{"href":"https:\/\/stoic-curie.212-227-153-4.plesk.page\/hr\/wp-json\/wp\/v2\/media?parent=745747"}],"wp:term":[{"taxonomy":"product_brand","embeddable":true,"href":"https:\/\/stoic-curie.212-227-153-4.plesk.page\/hr\/wp-json\/wp\/v2\/product_brand?post=745747"},{"taxonomy":"product_cat","embeddable":true,"href":"https:\/\/stoic-curie.212-227-153-4.plesk.page\/hr\/wp-json\/wp\/v2\/product_cat?post=745747"},{"taxonomy":"product_tag","embeddable":true,"href":"https:\/\/stoic-curie.212-227-153-4.plesk.page\/hr\/wp-json\/wp\/v2\/product_tag?post=745747"}],"curies":[{"name":"wp","href":"https:\/\/api.w.org\/{rel}","templated":true}]}}