{"id":745748,"date":"2025-03-03T20:34:22","date_gmt":"2025-03-03T19:34:22","guid":{"rendered":"https:\/\/stoic-curie.212-227-153-4.plesk.page\/producto\/dhr-225o-navigacijsko-svjetlo-crno-bijelo\/"},"modified":"2026-02-25T00:01:26","modified_gmt":"2026-02-25T00:01:26","slug":"dhr-225o-navigacijsko-svjetlo-crno-bijelo","status":"publish","type":"product","link":"https:\/\/stoic-curie.212-227-153-4.plesk.page\/hr\/product\/dhr-225o-navigacijsko-svjetlo-crno-bijelo\/","title":{"rendered":"DHR 225\u00ba navigacijsko svjetlo crno-bijelo"},"content":{"rendered":"<p>DHR 225\u00ba navigacijsko svjetlo crno-bijelo &#8211; <\/p>\n<p>DHR navigacijska svjetla za brodove do 50 metara. Vodonepropusna, nemagnetska, s ku\u0107i\u0161tem od punog polykarbonata i Fresnelovim staklima otpornih na udarce. Treba ga dopuniti s BAY15D \u017earuljom. Bureau Veritas MED 2014\/90\/EU certificiran i u skladu s COLREG\/IMO\/EN\/IEC.<\/p>\n","protected":false},"excerpt":{"rendered":"<p>DHR 225\u00ba navigacijsko svjetlo crno-bijelo &#8211; DHR navigacijska svjetla za brodove do 50 metara. Vodonepropusna, nemagnetska, s ku\u0107i\u0161tem od punog<\/p>\n","protected":false},"featured_media":5949082,"comment_status":"open","ping_status":"closed","template":"","meta":[],"product_brand":[2881],"product_cat":[1741],"product_tag":[],"class_list":{"0":"post-745748","1":"product","2":"type-product","3":"status-publish","4":"has-post-thumbnail","6":"product_brand-dhr-hr","7":"product_cat-navigacijska-svjetla","9":"first","10":"instock","11":"shipping-taxable","12":"purchasable","13":"product-type-simple"},"_links":{"self":[{"href":"https:\/\/stoic-curie.212-227-153-4.plesk.page\/hr\/wp-json\/wp\/v2\/product\/745748","targetHints":{"allow":["GET"]}}],"collection":[{"href":"https:\/\/stoic-curie.212-227-153-4.plesk.page\/hr\/wp-json\/wp\/v2\/product"}],"about":[{"href":"https:\/\/stoic-curie.212-227-153-4.plesk.page\/hr\/wp-json\/wp\/v2\/types\/product"}],"replies":[{"embeddable":true,"href":"https:\/\/stoic-curie.212-227-153-4.plesk.page\/hr\/wp-json\/wp\/v2\/comments?post=745748"}],"version-history":[{"count":0,"href":"https:\/\/stoic-curie.212-227-153-4.plesk.page\/hr\/wp-json\/wp\/v2\/product\/745748\/revisions"}],"wp:featuredmedia":[{"embeddable":true,"href":"https:\/\/stoic-curie.212-227-153-4.plesk.page\/hr\/wp-json\/wp\/v2\/media\/5949082"}],"wp:attachment":[{"href":"https:\/\/stoic-curie.212-227-153-4.plesk.page\/hr\/wp-json\/wp\/v2\/media?parent=745748"}],"wp:term":[{"taxonomy":"product_brand","embeddable":true,"href":"https:\/\/stoic-curie.212-227-153-4.plesk.page\/hr\/wp-json\/wp\/v2\/product_brand?post=745748"},{"taxonomy":"product_cat","embeddable":true,"href":"https:\/\/stoic-curie.212-227-153-4.plesk.page\/hr\/wp-json\/wp\/v2\/product_cat?post=745748"},{"taxonomy":"product_tag","embeddable":true,"href":"https:\/\/stoic-curie.212-227-153-4.plesk.page\/hr\/wp-json\/wp\/v2\/product_tag?post=745748"}],"curies":[{"name":"wp","href":"https:\/\/api.w.org\/{rel}","templated":true}]}}