{"id":745749,"date":"2025-03-03T20:34:22","date_gmt":"2025-03-03T19:34:22","guid":{"rendered":"https:\/\/stoic-curie.212-227-153-4.plesk.page\/producto\/palubni-pod-u-boji-tikovine-100-x-200-cm\/"},"modified":"2026-02-25T00:01:26","modified_gmt":"2026-02-25T00:01:26","slug":"palubni-pod-u-boji-tikovine-100-x-200-cm","status":"publish","type":"product","link":"https:\/\/stoic-curie.212-227-153-4.plesk.page\/hr\/product\/palubni-pod-u-boji-tikovine-100-x-200-cm\/","title":{"rendered":"Palubni pod u boji tikovine 100 x 200 cm"},"content":{"rendered":"<p>Palubni pod u boji tikovine 100 x 200 cm &#8211; <\/p>\n<p>Pokriva\u010d za palubu od EVA pjene s zatvorenim \u0107elijama koji se oblikuje i lijepi na dio koji se pokriva. Idealno za mostove, kokpite, flybridge-e, prolaze, hodnike i ulaze. \u010cini sve odr\u017eive povr\u0161ine protukliznim i obnavlja \u010damac daju\u0107i mu izgled teakove obloge. Dvostruko pjenasto materijala debljine 6 mm jam\u010di savr\u0161enu ravnote\u017eu izme\u0111u udobnosti i otpornosti, vrlo se lako \u010disti i ne upija mrlje. Za instalaciju je potrebna poliuretanska ljepila niske gusto\u0107e.<\/p>\n","protected":false},"excerpt":{"rendered":"<p>Palubni pod u boji tikovine 100 x 200 cm &#8211; Pokriva\u010d za palubu od EVA pjene s zatvorenim \u0107elijama koji<\/p>\n","protected":false},"featured_media":5949083,"comment_status":"open","ping_status":"closed","template":"","meta":[],"product_brand":[3451],"product_cat":[1629],"product_tag":[],"class_list":{"0":"post-745749","1":"product","2":"type-product","3":"status-publish","4":"has-post-thumbnail","6":"product_brand-tbs-hr","7":"product_cat-protuklizne-trake-i-podovi","9":"first","10":"instock","11":"shipping-taxable","12":"purchasable","13":"product-type-simple"},"_links":{"self":[{"href":"https:\/\/stoic-curie.212-227-153-4.plesk.page\/hr\/wp-json\/wp\/v2\/product\/745749","targetHints":{"allow":["GET"]}}],"collection":[{"href":"https:\/\/stoic-curie.212-227-153-4.plesk.page\/hr\/wp-json\/wp\/v2\/product"}],"about":[{"href":"https:\/\/stoic-curie.212-227-153-4.plesk.page\/hr\/wp-json\/wp\/v2\/types\/product"}],"replies":[{"embeddable":true,"href":"https:\/\/stoic-curie.212-227-153-4.plesk.page\/hr\/wp-json\/wp\/v2\/comments?post=745749"}],"version-history":[{"count":0,"href":"https:\/\/stoic-curie.212-227-153-4.plesk.page\/hr\/wp-json\/wp\/v2\/product\/745749\/revisions"}],"wp:featuredmedia":[{"embeddable":true,"href":"https:\/\/stoic-curie.212-227-153-4.plesk.page\/hr\/wp-json\/wp\/v2\/media\/5949083"}],"wp:attachment":[{"href":"https:\/\/stoic-curie.212-227-153-4.plesk.page\/hr\/wp-json\/wp\/v2\/media?parent=745749"}],"wp:term":[{"taxonomy":"product_brand","embeddable":true,"href":"https:\/\/stoic-curie.212-227-153-4.plesk.page\/hr\/wp-json\/wp\/v2\/product_brand?post=745749"},{"taxonomy":"product_cat","embeddable":true,"href":"https:\/\/stoic-curie.212-227-153-4.plesk.page\/hr\/wp-json\/wp\/v2\/product_cat?post=745749"},{"taxonomy":"product_tag","embeddable":true,"href":"https:\/\/stoic-curie.212-227-153-4.plesk.page\/hr\/wp-json\/wp\/v2\/product_tag?post=745749"}],"curies":[{"name":"wp","href":"https:\/\/api.w.org\/{rel}","templated":true}]}}