{"id":745803,"date":"2025-03-03T20:36:14","date_gmt":"2025-03-03T19:36:14","guid":{"rendered":"https:\/\/stoic-curie.212-227-153-4.plesk.page\/producto\/ultra-sidro-od-nehrdajuceg-celika-5-kg\/"},"modified":"2026-02-25T00:01:26","modified_gmt":"2026-02-25T00:01:26","slug":"ultra-sidro-od-nehrdajuceg-celika-5-kg","status":"publish","type":"product","link":"https:\/\/stoic-curie.212-227-153-4.plesk.page\/hr\/product\/ultra-sidro-od-nehrdajuceg-celika-5-kg\/","title":{"rendered":"Ultra Sidro 5 kg"},"content":{"rendered":"<p>Ultra Sidro 5 kg &#8211; <\/p>\n<p style=\"color: rgb(34, 34, 34); font-family: Arial, Helvetica, sans-serif; font-size: small;\"><strong>ULTRA MARINE UA5-11 &#8211; 5 kg (11 lbs) sidreni sustav od nehr\u0111aju\u0107eg \u010delika 316<\/strong><\/p>\n<p style=\"color: rgb(34, 34, 34); font-family: Arial, Helvetica, sans-serif; font-size: small;\">UA5-11 je najbolji sidreni sustav od nehr\u0111aju\u0107eg \u010delika na svijetu, poznat po izvanrednom prianjanju i snazi dr\u017eanja. Njegova pa\u017eljivo projektirana raspodjela te\u017eine osigurava optimalno pozicioniranje i savr\u0161en kut za u\u010dinkovito prodiranje. Konkavna konstrukcija osigurava \u010dvrsto dr\u017eanje u razli\u010ditim uvjetima mora i vjetra. Osim toga, inovativni dizajn stra\u017enje baze sprje\u010dava uvijanje lanca oko stabljike, omogu\u0107uju\u0107i sigurno i jednostavno vra\u0107anje sidra iz bilo kakvih zapleta.<\/p>\n<p style=\"color: rgb(34, 34, 34); font-family: Arial, Helvetica, sans-serif; font-size: small;\"><strong>Serija ULTRA sidara epitomizira najvi\u0161e standarde sidrenih tehnologija i obrtnictva. Svako sidro je pomno ru\u010dno izra\u0111eno od nehr\u0111aju\u0107eg \u010delika 316 i polirano do savr\u0161enstva, osiguravaju\u0107i neusporedivu kvalitetu.<\/strong> ULTRA sidro je dizajnirano za kompatibilnost sa svim tipovima plovila, \u010dvrsto se uklapa u valjak na pramcu. Prikladno je za jedrilice du\u017eine do 17 stopa, motornjake do 19 stopa i katamarane do 15 stopa.<\/p>\n<p style=\"color: rgb(34, 34, 34); font-family: Arial, Helvetica, sans-serif; font-size: small;\">ULTRA sidro nagla\u0161ava va\u017enost u\u010dinkovite raspodjele te\u017eine i dizajna prilikom postavljanja i podizanja va\u0161eg sidra. Ako biste preokrenuli bilo koje ULTRA sidro, ono bi automatski pre\u0161lo u svoju napada\u010dku poziciju.<\/p>\n<p style=\"color: rgb(34, 34, 34); font-family: Arial, Helvetica, sans-serif; font-size: small;\">Ova izvanredna izvedba pripisuje se inovativnim patentiranim zna\u010dajkama sidra, koje uklju\u010duju zakrivljeni, olovom ispunjen vrh za trenutnu penetraciju, \u0161uplju stabljiku za optimalnu raspodjelu te\u017eine, konkavne baze za pobolj\u0161anu snagu dr\u017eanja i velike bo\u010dne krilne plo\u010de koje sprje\u010davaju osloba\u0111anje tijekom promjene vjetra ili plime. Svako sidro tako\u0111er ima ravnu pivotnu povr\u0161inu na donjoj strani za jednostavno vra\u0107anje.<\/p>\n<p style=\"color: rgb(34, 34, 34); font-family: Arial, Helvetica, sans-serif; font-size: small;\">Serija ULTRA sidara nudi veli\u010dine od 5 kg (11 lbs) do 360 kg (800 lbs). Proizvedena od vrhunskih materijala u Europi od strane specijaliziranih in\u017eenjera, ULTRA sidro dolazi s DO\u017dIVOTNOM GARANCIJOM.<\/p>\n","protected":false},"excerpt":{"rendered":"<p>Ultra Sidro 5 kg &#8211; ULTRA MARINE UA5-11 &#8211; 5 kg (11 lbs) sidreni sustav od nehr\u0111aju\u0107eg \u010delika 316 UA5-11<\/p>\n","protected":false},"featured_media":5946951,"comment_status":"open","ping_status":"closed","template":"","meta":[],"product_brand":[3496],"product_cat":[1867],"product_tag":[],"class_list":{"0":"post-745803","1":"product","2":"type-product","3":"status-publish","4":"has-post-thumbnail","6":"product_brand-ultra-marine-hr","7":"product_cat-sidra-ultra","9":"first","10":"instock","11":"shipping-taxable","12":"purchasable","13":"product-type-simple"},"_links":{"self":[{"href":"https:\/\/stoic-curie.212-227-153-4.plesk.page\/hr\/wp-json\/wp\/v2\/product\/745803","targetHints":{"allow":["GET"]}}],"collection":[{"href":"https:\/\/stoic-curie.212-227-153-4.plesk.page\/hr\/wp-json\/wp\/v2\/product"}],"about":[{"href":"https:\/\/stoic-curie.212-227-153-4.plesk.page\/hr\/wp-json\/wp\/v2\/types\/product"}],"replies":[{"embeddable":true,"href":"https:\/\/stoic-curie.212-227-153-4.plesk.page\/hr\/wp-json\/wp\/v2\/comments?post=745803"}],"version-history":[{"count":0,"href":"https:\/\/stoic-curie.212-227-153-4.plesk.page\/hr\/wp-json\/wp\/v2\/product\/745803\/revisions"}],"wp:featuredmedia":[{"embeddable":true,"href":"https:\/\/stoic-curie.212-227-153-4.plesk.page\/hr\/wp-json\/wp\/v2\/media\/5946951"}],"wp:attachment":[{"href":"https:\/\/stoic-curie.212-227-153-4.plesk.page\/hr\/wp-json\/wp\/v2\/media?parent=745803"}],"wp:term":[{"taxonomy":"product_brand","embeddable":true,"href":"https:\/\/stoic-curie.212-227-153-4.plesk.page\/hr\/wp-json\/wp\/v2\/product_brand?post=745803"},{"taxonomy":"product_cat","embeddable":true,"href":"https:\/\/stoic-curie.212-227-153-4.plesk.page\/hr\/wp-json\/wp\/v2\/product_cat?post=745803"},{"taxonomy":"product_tag","embeddable":true,"href":"https:\/\/stoic-curie.212-227-153-4.plesk.page\/hr\/wp-json\/wp\/v2\/product_tag?post=745803"}],"curies":[{"name":"wp","href":"https:\/\/api.w.org\/{rel}","templated":true}]}}