{"id":745809,"date":"2025-03-03T20:37:32","date_gmt":"2025-03-03T19:37:32","guid":{"rendered":"https:\/\/stoic-curie.212-227-153-4.plesk.page\/producto\/musto-dynamic-pro-ii-adapt-44-platinum\/"},"modified":"2026-02-25T00:01:26","modified_gmt":"2026-02-25T00:01:26","slug":"musto-dynamic-pro-ii-adapt-44-platinum","status":"publish","type":"product","link":"https:\/\/stoic-curie.212-227-153-4.plesk.page\/hr\/product\/musto-dynamic-pro-ii-adapt-44-platinum\/","title":{"rendered":"Musto Dynamic Pro II Adapt 44 Platinum"},"content":{"rendered":"<p>Musto Dynamic Pro II Adapt 44 Platinum &#8211; <\/p>\n<p>Musto Dynamic Pro II Adapt jedrili\u010darske tenisice s brzosu\u0161e\u0107om jednomjerno prozra\u010dnoj mre\u017ei, XPL sustavom odvodnje vode kako bi se sprije\u010dila nakupljanje u cipeli, Grip Flex multidirekcijskom vanjskom potplatom za izvanredno prianjanje na vla\u017enim povr\u0161inama, Grip Deck potplat od ljepljivog gumiranog materijala za sigurno prianjanje, amortiziraju\u0107a heel cage i dinami\u010dki Gilly sustav vezivanja koji osigurava sigurno i udobno zatvaranje.<\/p>\n","protected":false},"excerpt":{"rendered":"<p>Musto Dynamic Pro II Adapt 44 Platinum &#8211; Musto Dynamic Pro II Adapt jedrili\u010darske tenisice s brzosu\u0161e\u0107om jednomjerno prozra\u010dnoj mre\u017ei,<\/p>\n","protected":false},"featured_media":5949106,"comment_status":"open","ping_status":"closed","template":"","meta":[],"product_brand":[3156],"product_cat":[1854,1860],"product_tag":[],"class_list":{"0":"post-745809","1":"product","2":"type-product","3":"status-publish","4":"has-post-thumbnail","6":"product_brand-musto-hr","7":"product_cat-jedrilicarska-odjeca-musto","8":"product_cat-nauticke-cipele","10":"first","11":"instock","12":"shipping-taxable","13":"purchasable","14":"product-type-simple"},"_links":{"self":[{"href":"https:\/\/stoic-curie.212-227-153-4.plesk.page\/hr\/wp-json\/wp\/v2\/product\/745809","targetHints":{"allow":["GET"]}}],"collection":[{"href":"https:\/\/stoic-curie.212-227-153-4.plesk.page\/hr\/wp-json\/wp\/v2\/product"}],"about":[{"href":"https:\/\/stoic-curie.212-227-153-4.plesk.page\/hr\/wp-json\/wp\/v2\/types\/product"}],"replies":[{"embeddable":true,"href":"https:\/\/stoic-curie.212-227-153-4.plesk.page\/hr\/wp-json\/wp\/v2\/comments?post=745809"}],"version-history":[{"count":0,"href":"https:\/\/stoic-curie.212-227-153-4.plesk.page\/hr\/wp-json\/wp\/v2\/product\/745809\/revisions"}],"wp:featuredmedia":[{"embeddable":true,"href":"https:\/\/stoic-curie.212-227-153-4.plesk.page\/hr\/wp-json\/wp\/v2\/media\/5949106"}],"wp:attachment":[{"href":"https:\/\/stoic-curie.212-227-153-4.plesk.page\/hr\/wp-json\/wp\/v2\/media?parent=745809"}],"wp:term":[{"taxonomy":"product_brand","embeddable":true,"href":"https:\/\/stoic-curie.212-227-153-4.plesk.page\/hr\/wp-json\/wp\/v2\/product_brand?post=745809"},{"taxonomy":"product_cat","embeddable":true,"href":"https:\/\/stoic-curie.212-227-153-4.plesk.page\/hr\/wp-json\/wp\/v2\/product_cat?post=745809"},{"taxonomy":"product_tag","embeddable":true,"href":"https:\/\/stoic-curie.212-227-153-4.plesk.page\/hr\/wp-json\/wp\/v2\/product_tag?post=745809"}],"curies":[{"name":"wp","href":"https:\/\/api.w.org\/{rel}","templated":true}]}}