{"id":745814,"date":"2025-03-03T20:37:33","date_gmt":"2025-03-03T19:37:33","guid":{"rendered":"https:\/\/stoic-curie.212-227-153-4.plesk.page\/producto\/regulator-solarnog-punjenja-mppt-10-amp-ulaz\/"},"modified":"2026-02-25T00:01:26","modified_gmt":"2026-02-25T00:01:26","slug":"regulator-solarnog-punjenja-mppt-10-amp-ulaz","status":"publish","type":"product","link":"https:\/\/stoic-curie.212-227-153-4.plesk.page\/hr\/product\/regulator-solarnog-punjenja-mppt-10-amp-ulaz\/","title":{"rendered":"Regulator solarnog punjenja MPPT 10 amp ulaz"},"content":{"rendered":"<p>Regulator solarnog punjenja MPPT 10 amp ulaz &#8211; <\/p>\n<p>MPPT tehnologija regulatori punjenja za fotonaponske sustave koji vra\u0107a vi\u0161ak napona i pretvara ga u dodatno punjenje, postizaju\u0107i u\u010dinkovitost od 97 %. Pogodno za sve olovno-kiselinske baterije, uklju\u010duju\u0107i AGM i gel. Nije kompatibilno s litijskim i NiMH baterijama. Opremljen LED zaslonom, dvostrukim 2A USB utorom, izravnim korisni\u010dkim izlazom i za\u0161titnim krugom za izbjegavanje kratkog spoja, prenapona i obrnutog polariteta.<\/p>\n","protected":false},"excerpt":{"rendered":"<p>Regulator solarnog punjenja MPPT 10 amp ulaz &#8211; MPPT tehnologija regulatori punjenja za fotonaponske sustave koji vra\u0107a vi\u0161ak napona i<\/p>\n","protected":false},"featured_media":5949110,"comment_status":"open","ping_status":"closed","template":"","meta":[],"product_brand":[2831],"product_cat":[1749],"product_tag":[],"class_list":{"0":"post-745814","1":"product","2":"type-product","3":"status-publish","4":"has-post-thumbnail","6":"product_brand-blue-sea-systems-hr","7":"product_cat-solarni-paneli","9":"first","10":"instock","11":"shipping-taxable","12":"purchasable","13":"product-type-simple"},"_links":{"self":[{"href":"https:\/\/stoic-curie.212-227-153-4.plesk.page\/hr\/wp-json\/wp\/v2\/product\/745814","targetHints":{"allow":["GET"]}}],"collection":[{"href":"https:\/\/stoic-curie.212-227-153-4.plesk.page\/hr\/wp-json\/wp\/v2\/product"}],"about":[{"href":"https:\/\/stoic-curie.212-227-153-4.plesk.page\/hr\/wp-json\/wp\/v2\/types\/product"}],"replies":[{"embeddable":true,"href":"https:\/\/stoic-curie.212-227-153-4.plesk.page\/hr\/wp-json\/wp\/v2\/comments?post=745814"}],"version-history":[{"count":0,"href":"https:\/\/stoic-curie.212-227-153-4.plesk.page\/hr\/wp-json\/wp\/v2\/product\/745814\/revisions"}],"wp:featuredmedia":[{"embeddable":true,"href":"https:\/\/stoic-curie.212-227-153-4.plesk.page\/hr\/wp-json\/wp\/v2\/media\/5949110"}],"wp:attachment":[{"href":"https:\/\/stoic-curie.212-227-153-4.plesk.page\/hr\/wp-json\/wp\/v2\/media?parent=745814"}],"wp:term":[{"taxonomy":"product_brand","embeddable":true,"href":"https:\/\/stoic-curie.212-227-153-4.plesk.page\/hr\/wp-json\/wp\/v2\/product_brand?post=745814"},{"taxonomy":"product_cat","embeddable":true,"href":"https:\/\/stoic-curie.212-227-153-4.plesk.page\/hr\/wp-json\/wp\/v2\/product_cat?post=745814"},{"taxonomy":"product_tag","embeddable":true,"href":"https:\/\/stoic-curie.212-227-153-4.plesk.page\/hr\/wp-json\/wp\/v2\/product_tag?post=745814"}],"curies":[{"name":"wp","href":"https:\/\/api.w.org\/{rel}","templated":true}]}}