{"id":745823,"date":"2025-03-03T20:37:36","date_gmt":"2025-03-03T19:37:36","guid":{"rendered":"https:\/\/stoic-curie.212-227-153-4.plesk.page\/producto\/vitrifrigo-d20a-bijela\/"},"modified":"2026-02-25T00:01:26","modified_gmt":"2026-02-25T00:01:26","slug":"vitrifrigo-d20a-bijela","status":"publish","type":"product","link":"https:\/\/stoic-curie.212-227-153-4.plesk.page\/hr\/product\/vitrifrigo-d20a-bijela\/","title":{"rendered":"Hladnjak Vitrifrigo D20A Bijeli"},"content":{"rendered":"<p>Hladnjak Vitrifrigo D20A Bijeli &#8211; <\/p>\n<p style=\"color: rgb(34, 34, 34); font-family: Arial, Helvetica, sans-serif; font-size: small;\"><strong>Sve-u-jednom hladnjak ili zamrziva\u010d, D20A, bijeli, Vitrifrigo<\/strong><\/p>\n<p style=\"color: rgb(34, 34, 34); font-family: Arial, Helvetica, sans-serif; font-size: small;\">D20A kompaktni hladnjak s ladicom nudi moderno rje\u0161enje za va\u0161e hladne potrebe. Ova Vitrifrigo jedinica radi uz 12\/24V vanjski Danfoss sustav hla\u0111enja, koji se mo\u017ee postaviti do 1,5 metara daleko, i ima jednostavno otvaranje ladice. Uz digitalni termostat, mo\u017eete bez napora postaviti komoru da radi kao hladnjak ili zamrziva\u010d na \u017eeljenoj temperaturi.<\/p>\n<p style=\"color: rgb(34, 34, 34); font-family: Arial, Helvetica, sans-serif; font-size: small;\">S ukupnim kapacitetom od 20 litara i laganom te\u017einom od samo 15 kg, D20A je posebno dizajniran za ugradnju u uske prostore.<\/p>\n<p style=\"color: rgb(34, 34, 34); font-family: Arial, Helvetica, sans-serif; font-size: small;\">Digitalni termostat omogu\u0107uje vam promjenu postavki temperature izme\u0111u +10 i -10 stupnjeva. Osim toga, uklju\u010duje posebnu zna\u010dajku &#8216;No\u0107ni na\u010din&#8217;, koja \u0161tedi energiju i zna\u010dajno smanjuje razinu buke.<\/p>\n<p style=\"color: rgb(34, 34, 34); font-family: Arial, Helvetica, sans-serif; font-size: small;\">Daljinski sustav hla\u0111enja pobolj\u0161ava fleksibilnost i prilagodljivost ovog proizvoda. D20A je dostupan u dvije boje: bijeloj i crnoj.<\/p>\n<p style=\"color: rgb(34, 34, 34); font-family: Arial, Helvetica, sans-serif; font-size: small;\"><strong>Tehni\u010dke specifikacije:<\/strong><\/p>\n<ul style=\"color: rgb(34, 34, 34); font-family: Arial, Helvetica, sans-serif; font-size: small;\">\n<li><strong>Obrada vrata:<\/strong>&nbsp;ABS<\/li>\n<li><strong>Kapacitet:<\/strong>&nbsp;20 litara<\/li>\n<li><strong>Visina:<\/strong>&nbsp;250 mm<\/li>\n<li><strong>Duljina:<\/strong>&nbsp;440 mm<\/li>\n<li><strong>Dubina:<\/strong>&nbsp;445 mm<\/li>\n<li><strong>Te\u017eina:<\/strong>&nbsp;15 kg<\/li>\n<li><strong>Serija:<\/strong>&nbsp;Kompaktna ladica<\/li>\n<li><strong>Povratna vrata:<\/strong>&nbsp;Ne<\/li>\n<li><strong>Termostat:<\/strong>&nbsp;LED<\/li>\n<li><strong>Tehnologija hla\u0111enja:<\/strong>&nbsp;Kompressor<\/li>\n<li><strong>Hladnja\u010dka jedinica:<\/strong>&nbsp;Unutarnja<\/li>\n<li><strong>Otvaranje vrata:<\/strong>&nbsp;Otvaranje ladice<\/li>\n<li><strong>Napon:<\/strong>&nbsp;12\/24 VDC<\/li>\n<\/ul>\n","protected":false},"excerpt":{"rendered":"<p>Hladnjak Vitrifrigo D20A Bijeli &#8211; Sve-u-jednom hladnjak ili zamrziva\u010d, D20A, bijeli, Vitrifrigo D20A kompaktni hladnjak s ladicom nudi moderno rje\u0161enje<\/p>\n","protected":false},"featured_media":5949113,"comment_status":"open","ping_status":"closed","template":"","meta":[],"product_brand":[3526],"product_cat":[1751],"product_tag":[],"class_list":{"0":"post-745823","1":"product","2":"type-product","3":"status-publish","4":"has-post-thumbnail","6":"product_brand-vitrifrigo-hr","7":"product_cat-hladnjaci-i-zamrzivaci","9":"first","10":"instock","11":"shipping-taxable","12":"purchasable","13":"product-type-simple"},"_links":{"self":[{"href":"https:\/\/stoic-curie.212-227-153-4.plesk.page\/hr\/wp-json\/wp\/v2\/product\/745823","targetHints":{"allow":["GET"]}}],"collection":[{"href":"https:\/\/stoic-curie.212-227-153-4.plesk.page\/hr\/wp-json\/wp\/v2\/product"}],"about":[{"href":"https:\/\/stoic-curie.212-227-153-4.plesk.page\/hr\/wp-json\/wp\/v2\/types\/product"}],"replies":[{"embeddable":true,"href":"https:\/\/stoic-curie.212-227-153-4.plesk.page\/hr\/wp-json\/wp\/v2\/comments?post=745823"}],"version-history":[{"count":0,"href":"https:\/\/stoic-curie.212-227-153-4.plesk.page\/hr\/wp-json\/wp\/v2\/product\/745823\/revisions"}],"wp:featuredmedia":[{"embeddable":true,"href":"https:\/\/stoic-curie.212-227-153-4.plesk.page\/hr\/wp-json\/wp\/v2\/media\/5949113"}],"wp:attachment":[{"href":"https:\/\/stoic-curie.212-227-153-4.plesk.page\/hr\/wp-json\/wp\/v2\/media?parent=745823"}],"wp:term":[{"taxonomy":"product_brand","embeddable":true,"href":"https:\/\/stoic-curie.212-227-153-4.plesk.page\/hr\/wp-json\/wp\/v2\/product_brand?post=745823"},{"taxonomy":"product_cat","embeddable":true,"href":"https:\/\/stoic-curie.212-227-153-4.plesk.page\/hr\/wp-json\/wp\/v2\/product_cat?post=745823"},{"taxonomy":"product_tag","embeddable":true,"href":"https:\/\/stoic-curie.212-227-153-4.plesk.page\/hr\/wp-json\/wp\/v2\/product_tag?post=745823"}],"curies":[{"name":"wp","href":"https:\/\/api.w.org\/{rel}","templated":true}]}}