{"id":745824,"date":"2025-03-03T20:37:36","date_gmt":"2025-03-03T19:37:36","guid":{"rendered":"https:\/\/stoic-curie.212-227-153-4.plesk.page\/producto\/vitrifrigo-d20a-crni\/"},"modified":"2026-02-25T00:01:26","modified_gmt":"2026-02-25T00:01:26","slug":"vitrifrigo-d20a-crni","status":"publish","type":"product","link":"https:\/\/stoic-curie.212-227-153-4.plesk.page\/hr\/product\/vitrifrigo-d20a-crni\/","title":{"rendered":"Hladnjak Vitrifrigo D20A Crni"},"content":{"rendered":"<p>Hladnjak Vitrifrigo D20A Crni &#8211; <\/p>\n<p style=\"color: rgb(34, 34, 34); font-family: Arial, Helvetica, sans-serif; font-size: small;\"><strong>Fridge or Freezer All-in-One, D20A, Crna, Vitrifrigo<\/strong><\/p>\n<p style=\"color: rgb(34, 34, 34); font-family: Arial, Helvetica, sans-serif; font-size: small;\">D20A kompaktni hladnjak s ladicom predstavlja inovativno rje\u0161enje za va\u0161e potrebe hla\u0111enja. Ovaj Vitrifrigo hladnjak radi na vanjskoj Danfoss rashladnoj jedinici sa 12\/24V, koja mo\u017ee biti smje\u0161tena do 1,5 metara daleko, a ima i prakti\u010dno otvaranje ladice. Uz digitalnu termostatsku plo\u010du, lako mo\u017eete postaviti odjeljak da funkcionira kao hladnjak ili zamrziva\u010d na \u017eeljenoj temperaturi.<\/p>\n<p style=\"color: rgb(34, 34, 34); font-family: Arial, Helvetica, sans-serif; font-size: small;\">S ukupnim kapacitetom od 20 litara i laganom konstrukcijom od samo 15 kg, D20A je posebno dizajniran za smje\u0161taj u uske prostore.<\/p>\n<p style=\"color: rgb(34, 34, 34); font-family: Arial, Helvetica, sans-serif; font-size: small;\">Digitalni termostat omogu\u0107uje vam pode\u0161avanje temperature izme\u0111u +10 i -10 stupnjeva. Tako\u0111er uklju\u010duje jedinstvenu opciju &#8216;No\u0107ni re\u017eim&#8217;, koja poma\u017ee u \u0161tednji energije i zna\u010dajno smanjuje razinu buke.<\/p>\n<p style=\"color: rgb(34, 34, 34); font-family: Arial, Helvetica, sans-serif; font-size: small;\">Daljinska rashladna jedinica dodaje fleksibilnost i svestranost ovom proizvodu. D20A je dostupan u dvije boje: bijeloj i crnoj.<\/p>\n<p style=\"color: rgb(34, 34, 34); font-family: Arial, Helvetica, sans-serif; font-size: small;\"><strong>Specifikacije:<\/strong><\/p>\n<ul style=\"color: rgb(34, 34, 34); font-family: Arial, Helvetica, sans-serif; font-size: small;\">\n<li><strong>Zavr\u0161na obrada vrata:<\/strong>&nbsp;ABS<\/li>\n<li><strong>Kapacitet:<\/strong>&nbsp;20 litara<\/li>\n<li><strong>Visina:<\/strong>&nbsp;250 mm<\/li>\n<li><strong>Du\u017eina:<\/strong>&nbsp;440 mm<\/li>\n<li><strong>Dubina:<\/strong>&nbsp;445 mm<\/li>\n<li><strong>Te\u017eina:<\/strong>&nbsp;15 kg<\/li>\n<li><strong>Serija:<\/strong>&nbsp;Kompaktna ladica<\/li>\n<li><strong>Preklopna vrata:<\/strong>&nbsp;Ne<\/li>\n<li><strong>Termostat:<\/strong>&nbsp;LED<\/li>\n<li><strong>Tehnologija hla\u0111enja:<\/strong>&nbsp;Kompresor<\/li>\n<li><strong>Rashladna jedinica:<\/strong>&nbsp;Unutarnja<\/li>\n<li><strong>Otvaranje vrata:<\/strong>&nbsp;Otvaranje ladice<\/li>\n<li><strong>Napon:<\/strong>&nbsp;12\/24 VDC<\/li>\n<\/ul>\n","protected":false},"excerpt":{"rendered":"<p>Hladnjak Vitrifrigo D20A Crni &#8211; Fridge or Freezer All-in-One, D20A, Crna, Vitrifrigo D20A kompaktni hladnjak s ladicom predstavlja inovativno rje\u0161enje<\/p>\n","protected":false},"featured_media":5949117,"comment_status":"open","ping_status":"closed","template":"","meta":[],"product_brand":[3526],"product_cat":[1751],"product_tag":[],"class_list":{"0":"post-745824","1":"product","2":"type-product","3":"status-publish","4":"has-post-thumbnail","6":"product_brand-vitrifrigo-hr","7":"product_cat-hladnjaci-i-zamrzivaci","9":"first","10":"instock","11":"shipping-taxable","12":"purchasable","13":"product-type-simple"},"_links":{"self":[{"href":"https:\/\/stoic-curie.212-227-153-4.plesk.page\/hr\/wp-json\/wp\/v2\/product\/745824","targetHints":{"allow":["GET"]}}],"collection":[{"href":"https:\/\/stoic-curie.212-227-153-4.plesk.page\/hr\/wp-json\/wp\/v2\/product"}],"about":[{"href":"https:\/\/stoic-curie.212-227-153-4.plesk.page\/hr\/wp-json\/wp\/v2\/types\/product"}],"replies":[{"embeddable":true,"href":"https:\/\/stoic-curie.212-227-153-4.plesk.page\/hr\/wp-json\/wp\/v2\/comments?post=745824"}],"version-history":[{"count":0,"href":"https:\/\/stoic-curie.212-227-153-4.plesk.page\/hr\/wp-json\/wp\/v2\/product\/745824\/revisions"}],"wp:featuredmedia":[{"embeddable":true,"href":"https:\/\/stoic-curie.212-227-153-4.plesk.page\/hr\/wp-json\/wp\/v2\/media\/5949117"}],"wp:attachment":[{"href":"https:\/\/stoic-curie.212-227-153-4.plesk.page\/hr\/wp-json\/wp\/v2\/media?parent=745824"}],"wp:term":[{"taxonomy":"product_brand","embeddable":true,"href":"https:\/\/stoic-curie.212-227-153-4.plesk.page\/hr\/wp-json\/wp\/v2\/product_brand?post=745824"},{"taxonomy":"product_cat","embeddable":true,"href":"https:\/\/stoic-curie.212-227-153-4.plesk.page\/hr\/wp-json\/wp\/v2\/product_cat?post=745824"},{"taxonomy":"product_tag","embeddable":true,"href":"https:\/\/stoic-curie.212-227-153-4.plesk.page\/hr\/wp-json\/wp\/v2\/product_tag?post=745824"}],"curies":[{"name":"wp","href":"https:\/\/api.w.org\/{rel}","templated":true}]}}